{"id":4547,"date":"2016-12-10T18:03:10","date_gmt":"2016-12-10T17:03:10","guid":{"rendered":"http:\/\/www.marc-weiherhof.ch\/blog\/?page_id=4547"},"modified":"2026-02-08T18:27:04","modified_gmt":"2026-02-08T17:27:04","slug":"der-weihnachtswelpe","status":"publish","type":"page","link":"https:\/\/www.marc-weiherhof.ch\/blog\/der-weihnachtswelpe\/","title":{"rendered":"Der Weihnachtswelpe"},"content":{"rendered":"<div class=\"gb-container gb-container-63b7df8c\">\n<div class=\"gb-container gb-container-b3874e46\">\n<div class=\"gb-grid-wrapper gb-grid-wrapper-b3df5e35\">\n<div class=\"gb-grid-column gb-grid-column-18220b81\"><div class=\"gb-container gb-container-18220b81\">\n\n<figure class=\"wp-block-image size-large\"><img loading=\"lazy\" decoding=\"async\" width=\"1024\" height=\"575\" src=\"https:\/\/www.marc-weiherhof.ch\/blog\/wp-content\/uploads\/der-weihnachtswelpe-gay-romance-weihnachtsgeschichte-marc-weiherhof-1024x575.webp\" alt=\"Cover Der Weihnachtswelpe: Gay Romance von Marc Weiherhof\" class=\"wp-image-8125\" srcset=\"https:\/\/www.marc-weiherhof.ch\/blog\/wp-content\/uploads\/der-weihnachtswelpe-gay-romance-weihnachtsgeschichte-marc-weiherhof-1024x575.webp 1024w, https:\/\/www.marc-weiherhof.ch\/blog\/wp-content\/uploads\/der-weihnachtswelpe-gay-romance-weihnachtsgeschichte-marc-weiherhof-100x56.webp 100w, https:\/\/www.marc-weiherhof.ch\/blog\/wp-content\/uploads\/der-weihnachtswelpe-gay-romance-weihnachtsgeschichte-marc-weiherhof-300x169.webp 300w, https:\/\/www.marc-weiherhof.ch\/blog\/wp-content\/uploads\/der-weihnachtswelpe-gay-romance-weihnachtsgeschichte-marc-weiherhof-768x432.webp 768w, https:\/\/www.marc-weiherhof.ch\/blog\/wp-content\/uploads\/der-weihnachtswelpe-gay-romance-weihnachtsgeschichte-marc-weiherhof.webp 1073w\" sizes=\"auto, (max-width: 1024px) 100vw, 1024px\" \/><\/figure>\n\n<\/div><\/div>\n\n<div class=\"gb-grid-column gb-grid-column-780ed20d\"><div class=\"gb-container gb-container-780ed20d\">\n\n<h1 class=\"wp-block-heading has-text-color has-link-color wp-elements-2462a7a2caee7cfe1e11a85ed9318dda\" style=\"color:#146771\">Der Weihnachtswelpe<\/h1>\n\n\n\n<h2 class=\"wp-block-heading has-text-color has-link-color wp-elements-be0a07051f224447b277945a361ad99b\" style=\"color:#146771\">Wenn ein Herz wieder Hoffnung findet<\/h2>\n\n\n\n<p>Eine queere Weihnachtsgeschichte \u00fcber Trauer, vorsichtige Hoffnung und den Mut, sich dem Leben noch einmal zu \u00f6ffnen.<\/p>\n\n\n\n<a class=\"gb-button gb-button-f4a1f8bd gb-button-text\" href=\"https:\/\/www.amazon.de\/dp\/B01NBD0CN3\">Jetzt bei Amazon lesen<\/a>\n\n<\/div><\/div>\n<\/div>\n<\/div>\n<\/div>\n\n<div class=\"gb-container gb-container-e658bb92\">\n<div class=\"gb-container gb-container-3d39361a\">\n\n<h2 class=\"wp-block-heading\">Erh\u00e4ltlich bei diesen Buchhandlungen<\/h2>\n\n\n\n<p>Du kannst <em>Der Weihnachtswelpe<\/em> als E Book bei folgenden und vielen weiteren Buchhandlungen kaufen. \u00dcberall, wo du deine Lieblingsb\u00fccher entdeckst.<\/p>\n\n<\/div>\n\n<div class=\"gb-container gb-container-ab17126a\">\n<div class=\"gb-grid-wrapper gb-grid-wrapper-1732ecab\">\n<div class=\"gb-grid-column gb-grid-column-61b63848\"><div class=\"gb-container gb-container-61b63848\"><div class=\"gb-inside-container\">\n<div class=\"wp-block-image\">\n<figure class=\"aligncenter size-full\"><a href=\"https:\/\/www.amazon.de\/Dreh-mich-Baby-Gay-Romance-ebook\/dp\/B0GCLG36TB\"><img loading=\"lazy\" decoding=\"async\" width=\"250\" height=\"250\" src=\"https:\/\/www.marc-weiherhof.ch\/blog\/wp-content\/uploads\/amazon-logo.png\" alt=\"\" class=\"wp-image-7262\" srcset=\"https:\/\/www.marc-weiherhof.ch\/blog\/wp-content\/uploads\/amazon-logo.png 250w, https:\/\/www.marc-weiherhof.ch\/blog\/wp-content\/uploads\/amazon-logo-100x100.png 100w, https:\/\/www.marc-weiherhof.ch\/blog\/wp-content\/uploads\/amazon-logo-150x150.png 150w, https:\/\/www.marc-weiherhof.ch\/blog\/wp-content\/uploads\/amazon-logo-120x120.png 120w\" sizes=\"auto, (max-width: 250px) 100vw, 250px\" \/><\/a><\/figure>\n<\/div>\n<\/div><\/div><\/div>\n\n<div class=\"gb-grid-column gb-grid-column-67049665\"><div class=\"gb-container gb-container-67049665\"><div class=\"gb-inside-container\">\n<div class=\"wp-block-image\">\n<figure class=\"aligncenter size-full\"><a href=\"https:\/\/www.thalia.de\/shop\/home\/artikeldetails\/A1077665457\"><img loading=\"lazy\" decoding=\"async\" width=\"250\" height=\"250\" src=\"https:\/\/www.marc-weiherhof.ch\/blog\/wp-content\/uploads\/thalia.de_.png\" alt=\"\" class=\"wp-image-7422\" srcset=\"https:\/\/www.marc-weiherhof.ch\/blog\/wp-content\/uploads\/thalia.de_.png 250w, https:\/\/www.marc-weiherhof.ch\/blog\/wp-content\/uploads\/thalia.de_-100x100.png 100w, https:\/\/www.marc-weiherhof.ch\/blog\/wp-content\/uploads\/thalia.de_-150x150.png 150w, https:\/\/www.marc-weiherhof.ch\/blog\/wp-content\/uploads\/thalia.de_-120x120.png 120w\" sizes=\"auto, (max-width: 250px) 100vw, 250px\" \/><\/a><\/figure>\n<\/div>\n<\/div><\/div><\/div>\n\n<div class=\"gb-grid-column gb-grid-column-09cdc50d\"><div class=\"gb-container gb-container-09cdc50d\"><div class=\"gb-inside-container\">\n<div class=\"wp-block-image\">\n<figure class=\"aligncenter size-full\"><a href=\"https:\/\/www.thalia.at\/shop\/home\/artikeldetails\/A1077665457\"><img loading=\"lazy\" decoding=\"async\" width=\"250\" height=\"250\" src=\"https:\/\/www.marc-weiherhof.ch\/blog\/wp-content\/uploads\/Thalia.at_.png\" alt=\"\" class=\"wp-image-7424\" srcset=\"https:\/\/www.marc-weiherhof.ch\/blog\/wp-content\/uploads\/Thalia.at_.png 250w, https:\/\/www.marc-weiherhof.ch\/blog\/wp-content\/uploads\/Thalia.at_-100x100.png 100w, https:\/\/www.marc-weiherhof.ch\/blog\/wp-content\/uploads\/Thalia.at_-150x150.png 150w, https:\/\/www.marc-weiherhof.ch\/blog\/wp-content\/uploads\/Thalia.at_-120x120.png 120w\" sizes=\"auto, (max-width: 250px) 100vw, 250px\" \/><\/a><\/figure>\n<\/div>\n<\/div><\/div><\/div>\n\n<div class=\"gb-grid-column gb-grid-column-422b2834\"><div class=\"gb-container gb-container-422b2834\"><div class=\"gb-inside-container\">\n<div class=\"wp-block-image\">\n<figure class=\"aligncenter size-full\"><a href=\"https:\/\/www.orellfuessli.ch\/shop\/home\/artikeldetails\/A1077665457\"><img loading=\"lazy\" decoding=\"async\" width=\"250\" height=\"250\" src=\"https:\/\/www.marc-weiherhof.ch\/blog\/wp-content\/uploads\/orell-logo.png\" alt=\"\" class=\"wp-image-7266\" style=\"object-fit:cover\" srcset=\"https:\/\/www.marc-weiherhof.ch\/blog\/wp-content\/uploads\/orell-logo.png 250w, https:\/\/www.marc-weiherhof.ch\/blog\/wp-content\/uploads\/orell-logo-100x100.png 100w, https:\/\/www.marc-weiherhof.ch\/blog\/wp-content\/uploads\/orell-logo-150x150.png 150w, https:\/\/www.marc-weiherhof.ch\/blog\/wp-content\/uploads\/orell-logo-120x120.png 120w\" sizes=\"auto, (max-width: 250px) 100vw, 250px\" \/><\/a><\/figure>\n<\/div>\n<\/div><\/div><\/div>\n<\/div>\n<\/div>\n<\/div>\n\n<div class=\"gb-container gb-container-585978b0\">\n<div class=\"gb-container gb-container-224d69cf\">\n\n<h2 class=\"wp-block-heading\">Worum geht es in dieser Gay Romance?<\/h2>\n\n\n\n<p>Nach dem Verlust seines Partners hat Maximilian aufgeh\u00f6rt zu f\u00fchlen. Er funktioniert, arbeitet, schweigt und meidet alles, was ihn an das erinnert, was er verloren hat. Besonders zur Weihnachtszeit zieht er sich zur\u00fcck, unf\u00e4hig, N\u00e4he zuzulassen.<\/p>\n\n\n\n<p>Als Alex, ein einf\u00fchlsamer Arbeitskollege, und ein kleiner Hund unerwartet Teil seines Alltags werden, beginnt sich etwas zu ver\u00e4ndern. Langsam, vorsichtig und gegen Maximilians eigenen Widerstand kehrt W\u00e4rme in sein Leben zur\u00fcck.<\/p>\n\n\n\n<p>Die Geschichte erz\u00e4hlt von Trauer und Heilung, von Vertrauen, das neu wachsen muss, und von der leisen Hoffnung, dass Liebe auch nach tiefem Verlust wieder m\u00f6glich sein kann.<\/p>\n\n<\/div>\n<\/div>\n\n<div class=\"gb-container gb-container-a060e396\">\n<div class=\"gb-container gb-container-7d3376db\">\n\n<h2 class=\"wp-block-heading\">F\u00fcr wen ist <em>Der Weihnachtswelpe<\/em> geeignet?<\/h2>\n\n\n\n<ul class=\"wp-block-list\">\n<li>Leserinnen und Leser von Gay Romance und MM Romance<\/li>\n\n\n\n<li>Menschen, die emotionale Liebesgeschichten mit Tiefe suchen<\/li>\n\n\n\n<li>Fans von Healing Romance und sensiblen Figuren<\/li>\n\n\n\n<li>Leserinnen und Leser, die Weihnachtsgeschichten mit Herz m\u00f6gen<\/li>\n\n\n\n<li>Alle, die queere Romane \u00fcber Verlust, N\u00e4he und Neubeginn lieben<\/li>\n<\/ul>\n\n<\/div>\n<\/div>\n\n<div class=\"gb-container gb-container-94e9d46c\">\n<div class=\"gb-container gb-container-69eda6fb\">\n\n<blockquote class=\"wp-block-quote is-layout-flow wp-block-quote-is-layout-flow\">\n<p class=\"has-text-align-center\"><strong><em><strong>\u00ab<\/strong><\/em>Obwohl es \u201enur\u201c eine Kurzgeschichte ist, hat es der Autor geschafft, einen zu Tr\u00e4nen zu r\u00fchren.<em><strong>\u00bb<\/strong><\/em><\/strong><\/p>\n\n\n\n<p class=\"has-text-align-center\">Amazon-Rezension von Yuura<\/p>\n<\/blockquote>\n\n<\/div>\n<\/div>\n\n<div class=\"gb-container gb-container-97a03888\">\n\n<h2 class=\"wp-block-heading\">Genres und Tropes<\/h2>\n\n\n\n<ul class=\"wp-block-list\">\n<li><a href=\"https:\/\/www.marc-weiherhof.ch\/blog\/buecher\/gay-romance\/\" type=\"page\" id=\"7385\">Gay Romance<\/a><\/li>\n\n\n\n<li>MM Romance<\/li>\n\n\n\n<li>Healing Love<\/li>\n\n\n\n<li>Broken Hero<\/li>\n\n\n\n<li>Found Family<\/li>\n\n\n\n<li>Holiday Romance<\/li>\n\n\n\n<li>Pet Matchmaking<\/li>\n<\/ul>\n\n<\/div>\n\n<div class=\"gb-container gb-container-5f2c76eb\">\n<div class=\"gb-container gb-container-6419cad1\">\n\n<h2 class=\"wp-block-heading\">Neugierig geworden?<\/h2>\n\n\n\n<a class=\"gb-button gb-button-a60fc07b gb-button-text\" href=\"https:\/\/www.amazon.de\/dp\/B01NBD0CN3\">Jetzt bei Amazon lesen<\/a>\n\n<\/div>\n<\/div>\n\n\n<p><\/p>\n","protected":false},"excerpt":{"rendered":"<p>Erh\u00e4ltlich bei diesen Buchhandlungen Du kannst Der Weihnachtswelpe als E Book bei folgenden und vielen weiteren Buchhandlungen kaufen. \u00dcberall, wo du deine Lieblingsb\u00fccher entdeckst. Worum geht es in dieser Gay Romance? Nach dem Verlust seines Partners hat Maximilian aufgeh\u00f6rt zu f\u00fchlen. Er funktioniert, arbeitet, schweigt und meidet alles, was ihn &#8230; <\/p>\n<p class=\"read-more-container\"><a title=\"Der Weihnachtswelpe\" class=\"read-more button\" href=\"https:\/\/www.marc-weiherhof.ch\/blog\/der-weihnachtswelpe\/#more-4547\" aria-label=\"Mehr Informationen \u00fcber Der Weihnachtswelpe\">Jetzt weiterlesen<\/a><\/p>\n","protected":false},"author":3,"featured_media":0,"parent":0,"menu_order":0,"comment_status":"closed","ping_status":"closed","template":"","meta":{"footnotes":""},"class_list":{"0":"post-4547","1":"page","2":"type-page","3":"status-publish","5":"infinite-scroll-item"},"yoast_head":"<!-- This site is optimized with the Yoast SEO plugin v27.5 - https:\/\/yoast.com\/product\/yoast-seo-wordpress\/ -->\n<title>Wenn ein Herz wieder Hoffnung findet | Der Weihnachtswelpe<\/title>\n<meta name=\"description\" content=\"Ber\u00fchrende Gay Romance \u00fcber Verlust, Heilung und neue Liebe. Eine queere Weihnachtsgeschichte \u00fcber Hoffnung und Neubeginn.\" \/>\n<meta name=\"robots\" content=\"index, follow, max-snippet:-1, max-image-preview:large, max-video-preview:-1\" \/>\n<link rel=\"canonical\" href=\"https:\/\/www.marc-weiherhof.ch\/blog\/der-weihnachtswelpe\/\" \/>\n<meta property=\"og:locale\" content=\"de_DE\" \/>\n<meta property=\"og:type\" content=\"article\" \/>\n<meta property=\"og:title\" content=\"Wenn ein Herz wieder Hoffnung findet | Der Weihnachtswelpe\" \/>\n<meta property=\"og:description\" content=\"Ber\u00fchrende Gay Romance \u00fcber Verlust, Heilung und neue Liebe. Eine queere Weihnachtsgeschichte \u00fcber Hoffnung und Neubeginn.\" \/>\n<meta property=\"og:url\" content=\"https:\/\/www.marc-weiherhof.ch\/blog\/der-weihnachtswelpe\/\" \/>\n<meta property=\"og:site_name\" content=\"Marc Weiherhof Autor\" \/>\n<meta property=\"article:publisher\" content=\"http:\/\/www.facebook.com\/marc.weiherhof\" \/>\n<meta property=\"article:modified_time\" content=\"2026-02-08T17:27:04+00:00\" \/>\n<meta property=\"og:image\" content=\"https:\/\/www.marc-weiherhof.ch\/blog\/wp-content\/uploads\/cover-weihnachtswelpe-400.jpg\" \/>\n\t<meta property=\"og:image:width\" content=\"282\" \/>\n\t<meta property=\"og:image:height\" content=\"400\" \/>\n\t<meta property=\"og:image:type\" content=\"image\/jpeg\" \/>\n<meta name=\"twitter:label1\" content=\"Gesch\u00e4tzte Lesezeit\" \/>\n\t<meta name=\"twitter:data1\" content=\"3\u00a0Minuten\" \/>\n<script type=\"application\/ld+json\" class=\"yoast-schema-graph\">{\"@context\":\"https:\\\/\\\/schema.org\",\"@graph\":[{\"@type\":\"WebPage\",\"@id\":\"https:\\\/\\\/www.marc-weiherhof.ch\\\/blog\\\/der-weihnachtswelpe\\\/\",\"url\":\"https:\\\/\\\/www.marc-weiherhof.ch\\\/blog\\\/der-weihnachtswelpe\\\/\",\"name\":\"Wenn ein Herz wieder Hoffnung findet | Der Weihnachtswelpe\",\"isPartOf\":{\"@id\":\"https:\\\/\\\/www.marc-weiherhof.ch\\\/blog\\\/#website\"},\"primaryImageOfPage\":{\"@id\":\"https:\\\/\\\/www.marc-weiherhof.ch\\\/blog\\\/der-weihnachtswelpe\\\/#primaryimage\"},\"image\":{\"@id\":\"https:\\\/\\\/www.marc-weiherhof.ch\\\/blog\\\/der-weihnachtswelpe\\\/#primaryimage\"},\"thumbnailUrl\":\"https:\\\/\\\/www.marc-weiherhof.ch\\\/blog\\\/wp-content\\\/uploads\\\/der-weihnachtswelpe-gay-romance-weihnachtsgeschichte-marc-weiherhof-1024x575.webp\",\"datePublished\":\"2016-12-10T17:03:10+00:00\",\"dateModified\":\"2026-02-08T17:27:04+00:00\",\"description\":\"Ber\u00fchrende Gay Romance \u00fcber Verlust, Heilung und neue Liebe. Eine queere Weihnachtsgeschichte \u00fcber Hoffnung und Neubeginn.\",\"breadcrumb\":{\"@id\":\"https:\\\/\\\/www.marc-weiherhof.ch\\\/blog\\\/der-weihnachtswelpe\\\/#breadcrumb\"},\"inLanguage\":\"de\",\"potentialAction\":[{\"@type\":\"ReadAction\",\"target\":[\"https:\\\/\\\/www.marc-weiherhof.ch\\\/blog\\\/der-weihnachtswelpe\\\/\"]}]},{\"@type\":\"ImageObject\",\"inLanguage\":\"de\",\"@id\":\"https:\\\/\\\/www.marc-weiherhof.ch\\\/blog\\\/der-weihnachtswelpe\\\/#primaryimage\",\"url\":\"https:\\\/\\\/www.marc-weiherhof.ch\\\/blog\\\/wp-content\\\/uploads\\\/der-weihnachtswelpe-gay-romance-weihnachtsgeschichte-marc-weiherhof.webp\",\"contentUrl\":\"https:\\\/\\\/www.marc-weiherhof.ch\\\/blog\\\/wp-content\\\/uploads\\\/der-weihnachtswelpe-gay-romance-weihnachtsgeschichte-marc-weiherhof.webp\",\"width\":1073,\"height\":603},{\"@type\":\"BreadcrumbList\",\"@id\":\"https:\\\/\\\/www.marc-weiherhof.ch\\\/blog\\\/der-weihnachtswelpe\\\/#breadcrumb\",\"itemListElement\":[{\"@type\":\"ListItem\",\"position\":1,\"name\":\"Marc Weiherhofs Blog\",\"item\":\"https:\\\/\\\/www.marc-weiherhof.ch\\\/blog\\\/\"},{\"@type\":\"ListItem\",\"position\":2,\"name\":\"Der Weihnachtswelpe\"}]},{\"@type\":\"WebSite\",\"@id\":\"https:\\\/\\\/www.marc-weiherhof.ch\\\/blog\\\/#website\",\"url\":\"https:\\\/\\\/www.marc-weiherhof.ch\\\/blog\\\/\",\"name\":\"Marc Weiherhof MM Romance Autor\",\"description\":\"Homo-Romane, schwule Literatur, queer, schwul, Autor, Gay-Genre, Marc Weiherhof, Homo-B\u00fccher, Gay Romance, Autor, MM Romance\",\"publisher\":{\"@id\":\"https:\\\/\\\/www.marc-weiherhof.ch\\\/blog\\\/#organization\"},\"potentialAction\":[{\"@type\":\"SearchAction\",\"target\":{\"@type\":\"EntryPoint\",\"urlTemplate\":\"https:\\\/\\\/www.marc-weiherhof.ch\\\/blog\\\/?s={search_term_string}\"},\"query-input\":{\"@type\":\"PropertyValueSpecification\",\"valueRequired\":true,\"valueName\":\"search_term_string\"}}],\"inLanguage\":\"de\"},{\"@type\":\"Organization\",\"@id\":\"https:\\\/\\\/www.marc-weiherhof.ch\\\/blog\\\/#organization\",\"name\":\"Marc Weiherhof\",\"url\":\"https:\\\/\\\/www.marc-weiherhof.ch\\\/blog\\\/\",\"logo\":{\"@type\":\"ImageObject\",\"inLanguage\":\"de\",\"@id\":\"https:\\\/\\\/www.marc-weiherhof.ch\\\/blog\\\/#\\\/schema\\\/logo\\\/image\\\/\",\"url\":\"https:\\\/\\\/www.marc-weiherhof.ch\\\/blog\\\/wp-content\\\/uploads\\\/MW-Logo-unten.svg\",\"contentUrl\":\"https:\\\/\\\/www.marc-weiherhof.ch\\\/blog\\\/wp-content\\\/uploads\\\/MW-Logo-unten.svg\",\"width\":1,\"height\":1,\"caption\":\"Marc Weiherhof\"},\"image\":{\"@id\":\"https:\\\/\\\/www.marc-weiherhof.ch\\\/blog\\\/#\\\/schema\\\/logo\\\/image\\\/\"},\"sameAs\":[\"http:\\\/\\\/www.facebook.com\\\/marc.weiherhof\",\"https:\\\/\\\/www.instagram.com\\\/marcweiherhofautor\\\/\"]}]}<\/script>\n<!-- \/ Yoast SEO plugin. -->","yoast_head_json":{"title":"Wenn ein Herz wieder Hoffnung findet | Der Weihnachtswelpe","description":"Ber\u00fchrende Gay Romance \u00fcber Verlust, Heilung und neue Liebe. Eine queere Weihnachtsgeschichte \u00fcber Hoffnung und Neubeginn.","robots":{"index":"index","follow":"follow","max-snippet":"max-snippet:-1","max-image-preview":"max-image-preview:large","max-video-preview":"max-video-preview:-1"},"canonical":"https:\/\/www.marc-weiherhof.ch\/blog\/der-weihnachtswelpe\/","og_locale":"de_DE","og_type":"article","og_title":"Wenn ein Herz wieder Hoffnung findet | Der Weihnachtswelpe","og_description":"Ber\u00fchrende Gay Romance \u00fcber Verlust, Heilung und neue Liebe. Eine queere Weihnachtsgeschichte \u00fcber Hoffnung und Neubeginn.","og_url":"https:\/\/www.marc-weiherhof.ch\/blog\/der-weihnachtswelpe\/","og_site_name":"Marc Weiherhof Autor","article_publisher":"http:\/\/www.facebook.com\/marc.weiherhof","article_modified_time":"2026-02-08T17:27:04+00:00","og_image":[{"width":282,"height":400,"url":"https:\/\/www.marc-weiherhof.ch\/blog\/wp-content\/uploads\/cover-weihnachtswelpe-400.jpg","type":"image\/jpeg"}],"twitter_misc":{"Gesch\u00e4tzte Lesezeit":"3\u00a0Minuten"},"schema":{"@context":"https:\/\/schema.org","@graph":[{"@type":"WebPage","@id":"https:\/\/www.marc-weiherhof.ch\/blog\/der-weihnachtswelpe\/","url":"https:\/\/www.marc-weiherhof.ch\/blog\/der-weihnachtswelpe\/","name":"Wenn ein Herz wieder Hoffnung findet | Der Weihnachtswelpe","isPartOf":{"@id":"https:\/\/www.marc-weiherhof.ch\/blog\/#website"},"primaryImageOfPage":{"@id":"https:\/\/www.marc-weiherhof.ch\/blog\/der-weihnachtswelpe\/#primaryimage"},"image":{"@id":"https:\/\/www.marc-weiherhof.ch\/blog\/der-weihnachtswelpe\/#primaryimage"},"thumbnailUrl":"https:\/\/www.marc-weiherhof.ch\/blog\/wp-content\/uploads\/der-weihnachtswelpe-gay-romance-weihnachtsgeschichte-marc-weiherhof-1024x575.webp","datePublished":"2016-12-10T17:03:10+00:00","dateModified":"2026-02-08T17:27:04+00:00","description":"Ber\u00fchrende Gay Romance \u00fcber Verlust, Heilung und neue Liebe. Eine queere Weihnachtsgeschichte \u00fcber Hoffnung und Neubeginn.","breadcrumb":{"@id":"https:\/\/www.marc-weiherhof.ch\/blog\/der-weihnachtswelpe\/#breadcrumb"},"inLanguage":"de","potentialAction":[{"@type":"ReadAction","target":["https:\/\/www.marc-weiherhof.ch\/blog\/der-weihnachtswelpe\/"]}]},{"@type":"ImageObject","inLanguage":"de","@id":"https:\/\/www.marc-weiherhof.ch\/blog\/der-weihnachtswelpe\/#primaryimage","url":"https:\/\/www.marc-weiherhof.ch\/blog\/wp-content\/uploads\/der-weihnachtswelpe-gay-romance-weihnachtsgeschichte-marc-weiherhof.webp","contentUrl":"https:\/\/www.marc-weiherhof.ch\/blog\/wp-content\/uploads\/der-weihnachtswelpe-gay-romance-weihnachtsgeschichte-marc-weiherhof.webp","width":1073,"height":603},{"@type":"BreadcrumbList","@id":"https:\/\/www.marc-weiherhof.ch\/blog\/der-weihnachtswelpe\/#breadcrumb","itemListElement":[{"@type":"ListItem","position":1,"name":"Marc Weiherhofs Blog","item":"https:\/\/www.marc-weiherhof.ch\/blog\/"},{"@type":"ListItem","position":2,"name":"Der Weihnachtswelpe"}]},{"@type":"WebSite","@id":"https:\/\/www.marc-weiherhof.ch\/blog\/#website","url":"https:\/\/www.marc-weiherhof.ch\/blog\/","name":"Marc Weiherhof MM Romance Autor","description":"Homo-Romane, schwule Literatur, queer, schwul, Autor, Gay-Genre, Marc Weiherhof, Homo-B\u00fccher, Gay Romance, Autor, MM Romance","publisher":{"@id":"https:\/\/www.marc-weiherhof.ch\/blog\/#organization"},"potentialAction":[{"@type":"SearchAction","target":{"@type":"EntryPoint","urlTemplate":"https:\/\/www.marc-weiherhof.ch\/blog\/?s={search_term_string}"},"query-input":{"@type":"PropertyValueSpecification","valueRequired":true,"valueName":"search_term_string"}}],"inLanguage":"de"},{"@type":"Organization","@id":"https:\/\/www.marc-weiherhof.ch\/blog\/#organization","name":"Marc Weiherhof","url":"https:\/\/www.marc-weiherhof.ch\/blog\/","logo":{"@type":"ImageObject","inLanguage":"de","@id":"https:\/\/www.marc-weiherhof.ch\/blog\/#\/schema\/logo\/image\/","url":"https:\/\/www.marc-weiherhof.ch\/blog\/wp-content\/uploads\/MW-Logo-unten.svg","contentUrl":"https:\/\/www.marc-weiherhof.ch\/blog\/wp-content\/uploads\/MW-Logo-unten.svg","width":1,"height":1,"caption":"Marc Weiherhof"},"image":{"@id":"https:\/\/www.marc-weiherhof.ch\/blog\/#\/schema\/logo\/image\/"},"sameAs":["http:\/\/www.facebook.com\/marc.weiherhof","https:\/\/www.instagram.com\/marcweiherhofautor\/"]}]}},"_links":{"self":[{"href":"https:\/\/www.marc-weiherhof.ch\/blog\/wp-json\/wp\/v2\/pages\/4547","targetHints":{"allow":["GET"]}}],"collection":[{"href":"https:\/\/www.marc-weiherhof.ch\/blog\/wp-json\/wp\/v2\/pages"}],"about":[{"href":"https:\/\/www.marc-weiherhof.ch\/blog\/wp-json\/wp\/v2\/types\/page"}],"author":[{"embeddable":true,"href":"https:\/\/www.marc-weiherhof.ch\/blog\/wp-json\/wp\/v2\/users\/3"}],"replies":[{"embeddable":true,"href":"https:\/\/www.marc-weiherhof.ch\/blog\/wp-json\/wp\/v2\/comments?post=4547"}],"version-history":[{"count":0,"href":"https:\/\/www.marc-weiherhof.ch\/blog\/wp-json\/wp\/v2\/pages\/4547\/revisions"}],"wp:attachment":[{"href":"https:\/\/www.marc-weiherhof.ch\/blog\/wp-json\/wp\/v2\/media?parent=4547"}],"curies":[{"name":"wp","href":"https:\/\/api.w.org\/{rel}","templated":true}]}}