{"id":4627,"date":"2017-03-07T20:15:55","date_gmt":"2017-03-07T19:15:55","guid":{"rendered":"http:\/\/www.marc-weiherhof.ch\/blog\/?page_id=4627"},"modified":"2026-03-31T18:39:47","modified_gmt":"2026-03-31T16:39:47","slug":"damals-im-orient-2","status":"publish","type":"page","link":"https:\/\/www.marc-weiherhof.ch\/blog\/damals-im-orient-2\/","title":{"rendered":"Damals im Orient"},"content":{"rendered":"<div class=\"gb-container gb-container-b3874e46\">\n<div class=\"gb-grid-wrapper gb-grid-wrapper-b3df5e35\">\n<div class=\"gb-grid-column gb-grid-column-18220b81\"><div class=\"gb-container gb-container-18220b81\">\n\n<figure class=\"wp-block-image size-large\"><img loading=\"lazy\" decoding=\"async\" width=\"1024\" height=\"575\" src=\"https:\/\/www.marc-weiherhof.ch\/blog\/wp-content\/uploads\/damals-im-orient-gay-romance-buch-cover-marc-weiherhof-1024x575.webp\" alt=\"Gay Romance Buchcover Damals im Orient von Marc Weiherhof.\" class=\"wp-image-8121\" srcset=\"https:\/\/www.marc-weiherhof.ch\/blog\/wp-content\/uploads\/damals-im-orient-gay-romance-buch-cover-marc-weiherhof-1024x575.webp 1024w, https:\/\/www.marc-weiherhof.ch\/blog\/wp-content\/uploads\/damals-im-orient-gay-romance-buch-cover-marc-weiherhof-100x56.webp 100w, https:\/\/www.marc-weiherhof.ch\/blog\/wp-content\/uploads\/damals-im-orient-gay-romance-buch-cover-marc-weiherhof-300x169.webp 300w, https:\/\/www.marc-weiherhof.ch\/blog\/wp-content\/uploads\/damals-im-orient-gay-romance-buch-cover-marc-weiherhof-768x432.webp 768w, https:\/\/www.marc-weiherhof.ch\/blog\/wp-content\/uploads\/damals-im-orient-gay-romance-buch-cover-marc-weiherhof.webp 1073w\" sizes=\"auto, (max-width: 1024px) 100vw, 1024px\" \/><\/figure>\n\n<\/div><\/div>\n\n<div class=\"gb-grid-column gb-grid-column-780ed20d\"><div class=\"gb-container gb-container-780ed20d\">\n\n<h1 class=\"wp-block-heading has-text-color has-link-color wp-elements-644399c9afd78f9993f5e2a265def3a5\" style=\"color:#146771\">Damals im Orient<\/h1>\n\n\n\n<h2 class=\"wp-block-heading has-text-color has-link-color wp-elements-1e92ea75da870f1cb644efa147948539\" style=\"color:#146771\">Gay Romance zwischen W\u00fcstensand und Sehnsucht<\/h2>\n\n\n\n<p>Eine Schiffsreise durch den Orient wird f\u00fcr Clemens Wagner zum Wendepunkt seines Lebens. Aus vorsichtiger Neugier entsteht N\u00e4he. Und aus N\u00e4he eine Liebe, die Mut verlangt.<\/p>\n\n\n\n<a class=\"gb-button gb-button-f4a1f8bd gb-button-text\" href=\"https:\/\/amzn.to\/4dSVG1Z\">Jetzt bei Amazon lesen<\/a>\n\n<\/div><\/div>\n<\/div>\n<\/div>\n\n<div class=\"gb-container gb-container-63b7df8c\">\n<div class=\"gb-container gb-container-e658bb92\">\n<div class=\"gb-container gb-container-3d39361a\">\n\n<h2 class=\"wp-block-heading\">Erh\u00e4ltlich bei diesen Buchhandlungen<\/h2>\n\n\n\n<p>Du kannst <em>Damals im Orient<\/em> als E Book oder Taschenbuch bei folgenden und vielen weiteren Buchhandlungen kaufen. \u00dcberall, wo du deine Lieblingsb\u00fccher entdeckst.<\/p>\n\n<\/div>\n\n<div class=\"gb-container gb-container-ab17126a\">\n<div class=\"gb-grid-wrapper gb-grid-wrapper-1732ecab\">\n<div class=\"gb-grid-column gb-grid-column-61b63848\"><div class=\"gb-container gb-container-61b63848\"><div class=\"gb-inside-container\">\n<div class=\"wp-block-image\">\n<figure class=\"aligncenter size-full\"><a href=\"https:\/\/amzn.to\/4dSVG1Z\"><img loading=\"lazy\" decoding=\"async\" width=\"250\" height=\"250\" src=\"https:\/\/www.marc-weiherhof.ch\/blog\/wp-content\/uploads\/amazon-logo.png\" alt=\"\" class=\"wp-image-7262\" srcset=\"https:\/\/www.marc-weiherhof.ch\/blog\/wp-content\/uploads\/amazon-logo.png 250w, https:\/\/www.marc-weiherhof.ch\/blog\/wp-content\/uploads\/amazon-logo-100x100.png 100w, https:\/\/www.marc-weiherhof.ch\/blog\/wp-content\/uploads\/amazon-logo-150x150.png 150w, https:\/\/www.marc-weiherhof.ch\/blog\/wp-content\/uploads\/amazon-logo-120x120.png 120w\" sizes=\"auto, (max-width: 250px) 100vw, 250px\" \/><\/a><\/figure>\n<\/div>\n<\/div><\/div><\/div>\n\n<div class=\"gb-grid-column gb-grid-column-67049665\"><div class=\"gb-container gb-container-67049665\"><div class=\"gb-inside-container\">\n<div class=\"wp-block-image\">\n<figure class=\"aligncenter size-full\"><a href=\"https:\/\/www.thalia.de\/shop\/home\/artikeldetails\/A1077880261\"><img loading=\"lazy\" decoding=\"async\" width=\"250\" height=\"250\" src=\"https:\/\/www.marc-weiherhof.ch\/blog\/wp-content\/uploads\/thalia.de_.png\" alt=\"\" class=\"wp-image-7422\" srcset=\"https:\/\/www.marc-weiherhof.ch\/blog\/wp-content\/uploads\/thalia.de_.png 250w, https:\/\/www.marc-weiherhof.ch\/blog\/wp-content\/uploads\/thalia.de_-100x100.png 100w, https:\/\/www.marc-weiherhof.ch\/blog\/wp-content\/uploads\/thalia.de_-150x150.png 150w, https:\/\/www.marc-weiherhof.ch\/blog\/wp-content\/uploads\/thalia.de_-120x120.png 120w\" sizes=\"auto, (max-width: 250px) 100vw, 250px\" \/><\/a><\/figure>\n<\/div>\n<\/div><\/div><\/div>\n\n<div class=\"gb-grid-column gb-grid-column-09cdc50d\"><div class=\"gb-container gb-container-09cdc50d\"><div class=\"gb-inside-container\">\n<div class=\"wp-block-image\">\n<figure class=\"aligncenter size-full\"><a href=\"https:\/\/www.thalia.at\/shop\/home\/artikeldetails\/A1077880261\"><img loading=\"lazy\" decoding=\"async\" width=\"250\" height=\"250\" src=\"https:\/\/www.marc-weiherhof.ch\/blog\/wp-content\/uploads\/Thalia.at_.png\" alt=\"\" class=\"wp-image-7424\" srcset=\"https:\/\/www.marc-weiherhof.ch\/blog\/wp-content\/uploads\/Thalia.at_.png 250w, https:\/\/www.marc-weiherhof.ch\/blog\/wp-content\/uploads\/Thalia.at_-100x100.png 100w, https:\/\/www.marc-weiherhof.ch\/blog\/wp-content\/uploads\/Thalia.at_-150x150.png 150w, https:\/\/www.marc-weiherhof.ch\/blog\/wp-content\/uploads\/Thalia.at_-120x120.png 120w\" sizes=\"auto, (max-width: 250px) 100vw, 250px\" \/><\/a><\/figure>\n<\/div>\n<\/div><\/div><\/div>\n\n<div class=\"gb-grid-column gb-grid-column-422b2834\"><div class=\"gb-container gb-container-422b2834\"><div class=\"gb-inside-container\">\n<div class=\"wp-block-image\">\n<figure class=\"aligncenter size-full\"><a href=\"https:\/\/www.orellfuessli.ch\/shop\/home\/artikeldetails\/A1077880261\"><img loading=\"lazy\" decoding=\"async\" width=\"250\" height=\"250\" src=\"https:\/\/www.marc-weiherhof.ch\/blog\/wp-content\/uploads\/orell-logo.png\" alt=\"\" class=\"wp-image-7266\" style=\"object-fit:cover\" srcset=\"https:\/\/www.marc-weiherhof.ch\/blog\/wp-content\/uploads\/orell-logo.png 250w, https:\/\/www.marc-weiherhof.ch\/blog\/wp-content\/uploads\/orell-logo-100x100.png 100w, https:\/\/www.marc-weiherhof.ch\/blog\/wp-content\/uploads\/orell-logo-150x150.png 150w, https:\/\/www.marc-weiherhof.ch\/blog\/wp-content\/uploads\/orell-logo-120x120.png 120w\" sizes=\"auto, (max-width: 250px) 100vw, 250px\" \/><\/a><\/figure>\n<\/div>\n<\/div><\/div><\/div>\n<\/div>\n<\/div>\n<\/div>\n<\/div>\n\n<div class=\"gb-container gb-container-585978b0\">\n<div class=\"gb-container gb-container-224d69cf\">\n\n<h2 class=\"wp-block-heading\">Worum geht es in dieser Gay Romance?<\/h2>\n\n\n\n<p><em>Damals im Orient<\/em> erz\u00e4hlt die Geschichte von Clemens Wagner, der auf einer Schiffsreise durch den Orient nicht nur fremde L\u00e4nder entdeckt, sondern auch sich selbst neu kennenlernt. Zwischen luxuri\u00f6sen St\u00e4dten, endlosen W\u00fcsten und ungewohnten Kulturen begegnet er Faris, einem Mann aus dem Oman, dessen Zur\u00fcckhaltung und innere St\u00e4rke ihn von Anfang an faszinieren.<\/p>\n\n\n\n<p>Was mit vorsichtiger Neugier beginnt, entwickelt sich langsam zu einer tiefen Verbindung. Doch Faris\u2019 Herkunft und die gesellschaftlichen Regeln seiner Welt setzen der entstehenden Liebe enge Grenzen. N\u00e4he wird zur Herausforderung, Gef\u00fchle m\u00fcssen verborgen bleiben und jede Entscheidung hat Konsequenzen.<\/p>\n\n\n\n<p><em>Damals im Orient<\/em> ist eine leise, intensive MM Romance \u00fcber Sehnsucht, kulturelle Unterschiede und den Mut, f\u00fcr das eigene Gl\u00fcck einzustehen, selbst wenn der Weg dorthin schmerzhaft ist.<\/p>\n\n<\/div>\n<\/div>\n\n<div class=\"gb-container gb-container-a060e396\">\n<div class=\"gb-container gb-container-7d3376db\">\n\n<h2 class=\"wp-block-heading\">F\u00fcr wen ist <em>Damals im Orient<\/em> geeignet?<\/h2>\n\n\n\n<ul class=\"wp-block-list\">\n<li>Leserinnen und Leser von Gay Romance und MM Romance<\/li>\n\n\n\n<li>Menschen, die emotionale Liebesgeschichten mit exotischem Setting m\u00f6gen<\/li>\n\n\n\n<li>Fans von Slow Burn Romance und Forbidden Love<\/li>\n\n\n\n<li>Leserinnen und Leser, die kulturelle Tiefe und leise Intensit\u00e4t sch\u00e4tzen<\/li>\n\n\n\n<li>Alle, die Geschichten \u00fcber Sehnsucht, Mut und innere Entwicklung lieben<\/li>\n<\/ul>\n\n<\/div>\n<\/div>\n\n<div class=\"gb-container gb-container-94e9d46c\">\n<div class=\"gb-container gb-container-69eda6fb\">\n\n<blockquote class=\"wp-block-quote is-layout-flow wp-block-quote-is-layout-flow\">\n<p class=\"has-text-align-center\"><strong><em><strong>\u00ab<\/strong><\/em>Von Humor, \u00fcber Spannung, bis hin zur Romanze ist alles vorhanden gewesen. Ein rundes und stimmiges Konzept, welches eine Geschichte erz\u00e4hlt, die mich fesselte und nach eine Weile nachgewirkt hat, was gewisse Geschehnisse betraf.<em><strong>\u00bb<\/strong><\/em><\/strong><\/p>\n\n\n\n<p class=\"has-text-align-center\">Amazon-Rezension von Rhae<\/p>\n<\/blockquote>\n\n<\/div>\n<\/div>\n\n<div class=\"gb-container gb-container-91234c4e\">\n<div class=\"gb-container gb-container-9d992b7e\">\n\n<h2 class=\"wp-block-heading\">Bleib noch einen Moment in meiner Welt<\/h2>\n\n\n\n<p>Wenn dich Sehnsucht, fremde Kulturen und verbotene Gef\u00fchle ber\u00fchren, bekommst du von mir eine zus\u00e4tzliche Geschichte voller leiser Intensit\u00e4t.<\/p>\n\n\n\n<a class=\"gb-button gb-button-9072e63c gb-button-text\" href=\"https:\/\/www.marc-weiherhof.ch\/blog\/dein-platz-in-meiner-buecherwelt\/\">Trete meiner Buchwelt bei<\/a>\n\n<\/div>\n<\/div>\n\n<div class=\"gb-container gb-container-771d40ac\">\n<div class=\"gb-container gb-container-97a03888\">\n\n<h2 class=\"wp-block-heading\">Genres und Tropes<\/h2>\n\n\n\n<ul class=\"wp-block-list\">\n<li>Gay Romance<\/li>\n\n\n\n<li><a href=\"https:\/\/www.marc-weiherhof.ch\/blog\/buecher\/mm-romance-buecher-romantische-love-stories\/\" type=\"page\" id=\"7523\">MM Romance<\/a><\/li>\n\n\n\n<li>Forbidden Love<\/li>\n\n\n\n<li>Cultural Differences<\/li>\n\n\n\n<li>Slow Burn Romance<\/li>\n\n\n\n<li>Fish out of Water<\/li>\n\n\n\n<li>Exotic Setting<\/li>\n\n\n\n<li>Emotional Journey<\/li>\n<\/ul>\n\n<\/div>\n<\/div>\n\n<div class=\"gb-container gb-container-5f2c76eb\">\n<div class=\"gb-container gb-container-6419cad1\">\n\n<h2 class=\"wp-block-heading\">Neugierig geworden?<\/h2>\n\n\n\n<a class=\"gb-button gb-button-a60fc07b gb-button-text\" href=\"https:\/\/amzn.to\/3MA4rmm\">Jetzt bei Amazon lesen<\/a>\n\n<\/div>\n<\/div>\n\n\n<p><\/p>\n","protected":false},"excerpt":{"rendered":"<p>Erh\u00e4ltlich bei diesen Buchhandlungen Du kannst Damals im Orient als E Book oder Taschenbuch bei folgenden und vielen weiteren Buchhandlungen kaufen. \u00dcberall, wo du deine Lieblingsb\u00fccher entdeckst. Worum geht es in dieser Gay Romance? Damals im Orient erz\u00e4hlt die Geschichte von Clemens Wagner, der auf einer Schiffsreise durch den Orient &#8230; <\/p>\n<p class=\"read-more-container\"><a title=\"Damals im Orient\" class=\"read-more button\" href=\"https:\/\/www.marc-weiherhof.ch\/blog\/damals-im-orient-2\/#more-4627\" aria-label=\"Mehr Informationen \u00fcber Damals im Orient\">Jetzt weiterlesen<\/a><\/p>\n","protected":false},"author":3,"featured_media":0,"parent":0,"menu_order":0,"comment_status":"closed","ping_status":"closed","template":"","meta":{"footnotes":""},"class_list":{"0":"post-4627","1":"page","2":"type-page","3":"status-publish","5":"infinite-scroll-item"},"yoast_head":"<!-- This site is optimized with the Yoast SEO plugin v27.5 - https:\/\/yoast.com\/product\/yoast-seo-wordpress\/ -->\n<title>Damals im Orient | Gay Romance mit exotischem Setting<\/title>\n<meta name=\"description\" content=\"Damals im Orient ist eine Gay Romance \u00fcber eine Liebe zwischen zwei M\u00e4nnern im Orient. Emotional, leise und voller Sehnsucht.\" \/>\n<meta name=\"robots\" content=\"index, follow, max-snippet:-1, max-image-preview:large, max-video-preview:-1\" \/>\n<link rel=\"canonical\" href=\"https:\/\/www.marc-weiherhof.ch\/blog\/damals-im-orient-2\/\" \/>\n<meta property=\"og:locale\" content=\"de_DE\" \/>\n<meta property=\"og:type\" content=\"article\" \/>\n<meta property=\"og:title\" content=\"Damals im Orient | Gay Romance mit exotischem Setting\" \/>\n<meta property=\"og:description\" content=\"Damals im Orient ist eine Gay Romance \u00fcber eine Liebe zwischen zwei M\u00e4nnern im Orient. Emotional, leise und voller Sehnsucht.\" \/>\n<meta property=\"og:url\" content=\"https:\/\/www.marc-weiherhof.ch\/blog\/damals-im-orient-2\/\" \/>\n<meta property=\"og:site_name\" content=\"Marc Weiherhof Autor\" \/>\n<meta property=\"article:publisher\" content=\"http:\/\/www.facebook.com\/marc.weiherhof\" \/>\n<meta property=\"article:modified_time\" content=\"2026-03-31T16:39:47+00:00\" \/>\n<meta property=\"og:image\" content=\"https:\/\/www.marc-weiherhof.ch\/blog\/wp-content\/uploads\/Damals-im-Orient-E-Book-Cover-scaled.jpg\" \/>\n\t<meta property=\"og:image:width\" content=\"1679\" \/>\n\t<meta property=\"og:image:height\" content=\"2560\" \/>\n\t<meta property=\"og:image:type\" content=\"image\/jpeg\" \/>\n<meta name=\"twitter:label1\" content=\"Gesch\u00e4tzte Lesezeit\" \/>\n\t<meta name=\"twitter:data1\" content=\"3\u00a0Minuten\" \/>\n<script type=\"application\/ld+json\" class=\"yoast-schema-graph\">{\"@context\":\"https:\\\/\\\/schema.org\",\"@graph\":[{\"@type\":\"WebPage\",\"@id\":\"https:\\\/\\\/www.marc-weiherhof.ch\\\/blog\\\/damals-im-orient-2\\\/\",\"url\":\"https:\\\/\\\/www.marc-weiherhof.ch\\\/blog\\\/damals-im-orient-2\\\/\",\"name\":\"Damals im Orient | Gay Romance mit exotischem Setting\",\"isPartOf\":{\"@id\":\"https:\\\/\\\/www.marc-weiherhof.ch\\\/blog\\\/#website\"},\"primaryImageOfPage\":{\"@id\":\"https:\\\/\\\/www.marc-weiherhof.ch\\\/blog\\\/damals-im-orient-2\\\/#primaryimage\"},\"image\":{\"@id\":\"https:\\\/\\\/www.marc-weiherhof.ch\\\/blog\\\/damals-im-orient-2\\\/#primaryimage\"},\"thumbnailUrl\":\"https:\\\/\\\/www.marc-weiherhof.ch\\\/blog\\\/wp-content\\\/uploads\\\/damals-im-orient-gay-romance-buch-cover-marc-weiherhof-1024x575.webp\",\"datePublished\":\"2017-03-07T19:15:55+00:00\",\"dateModified\":\"2026-03-31T16:39:47+00:00\",\"description\":\"Damals im Orient ist eine Gay Romance \u00fcber eine Liebe zwischen zwei M\u00e4nnern im Orient. Emotional, leise und voller Sehnsucht.\",\"breadcrumb\":{\"@id\":\"https:\\\/\\\/www.marc-weiherhof.ch\\\/blog\\\/damals-im-orient-2\\\/#breadcrumb\"},\"inLanguage\":\"de\",\"potentialAction\":[{\"@type\":\"ReadAction\",\"target\":[\"https:\\\/\\\/www.marc-weiherhof.ch\\\/blog\\\/damals-im-orient-2\\\/\"]}]},{\"@type\":\"ImageObject\",\"inLanguage\":\"de\",\"@id\":\"https:\\\/\\\/www.marc-weiherhof.ch\\\/blog\\\/damals-im-orient-2\\\/#primaryimage\",\"url\":\"https:\\\/\\\/www.marc-weiherhof.ch\\\/blog\\\/wp-content\\\/uploads\\\/damals-im-orient-gay-romance-buch-cover-marc-weiherhof.webp\",\"contentUrl\":\"https:\\\/\\\/www.marc-weiherhof.ch\\\/blog\\\/wp-content\\\/uploads\\\/damals-im-orient-gay-romance-buch-cover-marc-weiherhof.webp\",\"width\":1073,\"height\":603},{\"@type\":\"BreadcrumbList\",\"@id\":\"https:\\\/\\\/www.marc-weiherhof.ch\\\/blog\\\/damals-im-orient-2\\\/#breadcrumb\",\"itemListElement\":[{\"@type\":\"ListItem\",\"position\":1,\"name\":\"Marc Weiherhofs Blog\",\"item\":\"https:\\\/\\\/www.marc-weiherhof.ch\\\/blog\\\/\"},{\"@type\":\"ListItem\",\"position\":2,\"name\":\"Damals im Orient\"}]},{\"@type\":\"WebSite\",\"@id\":\"https:\\\/\\\/www.marc-weiherhof.ch\\\/blog\\\/#website\",\"url\":\"https:\\\/\\\/www.marc-weiherhof.ch\\\/blog\\\/\",\"name\":\"Marc Weiherhof MM Romance Autor\",\"description\":\"Homo-Romane, schwule Literatur, queer, schwul, Autor, Gay-Genre, Marc Weiherhof, Homo-B\u00fccher, Gay Romance, Autor, MM Romance\",\"publisher\":{\"@id\":\"https:\\\/\\\/www.marc-weiherhof.ch\\\/blog\\\/#organization\"},\"potentialAction\":[{\"@type\":\"SearchAction\",\"target\":{\"@type\":\"EntryPoint\",\"urlTemplate\":\"https:\\\/\\\/www.marc-weiherhof.ch\\\/blog\\\/?s={search_term_string}\"},\"query-input\":{\"@type\":\"PropertyValueSpecification\",\"valueRequired\":true,\"valueName\":\"search_term_string\"}}],\"inLanguage\":\"de\"},{\"@type\":\"Organization\",\"@id\":\"https:\\\/\\\/www.marc-weiherhof.ch\\\/blog\\\/#organization\",\"name\":\"Marc Weiherhof\",\"url\":\"https:\\\/\\\/www.marc-weiherhof.ch\\\/blog\\\/\",\"logo\":{\"@type\":\"ImageObject\",\"inLanguage\":\"de\",\"@id\":\"https:\\\/\\\/www.marc-weiherhof.ch\\\/blog\\\/#\\\/schema\\\/logo\\\/image\\\/\",\"url\":\"https:\\\/\\\/www.marc-weiherhof.ch\\\/blog\\\/wp-content\\\/uploads\\\/MW-Logo-unten.svg\",\"contentUrl\":\"https:\\\/\\\/www.marc-weiherhof.ch\\\/blog\\\/wp-content\\\/uploads\\\/MW-Logo-unten.svg\",\"width\":1,\"height\":1,\"caption\":\"Marc Weiherhof\"},\"image\":{\"@id\":\"https:\\\/\\\/www.marc-weiherhof.ch\\\/blog\\\/#\\\/schema\\\/logo\\\/image\\\/\"},\"sameAs\":[\"http:\\\/\\\/www.facebook.com\\\/marc.weiherhof\",\"https:\\\/\\\/www.instagram.com\\\/marcweiherhofautor\\\/\"]}]}<\/script>\n<!-- \/ Yoast SEO plugin. -->","yoast_head_json":{"title":"Damals im Orient | Gay Romance mit exotischem Setting","description":"Damals im Orient ist eine Gay Romance \u00fcber eine Liebe zwischen zwei M\u00e4nnern im Orient. Emotional, leise und voller Sehnsucht.","robots":{"index":"index","follow":"follow","max-snippet":"max-snippet:-1","max-image-preview":"max-image-preview:large","max-video-preview":"max-video-preview:-1"},"canonical":"https:\/\/www.marc-weiherhof.ch\/blog\/damals-im-orient-2\/","og_locale":"de_DE","og_type":"article","og_title":"Damals im Orient | Gay Romance mit exotischem Setting","og_description":"Damals im Orient ist eine Gay Romance \u00fcber eine Liebe zwischen zwei M\u00e4nnern im Orient. Emotional, leise und voller Sehnsucht.","og_url":"https:\/\/www.marc-weiherhof.ch\/blog\/damals-im-orient-2\/","og_site_name":"Marc Weiherhof Autor","article_publisher":"http:\/\/www.facebook.com\/marc.weiherhof","article_modified_time":"2026-03-31T16:39:47+00:00","og_image":[{"width":1679,"height":2560,"url":"https:\/\/www.marc-weiherhof.ch\/blog\/wp-content\/uploads\/Damals-im-Orient-E-Book-Cover-scaled.jpg","type":"image\/jpeg"}],"twitter_misc":{"Gesch\u00e4tzte Lesezeit":"3\u00a0Minuten"},"schema":{"@context":"https:\/\/schema.org","@graph":[{"@type":"WebPage","@id":"https:\/\/www.marc-weiherhof.ch\/blog\/damals-im-orient-2\/","url":"https:\/\/www.marc-weiherhof.ch\/blog\/damals-im-orient-2\/","name":"Damals im Orient | Gay Romance mit exotischem Setting","isPartOf":{"@id":"https:\/\/www.marc-weiherhof.ch\/blog\/#website"},"primaryImageOfPage":{"@id":"https:\/\/www.marc-weiherhof.ch\/blog\/damals-im-orient-2\/#primaryimage"},"image":{"@id":"https:\/\/www.marc-weiherhof.ch\/blog\/damals-im-orient-2\/#primaryimage"},"thumbnailUrl":"https:\/\/www.marc-weiherhof.ch\/blog\/wp-content\/uploads\/damals-im-orient-gay-romance-buch-cover-marc-weiherhof-1024x575.webp","datePublished":"2017-03-07T19:15:55+00:00","dateModified":"2026-03-31T16:39:47+00:00","description":"Damals im Orient ist eine Gay Romance \u00fcber eine Liebe zwischen zwei M\u00e4nnern im Orient. Emotional, leise und voller Sehnsucht.","breadcrumb":{"@id":"https:\/\/www.marc-weiherhof.ch\/blog\/damals-im-orient-2\/#breadcrumb"},"inLanguage":"de","potentialAction":[{"@type":"ReadAction","target":["https:\/\/www.marc-weiherhof.ch\/blog\/damals-im-orient-2\/"]}]},{"@type":"ImageObject","inLanguage":"de","@id":"https:\/\/www.marc-weiherhof.ch\/blog\/damals-im-orient-2\/#primaryimage","url":"https:\/\/www.marc-weiherhof.ch\/blog\/wp-content\/uploads\/damals-im-orient-gay-romance-buch-cover-marc-weiherhof.webp","contentUrl":"https:\/\/www.marc-weiherhof.ch\/blog\/wp-content\/uploads\/damals-im-orient-gay-romance-buch-cover-marc-weiherhof.webp","width":1073,"height":603},{"@type":"BreadcrumbList","@id":"https:\/\/www.marc-weiherhof.ch\/blog\/damals-im-orient-2\/#breadcrumb","itemListElement":[{"@type":"ListItem","position":1,"name":"Marc Weiherhofs Blog","item":"https:\/\/www.marc-weiherhof.ch\/blog\/"},{"@type":"ListItem","position":2,"name":"Damals im Orient"}]},{"@type":"WebSite","@id":"https:\/\/www.marc-weiherhof.ch\/blog\/#website","url":"https:\/\/www.marc-weiherhof.ch\/blog\/","name":"Marc Weiherhof MM Romance Autor","description":"Homo-Romane, schwule Literatur, queer, schwul, Autor, Gay-Genre, Marc Weiherhof, Homo-B\u00fccher, Gay Romance, Autor, MM Romance","publisher":{"@id":"https:\/\/www.marc-weiherhof.ch\/blog\/#organization"},"potentialAction":[{"@type":"SearchAction","target":{"@type":"EntryPoint","urlTemplate":"https:\/\/www.marc-weiherhof.ch\/blog\/?s={search_term_string}"},"query-input":{"@type":"PropertyValueSpecification","valueRequired":true,"valueName":"search_term_string"}}],"inLanguage":"de"},{"@type":"Organization","@id":"https:\/\/www.marc-weiherhof.ch\/blog\/#organization","name":"Marc Weiherhof","url":"https:\/\/www.marc-weiherhof.ch\/blog\/","logo":{"@type":"ImageObject","inLanguage":"de","@id":"https:\/\/www.marc-weiherhof.ch\/blog\/#\/schema\/logo\/image\/","url":"https:\/\/www.marc-weiherhof.ch\/blog\/wp-content\/uploads\/MW-Logo-unten.svg","contentUrl":"https:\/\/www.marc-weiherhof.ch\/blog\/wp-content\/uploads\/MW-Logo-unten.svg","width":1,"height":1,"caption":"Marc Weiherhof"},"image":{"@id":"https:\/\/www.marc-weiherhof.ch\/blog\/#\/schema\/logo\/image\/"},"sameAs":["http:\/\/www.facebook.com\/marc.weiherhof","https:\/\/www.instagram.com\/marcweiherhofautor\/"]}]}},"_links":{"self":[{"href":"https:\/\/www.marc-weiherhof.ch\/blog\/wp-json\/wp\/v2\/pages\/4627","targetHints":{"allow":["GET"]}}],"collection":[{"href":"https:\/\/www.marc-weiherhof.ch\/blog\/wp-json\/wp\/v2\/pages"}],"about":[{"href":"https:\/\/www.marc-weiherhof.ch\/blog\/wp-json\/wp\/v2\/types\/page"}],"author":[{"embeddable":true,"href":"https:\/\/www.marc-weiherhof.ch\/blog\/wp-json\/wp\/v2\/users\/3"}],"replies":[{"embeddable":true,"href":"https:\/\/www.marc-weiherhof.ch\/blog\/wp-json\/wp\/v2\/comments?post=4627"}],"version-history":[{"count":2,"href":"https:\/\/www.marc-weiherhof.ch\/blog\/wp-json\/wp\/v2\/pages\/4627\/revisions"}],"predecessor-version":[{"id":8983,"href":"https:\/\/www.marc-weiherhof.ch\/blog\/wp-json\/wp\/v2\/pages\/4627\/revisions\/8983"}],"wp:attachment":[{"href":"https:\/\/www.marc-weiherhof.ch\/blog\/wp-json\/wp\/v2\/media?parent=4627"}],"curies":[{"name":"wp","href":"https:\/\/api.w.org\/{rel}","templated":true}]}}