{"id":4983,"date":"2017-05-13T21:56:55","date_gmt":"2017-05-13T19:56:55","guid":{"rendered":"http:\/\/www.marc-weiherhof.ch\/blog\/?page_id=4983"},"modified":"2026-03-31T16:38:58","modified_gmt":"2026-03-31T14:38:58","slug":"japanisch-fuer-anfaenger","status":"publish","type":"page","link":"https:\/\/www.marc-weiherhof.ch\/blog\/japanisch-fuer-anfaenger\/","title":{"rendered":"Japanisch f\u00fcr Anf\u00e4nger"},"content":{"rendered":"<div class=\"gb-container gb-container-63b7df8c\">\n<div class=\"gb-container gb-container-b3874e46\">\n<div class=\"gb-grid-wrapper gb-grid-wrapper-b3df5e35\">\n<div class=\"gb-grid-column gb-grid-column-18220b81\"><div class=\"gb-container gb-container-18220b81\">\n\n<figure class=\"wp-block-image size-large\"><img loading=\"lazy\" decoding=\"async\" width=\"1024\" height=\"575\" src=\"https:\/\/www.marc-weiherhof.ch\/blog\/wp-content\/uploads\/japanisch-fuer-anfaenger-gay-romance-buch-marc-weiherhof-1024x575.webp\" alt=\"Japanisch f\u00fcr Anf\u00e4nger Buchcover von Marc Weiherhof: Gay Romance.\" class=\"wp-image-8129\" srcset=\"https:\/\/www.marc-weiherhof.ch\/blog\/wp-content\/uploads\/japanisch-fuer-anfaenger-gay-romance-buch-marc-weiherhof-1024x575.webp 1024w, https:\/\/www.marc-weiherhof.ch\/blog\/wp-content\/uploads\/japanisch-fuer-anfaenger-gay-romance-buch-marc-weiherhof-100x56.webp 100w, https:\/\/www.marc-weiherhof.ch\/blog\/wp-content\/uploads\/japanisch-fuer-anfaenger-gay-romance-buch-marc-weiherhof-300x169.webp 300w, https:\/\/www.marc-weiherhof.ch\/blog\/wp-content\/uploads\/japanisch-fuer-anfaenger-gay-romance-buch-marc-weiherhof-768x432.webp 768w, https:\/\/www.marc-weiherhof.ch\/blog\/wp-content\/uploads\/japanisch-fuer-anfaenger-gay-romance-buch-marc-weiherhof.webp 1073w\" sizes=\"auto, (max-width: 1024px) 100vw, 1024px\" \/><\/figure>\n\n<\/div><\/div>\n\n<div class=\"gb-grid-column gb-grid-column-780ed20d\"><div class=\"gb-container gb-container-780ed20d\">\n\n<h1 class=\"wp-block-heading has-text-color has-link-color wp-elements-607fdcb5e8457a42e309aff7134222e2\" style=\"color:#146771\">Japanisch f\u00fcr Anf\u00e4nger<\/h1>\n\n\n\n<h2 class=\"wp-block-heading has-text-color has-link-color wp-elements-02471d289b05e0595e97d7db7c77f057\" style=\"color:#146771\">Humoristische Gay Romanze mit Gef\u00fchl und Leidenschaft<\/h2>\n\n\n\n<p>Eine freche, emotionale und \u00fcberraschend tiefgehende Gay Romance \u00fcber N\u00e4he, Missverst\u00e4ndnisse und das Gef\u00fchl, pl\u00f6tzlich mehr zu wollen als nur den n\u00e4chsten Kick.<\/p>\n\n\n\n<a class=\"gb-button gb-button-f4a1f8bd gb-button-text\" href=\"https:\/\/amzn.to\/4s9xsnZ\">Jetzt bei Amazon lesen<\/a>\n\n<\/div><\/div>\n<\/div>\n<\/div>\n<\/div>\n\n<div class=\"gb-container gb-container-e658bb92\">\n<div class=\"gb-container gb-container-3d39361a\">\n\n<h2 class=\"wp-block-heading\">Erh\u00e4ltlich bei diesen Buchhandlungen<\/h2>\n\n\n\n<p>Du kannst <em>Japanisch f\u00fcr Anf\u00e4nger<\/em> als E Book bei folgenden und vielen weiteren Buchhandlungen kaufen. \u00dcberall, wo du deine Lieblingsb\u00fccher entdeckst.<\/p>\n\n<\/div>\n\n<div class=\"gb-container gb-container-ab17126a\">\n<div class=\"gb-grid-wrapper gb-grid-wrapper-1732ecab\">\n<div class=\"gb-grid-column gb-grid-column-61b63848\"><div class=\"gb-container gb-container-61b63848\"><div class=\"gb-inside-container\">\n<div class=\"wp-block-image\">\n<figure class=\"aligncenter size-full\"><a href=\"https:\/\/amzn.to\/4s9xsnZ\"><img loading=\"lazy\" decoding=\"async\" width=\"250\" height=\"250\" src=\"https:\/\/www.marc-weiherhof.ch\/blog\/wp-content\/uploads\/amazon-logo.png\" alt=\"\" class=\"wp-image-7262\" srcset=\"https:\/\/www.marc-weiherhof.ch\/blog\/wp-content\/uploads\/amazon-logo.png 250w, https:\/\/www.marc-weiherhof.ch\/blog\/wp-content\/uploads\/amazon-logo-100x100.png 100w, https:\/\/www.marc-weiherhof.ch\/blog\/wp-content\/uploads\/amazon-logo-150x150.png 150w, https:\/\/www.marc-weiherhof.ch\/blog\/wp-content\/uploads\/amazon-logo-120x120.png 120w\" sizes=\"auto, (max-width: 250px) 100vw, 250px\" \/><\/a><\/figure>\n<\/div>\n<\/div><\/div><\/div>\n\n<div class=\"gb-grid-column gb-grid-column-67049665\"><div class=\"gb-container gb-container-67049665\"><div class=\"gb-inside-container\">\n<div class=\"wp-block-image\">\n<figure class=\"aligncenter size-full\"><a href=\"https:\/\/www.thalia.de\/shop\/home\/artikeldetails\/A1078362561\"><img loading=\"lazy\" decoding=\"async\" width=\"250\" height=\"250\" src=\"https:\/\/www.marc-weiherhof.ch\/blog\/wp-content\/uploads\/thalia.de_.png\" alt=\"\" class=\"wp-image-7422\" srcset=\"https:\/\/www.marc-weiherhof.ch\/blog\/wp-content\/uploads\/thalia.de_.png 250w, https:\/\/www.marc-weiherhof.ch\/blog\/wp-content\/uploads\/thalia.de_-100x100.png 100w, https:\/\/www.marc-weiherhof.ch\/blog\/wp-content\/uploads\/thalia.de_-150x150.png 150w, https:\/\/www.marc-weiherhof.ch\/blog\/wp-content\/uploads\/thalia.de_-120x120.png 120w\" sizes=\"auto, (max-width: 250px) 100vw, 250px\" \/><\/a><\/figure>\n<\/div>\n<\/div><\/div><\/div>\n\n<div class=\"gb-grid-column gb-grid-column-09cdc50d\"><div class=\"gb-container gb-container-09cdc50d\"><div class=\"gb-inside-container\">\n<div class=\"wp-block-image\">\n<figure class=\"aligncenter size-full\"><a href=\"https:\/\/www.thalia.at\/shop\/home\/artikeldetails\/A1078362561\"><img loading=\"lazy\" decoding=\"async\" width=\"250\" height=\"250\" src=\"https:\/\/www.marc-weiherhof.ch\/blog\/wp-content\/uploads\/Thalia.at_.png\" alt=\"\" class=\"wp-image-7424\" srcset=\"https:\/\/www.marc-weiherhof.ch\/blog\/wp-content\/uploads\/Thalia.at_.png 250w, https:\/\/www.marc-weiherhof.ch\/blog\/wp-content\/uploads\/Thalia.at_-100x100.png 100w, https:\/\/www.marc-weiherhof.ch\/blog\/wp-content\/uploads\/Thalia.at_-150x150.png 150w, https:\/\/www.marc-weiherhof.ch\/blog\/wp-content\/uploads\/Thalia.at_-120x120.png 120w\" sizes=\"auto, (max-width: 250px) 100vw, 250px\" \/><\/a><\/figure>\n<\/div>\n<\/div><\/div><\/div>\n\n<div class=\"gb-grid-column gb-grid-column-422b2834\"><div class=\"gb-container gb-container-422b2834\"><div class=\"gb-inside-container\">\n<div class=\"wp-block-image\">\n<figure class=\"aligncenter size-full\"><a href=\"https:\/\/www.orellfuessli.ch\/shop\/home\/artikeldetails\/A1078362561\"><img loading=\"lazy\" decoding=\"async\" width=\"250\" height=\"250\" src=\"https:\/\/www.marc-weiherhof.ch\/blog\/wp-content\/uploads\/orell-logo.png\" alt=\"\" class=\"wp-image-7266\" style=\"object-fit:cover\" srcset=\"https:\/\/www.marc-weiherhof.ch\/blog\/wp-content\/uploads\/orell-logo.png 250w, https:\/\/www.marc-weiherhof.ch\/blog\/wp-content\/uploads\/orell-logo-100x100.png 100w, https:\/\/www.marc-weiherhof.ch\/blog\/wp-content\/uploads\/orell-logo-150x150.png 150w, https:\/\/www.marc-weiherhof.ch\/blog\/wp-content\/uploads\/orell-logo-120x120.png 120w\" sizes=\"auto, (max-width: 250px) 100vw, 250px\" \/><\/a><\/figure>\n<\/div>\n<\/div><\/div><\/div>\n<\/div>\n<\/div>\n<\/div>\n\n<div class=\"gb-container gb-container-585978b0\">\n<div class=\"gb-container gb-container-224d69cf\">\n\n<h2 class=\"wp-block-heading\">Worum geht es in dieser Gay Romance?<\/h2>\n\n\n\n<p>Rico ist Fitnesstrainer, attraktiv, muskul\u00f6s und \u00fcberzeugt davon, dass romantische Beziehungen nur unn\u00f6tige Energie kosten. N\u00e4he bedeutet f\u00fcr ihn k\u00f6rperliche Leistung, nicht emotionale Bindung.<\/p>\n\n\n\n<p>Als er Hiroshi begegnet, einem sanften, japanischst\u00e4mmigen Altenpfleger mit liebenswert tollpatschiger Art, ger\u00e4t dieses Weltbild ins Wanken. Pl\u00f6tzlich f\u00fchlt sich Rico seltsam anders. Unsicher. Verletzlich. Und erstaunlich lebendig.<\/p>\n\n\n\n<p>Zwischen Fitnessstudio, Alltagschaos und einer sehr einmischungsfreudigen Grossmutter entfaltet sich eine Liebesgeschichte voller Humor, prickelnder Anziehung und \u00fcberraschender Tiefe. <em>Japanisch f\u00fcr Anf\u00e4nger<\/em> verbindet Leichtigkeit mit Emotionen und zeigt, dass Liebe manchmal dort beginnt, wo man sie am wenigsten erwartet.<\/p>\n\n<\/div>\n<\/div>\n\n<div class=\"gb-container gb-container-a060e396\">\n<div class=\"gb-container gb-container-7d3376db\">\n\n<h2 class=\"wp-block-heading\">F\u00fcr wen ist <em>Japanisch f\u00fcr Anf\u00e4nger<\/em> geeignet?<\/h2>\n\n\n\n<ul class=\"wp-block-list\">\n<li>Leserinnen und Leser von Gay Romance und MM Romance<\/li>\n\n\n\n<li>Fans von humorvollen Liebesgeschichten mit erotischer Spannung<\/li>\n\n\n\n<li>Menschen, die Romantik mit Witz und Gef\u00fchl m\u00f6gen<\/li>\n\n\n\n<li>Leserinnen und Leser, die charmante Charaktere und Dialoge lieben<\/li>\n\n\n\n<li>Alle, die queere Romane mit Herz, Humor und Leidenschaft suchen<\/li>\n<\/ul>\n\n<\/div>\n<\/div>\n\n<div class=\"gb-container gb-container-94e9d46c\">\n<div class=\"gb-container gb-container-69eda6fb\">\n\n<blockquote class=\"wp-block-quote is-layout-flow wp-block-quote-is-layout-flow\">\n<p class=\"has-text-align-center\"><strong><em><strong>\u00ab<\/strong><\/em>Marc Weiherhofs \u201eJapanisch f\u00fcr Anf\u00e4nger\u201c ist eine humorvolle und ausgesprochen kurzweilige Geschichte, die mir den heutigen Nachmittag vers\u00fc\u00dft hat.<em><strong>\u00bb<\/strong><\/em><\/strong><\/p>\n\n\n\n<p class=\"has-text-align-center\">Amazon-Rezension von ma.te<\/p>\n<\/blockquote>\n\n<\/div>\n<\/div>\n\n<div class=\"gb-container gb-container-97a03888\">\n\n<h2 class=\"wp-block-heading\">Genres und Tropes<\/h2>\n\n\n\n<ul class=\"wp-block-list\">\n<li><a href=\"https:\/\/www.marc-weiherhof.ch\/blog\/buecher\/gay-romance\/\" type=\"link\" id=\"https:\/\/www.marc-weiherhof.ch\/blog\/buecher\/gay-romance\/\">Gay Romance<\/a><\/li>\n\n\n\n<li>MM Romance<\/li>\n\n\n\n<li>Humor Romance<\/li>\n\n\n\n<li>Opposites Attract<\/li>\n\n\n\n<li>Slow Burn mit Erotik<\/li>\n\n\n\n<li>Found Family<\/li>\n\n\n\n<li>Quirky Sidekick<\/li>\n\n\n\n<li>Erotik mit Gef\u00fchl<\/li>\n<\/ul>\n\n<\/div>\n\n<div class=\"gb-container gb-container-5f2c76eb\">\n<div class=\"gb-container gb-container-6419cad1\">\n\n<h2 class=\"wp-block-heading\">Neugierig geworden?<\/h2>\n\n\n\n<a class=\"gb-button gb-button-a60fc07b gb-button-text\" href=\"https:\/\/amzn.to\/4qA3Ajw\">Jetzt bei Amazon lesen<\/a>\n\n<\/div>\n<\/div>\n\n\n<p><\/p>\n","protected":false},"excerpt":{"rendered":"<p>Erh\u00e4ltlich bei diesen Buchhandlungen Du kannst Japanisch f\u00fcr Anf\u00e4nger als E Book bei folgenden und vielen weiteren Buchhandlungen kaufen. \u00dcberall, wo du deine Lieblingsb\u00fccher entdeckst. Worum geht es in dieser Gay Romance? Rico ist Fitnesstrainer, attraktiv, muskul\u00f6s und \u00fcberzeugt davon, dass romantische Beziehungen nur unn\u00f6tige Energie kosten. N\u00e4he bedeutet f\u00fcr &#8230; <\/p>\n<p class=\"read-more-container\"><a title=\"Japanisch f\u00fcr Anf\u00e4nger\" class=\"read-more button\" href=\"https:\/\/www.marc-weiherhof.ch\/blog\/japanisch-fuer-anfaenger\/#more-4983\" aria-label=\"Mehr Informationen \u00fcber Japanisch f\u00fcr Anf\u00e4nger\">Jetzt weiterlesen<\/a><\/p>\n","protected":false},"author":3,"featured_media":0,"parent":0,"menu_order":0,"comment_status":"closed","ping_status":"closed","template":"","meta":{"footnotes":""},"class_list":{"0":"post-4983","1":"page","2":"type-page","3":"status-publish","5":"infinite-scroll-item"},"yoast_head":"<!-- This site is optimized with the Yoast SEO plugin v27.4 - https:\/\/yoast.com\/product\/yoast-seo-wordpress\/ -->\n<title>Japanisch f\u00fcr Anf\u00e4nger | Humorvolle Gay Romance mit Erotik<\/title>\n<meta name=\"description\" content=\"Humoristische Gay Romance \u00fcber Liebe, Lust und Gef\u00fchle. Frech, emotional und prickelnd. MM Romance von Marc Weiherhof.\" \/>\n<meta name=\"robots\" content=\"index, follow, max-snippet:-1, max-image-preview:large, max-video-preview:-1\" \/>\n<link rel=\"canonical\" href=\"https:\/\/www.marc-weiherhof.ch\/blog\/japanisch-fuer-anfaenger\/\" \/>\n<meta property=\"og:locale\" content=\"de_DE\" \/>\n<meta property=\"og:type\" content=\"article\" \/>\n<meta property=\"og:title\" content=\"Japanisch f\u00fcr Anf\u00e4nger | Humorvolle Gay Romance mit Erotik\" \/>\n<meta property=\"og:description\" content=\"Humoristische Gay Romance \u00fcber Liebe, Lust und Gef\u00fchle. Frech, emotional und prickelnd. MM Romance von Marc Weiherhof.\" \/>\n<meta property=\"og:url\" content=\"https:\/\/www.marc-weiherhof.ch\/blog\/japanisch-fuer-anfaenger\/\" \/>\n<meta property=\"og:site_name\" content=\"Marc Weiherhof Autor\" \/>\n<meta property=\"article:publisher\" content=\"http:\/\/www.facebook.com\/marc.weiherhof\" \/>\n<meta property=\"article:modified_time\" content=\"2026-03-31T14:38:58+00:00\" \/>\n<meta property=\"og:image\" content=\"https:\/\/www.marc-weiherhof.ch\/blog\/wp-content\/uploads\/Japanisch-f\u00fcr-Anf\u00e4nger-E-Book-Cover-400.png\" \/>\n\t<meta property=\"og:image:width\" content=\"282\" \/>\n\t<meta property=\"og:image:height\" content=\"400\" \/>\n\t<meta property=\"og:image:type\" content=\"image\/png\" \/>\n<meta name=\"twitter:label1\" content=\"Gesch\u00e4tzte Lesezeit\" \/>\n\t<meta name=\"twitter:data1\" content=\"3\u00a0Minuten\" \/>\n<script type=\"application\/ld+json\" class=\"yoast-schema-graph\">{\"@context\":\"https:\\\/\\\/schema.org\",\"@graph\":[{\"@type\":\"WebPage\",\"@id\":\"https:\\\/\\\/www.marc-weiherhof.ch\\\/blog\\\/japanisch-fuer-anfaenger\\\/\",\"url\":\"https:\\\/\\\/www.marc-weiherhof.ch\\\/blog\\\/japanisch-fuer-anfaenger\\\/\",\"name\":\"Japanisch f\u00fcr Anf\u00e4nger | Humorvolle Gay Romance mit Erotik\",\"isPartOf\":{\"@id\":\"https:\\\/\\\/www.marc-weiherhof.ch\\\/blog\\\/#website\"},\"primaryImageOfPage\":{\"@id\":\"https:\\\/\\\/www.marc-weiherhof.ch\\\/blog\\\/japanisch-fuer-anfaenger\\\/#primaryimage\"},\"image\":{\"@id\":\"https:\\\/\\\/www.marc-weiherhof.ch\\\/blog\\\/japanisch-fuer-anfaenger\\\/#primaryimage\"},\"thumbnailUrl\":\"https:\\\/\\\/www.marc-weiherhof.ch\\\/blog\\\/wp-content\\\/uploads\\\/japanisch-fuer-anfaenger-gay-romance-buch-marc-weiherhof-1024x575.webp\",\"datePublished\":\"2017-05-13T19:56:55+00:00\",\"dateModified\":\"2026-03-31T14:38:58+00:00\",\"description\":\"Humoristische Gay Romance \u00fcber Liebe, Lust und Gef\u00fchle. Frech, emotional und prickelnd. MM Romance von Marc Weiherhof.\",\"breadcrumb\":{\"@id\":\"https:\\\/\\\/www.marc-weiherhof.ch\\\/blog\\\/japanisch-fuer-anfaenger\\\/#breadcrumb\"},\"inLanguage\":\"de\",\"potentialAction\":[{\"@type\":\"ReadAction\",\"target\":[\"https:\\\/\\\/www.marc-weiherhof.ch\\\/blog\\\/japanisch-fuer-anfaenger\\\/\"]}]},{\"@type\":\"ImageObject\",\"inLanguage\":\"de\",\"@id\":\"https:\\\/\\\/www.marc-weiherhof.ch\\\/blog\\\/japanisch-fuer-anfaenger\\\/#primaryimage\",\"url\":\"https:\\\/\\\/www.marc-weiherhof.ch\\\/blog\\\/wp-content\\\/uploads\\\/japanisch-fuer-anfaenger-gay-romance-buch-marc-weiherhof.webp\",\"contentUrl\":\"https:\\\/\\\/www.marc-weiherhof.ch\\\/blog\\\/wp-content\\\/uploads\\\/japanisch-fuer-anfaenger-gay-romance-buch-marc-weiherhof.webp\",\"width\":1073,\"height\":603},{\"@type\":\"BreadcrumbList\",\"@id\":\"https:\\\/\\\/www.marc-weiherhof.ch\\\/blog\\\/japanisch-fuer-anfaenger\\\/#breadcrumb\",\"itemListElement\":[{\"@type\":\"ListItem\",\"position\":1,\"name\":\"Marc Weiherhofs Blog\",\"item\":\"https:\\\/\\\/www.marc-weiherhof.ch\\\/blog\\\/\"},{\"@type\":\"ListItem\",\"position\":2,\"name\":\"Japanisch f\u00fcr Anf\u00e4nger\"}]},{\"@type\":\"WebSite\",\"@id\":\"https:\\\/\\\/www.marc-weiherhof.ch\\\/blog\\\/#website\",\"url\":\"https:\\\/\\\/www.marc-weiherhof.ch\\\/blog\\\/\",\"name\":\"Marc Weiherhof MM Romance Autor\",\"description\":\"Homo-Romane, schwule Literatur, queer, schwul, Autor, Gay-Genre, Marc Weiherhof, Homo-B\u00fccher, Gay Romance, Autor, MM Romance\",\"publisher\":{\"@id\":\"https:\\\/\\\/www.marc-weiherhof.ch\\\/blog\\\/#organization\"},\"potentialAction\":[{\"@type\":\"SearchAction\",\"target\":{\"@type\":\"EntryPoint\",\"urlTemplate\":\"https:\\\/\\\/www.marc-weiherhof.ch\\\/blog\\\/?s={search_term_string}\"},\"query-input\":{\"@type\":\"PropertyValueSpecification\",\"valueRequired\":true,\"valueName\":\"search_term_string\"}}],\"inLanguage\":\"de\"},{\"@type\":\"Organization\",\"@id\":\"https:\\\/\\\/www.marc-weiherhof.ch\\\/blog\\\/#organization\",\"name\":\"Marc Weiherhof\",\"url\":\"https:\\\/\\\/www.marc-weiherhof.ch\\\/blog\\\/\",\"logo\":{\"@type\":\"ImageObject\",\"inLanguage\":\"de\",\"@id\":\"https:\\\/\\\/www.marc-weiherhof.ch\\\/blog\\\/#\\\/schema\\\/logo\\\/image\\\/\",\"url\":\"https:\\\/\\\/www.marc-weiherhof.ch\\\/blog\\\/wp-content\\\/uploads\\\/MW-Logo-unten.svg\",\"contentUrl\":\"https:\\\/\\\/www.marc-weiherhof.ch\\\/blog\\\/wp-content\\\/uploads\\\/MW-Logo-unten.svg\",\"width\":1,\"height\":1,\"caption\":\"Marc Weiherhof\"},\"image\":{\"@id\":\"https:\\\/\\\/www.marc-weiherhof.ch\\\/blog\\\/#\\\/schema\\\/logo\\\/image\\\/\"},\"sameAs\":[\"http:\\\/\\\/www.facebook.com\\\/marc.weiherhof\",\"https:\\\/\\\/www.instagram.com\\\/marcweiherhofautor\\\/\"]}]}<\/script>\n<!-- \/ Yoast SEO plugin. -->","yoast_head_json":{"title":"Japanisch f\u00fcr Anf\u00e4nger | Humorvolle Gay Romance mit Erotik","description":"Humoristische Gay Romance \u00fcber Liebe, Lust und Gef\u00fchle. Frech, emotional und prickelnd. MM Romance von Marc Weiherhof.","robots":{"index":"index","follow":"follow","max-snippet":"max-snippet:-1","max-image-preview":"max-image-preview:large","max-video-preview":"max-video-preview:-1"},"canonical":"https:\/\/www.marc-weiherhof.ch\/blog\/japanisch-fuer-anfaenger\/","og_locale":"de_DE","og_type":"article","og_title":"Japanisch f\u00fcr Anf\u00e4nger | Humorvolle Gay Romance mit Erotik","og_description":"Humoristische Gay Romance \u00fcber Liebe, Lust und Gef\u00fchle. Frech, emotional und prickelnd. MM Romance von Marc Weiherhof.","og_url":"https:\/\/www.marc-weiherhof.ch\/blog\/japanisch-fuer-anfaenger\/","og_site_name":"Marc Weiherhof Autor","article_publisher":"http:\/\/www.facebook.com\/marc.weiherhof","article_modified_time":"2026-03-31T14:38:58+00:00","og_image":[{"width":282,"height":400,"url":"https:\/\/www.marc-weiherhof.ch\/blog\/wp-content\/uploads\/Japanisch-f\u00fcr-Anf\u00e4nger-E-Book-Cover-400.png","type":"image\/png"}],"twitter_misc":{"Gesch\u00e4tzte Lesezeit":"3\u00a0Minuten"},"schema":{"@context":"https:\/\/schema.org","@graph":[{"@type":"WebPage","@id":"https:\/\/www.marc-weiherhof.ch\/blog\/japanisch-fuer-anfaenger\/","url":"https:\/\/www.marc-weiherhof.ch\/blog\/japanisch-fuer-anfaenger\/","name":"Japanisch f\u00fcr Anf\u00e4nger | Humorvolle Gay Romance mit Erotik","isPartOf":{"@id":"https:\/\/www.marc-weiherhof.ch\/blog\/#website"},"primaryImageOfPage":{"@id":"https:\/\/www.marc-weiherhof.ch\/blog\/japanisch-fuer-anfaenger\/#primaryimage"},"image":{"@id":"https:\/\/www.marc-weiherhof.ch\/blog\/japanisch-fuer-anfaenger\/#primaryimage"},"thumbnailUrl":"https:\/\/www.marc-weiherhof.ch\/blog\/wp-content\/uploads\/japanisch-fuer-anfaenger-gay-romance-buch-marc-weiherhof-1024x575.webp","datePublished":"2017-05-13T19:56:55+00:00","dateModified":"2026-03-31T14:38:58+00:00","description":"Humoristische Gay Romance \u00fcber Liebe, Lust und Gef\u00fchle. Frech, emotional und prickelnd. MM Romance von Marc Weiherhof.","breadcrumb":{"@id":"https:\/\/www.marc-weiherhof.ch\/blog\/japanisch-fuer-anfaenger\/#breadcrumb"},"inLanguage":"de","potentialAction":[{"@type":"ReadAction","target":["https:\/\/www.marc-weiherhof.ch\/blog\/japanisch-fuer-anfaenger\/"]}]},{"@type":"ImageObject","inLanguage":"de","@id":"https:\/\/www.marc-weiherhof.ch\/blog\/japanisch-fuer-anfaenger\/#primaryimage","url":"https:\/\/www.marc-weiherhof.ch\/blog\/wp-content\/uploads\/japanisch-fuer-anfaenger-gay-romance-buch-marc-weiherhof.webp","contentUrl":"https:\/\/www.marc-weiherhof.ch\/blog\/wp-content\/uploads\/japanisch-fuer-anfaenger-gay-romance-buch-marc-weiherhof.webp","width":1073,"height":603},{"@type":"BreadcrumbList","@id":"https:\/\/www.marc-weiherhof.ch\/blog\/japanisch-fuer-anfaenger\/#breadcrumb","itemListElement":[{"@type":"ListItem","position":1,"name":"Marc Weiherhofs Blog","item":"https:\/\/www.marc-weiherhof.ch\/blog\/"},{"@type":"ListItem","position":2,"name":"Japanisch f\u00fcr Anf\u00e4nger"}]},{"@type":"WebSite","@id":"https:\/\/www.marc-weiherhof.ch\/blog\/#website","url":"https:\/\/www.marc-weiherhof.ch\/blog\/","name":"Marc Weiherhof MM Romance Autor","description":"Homo-Romane, schwule Literatur, queer, schwul, Autor, Gay-Genre, Marc Weiherhof, Homo-B\u00fccher, Gay Romance, Autor, MM Romance","publisher":{"@id":"https:\/\/www.marc-weiherhof.ch\/blog\/#organization"},"potentialAction":[{"@type":"SearchAction","target":{"@type":"EntryPoint","urlTemplate":"https:\/\/www.marc-weiherhof.ch\/blog\/?s={search_term_string}"},"query-input":{"@type":"PropertyValueSpecification","valueRequired":true,"valueName":"search_term_string"}}],"inLanguage":"de"},{"@type":"Organization","@id":"https:\/\/www.marc-weiherhof.ch\/blog\/#organization","name":"Marc Weiherhof","url":"https:\/\/www.marc-weiherhof.ch\/blog\/","logo":{"@type":"ImageObject","inLanguage":"de","@id":"https:\/\/www.marc-weiherhof.ch\/blog\/#\/schema\/logo\/image\/","url":"https:\/\/www.marc-weiherhof.ch\/blog\/wp-content\/uploads\/MW-Logo-unten.svg","contentUrl":"https:\/\/www.marc-weiherhof.ch\/blog\/wp-content\/uploads\/MW-Logo-unten.svg","width":1,"height":1,"caption":"Marc Weiherhof"},"image":{"@id":"https:\/\/www.marc-weiherhof.ch\/blog\/#\/schema\/logo\/image\/"},"sameAs":["http:\/\/www.facebook.com\/marc.weiherhof","https:\/\/www.instagram.com\/marcweiherhofautor\/"]}]}},"_links":{"self":[{"href":"https:\/\/www.marc-weiherhof.ch\/blog\/wp-json\/wp\/v2\/pages\/4983","targetHints":{"allow":["GET"]}}],"collection":[{"href":"https:\/\/www.marc-weiherhof.ch\/blog\/wp-json\/wp\/v2\/pages"}],"about":[{"href":"https:\/\/www.marc-weiherhof.ch\/blog\/wp-json\/wp\/v2\/types\/page"}],"author":[{"embeddable":true,"href":"https:\/\/www.marc-weiherhof.ch\/blog\/wp-json\/wp\/v2\/users\/3"}],"replies":[{"embeddable":true,"href":"https:\/\/www.marc-weiherhof.ch\/blog\/wp-json\/wp\/v2\/comments?post=4983"}],"version-history":[{"count":1,"href":"https:\/\/www.marc-weiherhof.ch\/blog\/wp-json\/wp\/v2\/pages\/4983\/revisions"}],"predecessor-version":[{"id":8922,"href":"https:\/\/www.marc-weiherhof.ch\/blog\/wp-json\/wp\/v2\/pages\/4983\/revisions\/8922"}],"wp:attachment":[{"href":"https:\/\/www.marc-weiherhof.ch\/blog\/wp-json\/wp\/v2\/media?parent=4983"}],"curies":[{"name":"wp","href":"https:\/\/api.w.org\/{rel}","templated":true}]}}