{"id":5549,"date":"2017-09-25T00:08:26","date_gmt":"2017-09-24T22:08:26","guid":{"rendered":"https:\/\/www.marc-weiherhof.ch\/blog\/?page_id=5549"},"modified":"2017-09-25T00:25:53","modified_gmt":"2017-09-24T22:25:53","slug":"resultate-der-grossen-leserinnenbefragung","status":"publish","type":"page","link":"https:\/\/www.marc-weiherhof.ch\/blog\/resultate-der-grossen-leserinnenbefragung\/","title":{"rendered":"Resultate der gro\u00dfen LeserInnenbefragung"},"content":{"rendered":"<h2 style=\"text-align: justify;\"><img loading=\"lazy\" decoding=\"async\" class=\"wp-image-5546 size-medium alignleft\" src=\"https:\/\/www.marc-weiherhof.ch\/blog\/wp-content\/uploads\/106903-ONCZPN-850-300x300.jpg\" alt=\"\" width=\"300\" height=\"300\" srcset=\"https:\/\/www.marc-weiherhof.ch\/blog\/wp-content\/uploads\/106903-ONCZPN-850-300x300.jpg 300w, https:\/\/www.marc-weiherhof.ch\/blog\/wp-content\/uploads\/106903-ONCZPN-850-100x100.jpg 100w, https:\/\/www.marc-weiherhof.ch\/blog\/wp-content\/uploads\/106903-ONCZPN-850-1024x1024.jpg 1024w, https:\/\/www.marc-weiherhof.ch\/blog\/wp-content\/uploads\/106903-ONCZPN-850-150x150.jpg 150w, https:\/\/www.marc-weiherhof.ch\/blog\/wp-content\/uploads\/106903-ONCZPN-850-768x768.jpg 768w, https:\/\/www.marc-weiherhof.ch\/blog\/wp-content\/uploads\/106903-ONCZPN-850-1536x1536.jpg 1536w, https:\/\/www.marc-weiherhof.ch\/blog\/wp-content\/uploads\/106903-ONCZPN-850-600x600.jpg 600w, https:\/\/www.marc-weiherhof.ch\/blog\/wp-content\/uploads\/106903-ONCZPN-850.jpg 2000w\" sizes=\"auto, (max-width: 300px) 100vw, 300px\" \/>Dankesch\u00f6n!<\/h2>\n<p style=\"text-align: justify;\">53 TeilnehmerInnen, das ist der helle Wahnsinn. Ich danke euch allen f\u00fcr eure Meinungen und die rege Teilnahme. Ich konnte viele Informationen daraus ableiten und werde in Zukunft darauf achten.<\/p>\n<p style=\"text-align: justify;\">Aber wie immer: Eine richtige Meinung gibt es nicht. Eure Geschm\u00e4cker sind so verschieden wie ihr selbst und das ist wunderbar und gut.<\/p>\n<p style=\"text-align: justify;\">Hier kommen eure Antworten in anonymisierter Form:<\/p>\n<h2><span class=\"freebirdAnalyticsViewQuestionTitle\" data-questiontitle=\"1216816992\">Die top zwei Kaufentscheidbeeinflusser<\/span><\/h2>\n<ol>\n<li>Inhaltsangabe (49\/53)<\/li>\n<li>Preis (27\/53)<\/li>\n<\/ol>\n<h2><span class=\"freebirdAnalyticsViewQuestionTitle\" data-questiontitle=\"2026756296\">Siehst du dir die bisherigen Rezensionen an, bevor du ein Buch kaufst?<\/span><\/h2>\n<p><img loading=\"lazy\" decoding=\"async\" class=\"alignnone size-full wp-image-5558\" src=\"https:\/\/www.marc-weiherhof.ch\/blog\/wp-content\/uploads\/1-1.jpg\" alt=\"\" width=\"565\" height=\"257\" srcset=\"https:\/\/www.marc-weiherhof.ch\/blog\/wp-content\/uploads\/1-1.jpg 565w, https:\/\/www.marc-weiherhof.ch\/blog\/wp-content\/uploads\/1-1-100x45.jpg 100w, https:\/\/www.marc-weiherhof.ch\/blog\/wp-content\/uploads\/1-1-300x136.jpg 300w\" sizes=\"auto, (max-width: 565px) 100vw, 565px\" \/><\/p>\n<h2 style=\"text-align: justify;\">Verlagsautor oder Selbstverleger?<\/h2>\n<p style=\"text-align: justify;\">Spielt<span style=\"font-size: 14pt;\"><strong> 98.1% <\/strong><\/span>keine Rolle, aber <strong>drei<\/strong> Personen sagen, dass ein Verlagsbuch hochwertiger als ein\u00a0selbst verlegtes\u00a0ist.<\/p>\n<h2>Besuchst du Buchmessen?<\/h2>\n<p><img loading=\"lazy\" decoding=\"async\" class=\"alignnone size-full wp-image-5555\" src=\"https:\/\/www.marc-weiherhof.ch\/blog\/wp-content\/uploads\/2.jpg\" alt=\"\" width=\"511\" height=\"267\" srcset=\"https:\/\/www.marc-weiherhof.ch\/blog\/wp-content\/uploads\/2.jpg 511w, https:\/\/www.marc-weiherhof.ch\/blog\/wp-content\/uploads\/2-100x52.jpg 100w, https:\/\/www.marc-weiherhof.ch\/blog\/wp-content\/uploads\/2-300x157.jpg 300w\" sizes=\"auto, (max-width: 511px) 100vw, 511px\" \/><\/p>\n<h2 style=\"text-align: justify;\">Abwechslung vs. Altgedientes<\/h2>\n<p style=\"text-align: justify;\"><span style=\"font-size: 14pt;\"><strong>50%<\/strong><\/span> der befragten Leserinnen sagen, dass sie <strong>Gewohnheitstiere<\/strong> sind, w\u00e4hrend die anderen <span style=\"font-size: 14pt;\"><strong>50%<\/strong><\/span> so viel <strong>Abwechslung<\/strong> wie m\u00f6glich brauchen.<\/p>\n<h2><span class=\"freebirdAnalyticsViewQuestionTitle\" data-questiontitle=\"1258562933\">Wie viele B\u00fccher liest du durchschnittlich pro Woche?<\/span><\/h2>\n<p><img loading=\"lazy\" decoding=\"async\" class=\"alignnone size-full wp-image-5559\" src=\"https:\/\/www.marc-weiherhof.ch\/blog\/wp-content\/uploads\/32.jpg\" alt=\"\" width=\"545\" height=\"269\" srcset=\"https:\/\/www.marc-weiherhof.ch\/blog\/wp-content\/uploads\/32.jpg 545w, https:\/\/www.marc-weiherhof.ch\/blog\/wp-content\/uploads\/32-100x49.jpg 100w, https:\/\/www.marc-weiherhof.ch\/blog\/wp-content\/uploads\/32-300x148.jpg 300w\" sizes=\"auto, (max-width: 545px) 100vw, 545px\" \/><\/p>\n<h2>Lieblingsgenres<\/h2>\n<ol>\n<li>Gay Romance (43)<\/li>\n<li>Gay Fantasy (42)<\/li>\n<li>Gay Erotika (36)<\/li>\n<li>Gay Crime (25)<\/li>\n<\/ol>\n<h2>Wer von euch interessiert sich f\u00fcr Online-Lesungen als Videos oder Tonaufnahmen?<\/h2>\n<p><img loading=\"lazy\" decoding=\"async\" class=\"alignnone size-full wp-image-5562\" src=\"https:\/\/www.marc-weiherhof.ch\/blog\/wp-content\/uploads\/4.jpg\" alt=\"\" width=\"531\" height=\"261\" srcset=\"https:\/\/www.marc-weiherhof.ch\/blog\/wp-content\/uploads\/4.jpg 531w, https:\/\/www.marc-weiherhof.ch\/blog\/wp-content\/uploads\/4-100x49.jpg 100w, https:\/\/www.marc-weiherhof.ch\/blog\/wp-content\/uploads\/4-300x147.jpg 300w\" sizes=\"auto, (max-width: 531px) 100vw, 531px\" \/><\/p>\n<h2 style=\"text-align: justify;\">Aussehen?<\/h2>\n<p style=\"text-align: justify;\"><span style=\"font-size: 14pt;\"><strong>86.8% <\/strong><\/span>der LeserInnen ist es egal, wie der Autor, die Autorin <strong>aussieht<\/strong>.<\/p>\n<h2>Muss das Cover zum Inhalt passen?<\/h2>\n<p><img loading=\"lazy\" decoding=\"async\" class=\"alignnone size-full wp-image-5563\" src=\"https:\/\/www.marc-weiherhof.ch\/blog\/wp-content\/uploads\/5.jpg\" alt=\"\" width=\"585\" height=\"281\" srcset=\"https:\/\/www.marc-weiherhof.ch\/blog\/wp-content\/uploads\/5.jpg 585w, https:\/\/www.marc-weiherhof.ch\/blog\/wp-content\/uploads\/5-100x48.jpg 100w, https:\/\/www.marc-weiherhof.ch\/blog\/wp-content\/uploads\/5-300x144.jpg 300w\" sizes=\"auto, (max-width: 585px) 100vw, 585px\" \/><\/p>\n<h2 style=\"text-align: justify;\">Leserunden?<\/h2>\n<p style=\"text-align: justify;\"><span style=\"font-size: 14pt;\"><strong>25.6%<\/strong><\/span> der LeserInnen m\u00f6gen <strong>keine<\/strong> Leserunden. Bei <span style=\"font-size: 14pt;\"><strong>53.5%<\/strong><\/span> kommt es auf das <strong>Buch<\/strong> an.<\/p>\n<h2>Schreckt euch ein schlechtes Cover ab?<\/h2>\n<p><img loading=\"lazy\" decoding=\"async\" class=\"alignnone size-full wp-image-5564\" src=\"https:\/\/www.marc-weiherhof.ch\/blog\/wp-content\/uploads\/6.jpg\" alt=\"\" width=\"519\" height=\"255\" srcset=\"https:\/\/www.marc-weiherhof.ch\/blog\/wp-content\/uploads\/6.jpg 519w, https:\/\/www.marc-weiherhof.ch\/blog\/wp-content\/uploads\/6-100x49.jpg 100w, https:\/\/www.marc-weiherhof.ch\/blog\/wp-content\/uploads\/6-300x147.jpg 300w\" sizes=\"auto, (max-width: 519px) 100vw, 519px\" \/><\/p>\n<h2 style=\"text-align: justify;\">Cover<\/h2>\n<p style=\"text-align: justify;\">Lediglich\u00a0<strong>sieben<\/strong> LeserInnen geben an, dass das Cover ihre Kaufentscheidung\u00a0sehr <strong>beeinflusst<\/strong>. <strong>20<\/strong> LeserInnen ist das mehr oder weniger <strong>egal<\/strong>.<\/p>\n<h2>Ist die Inhaltsangabe wichtiger als das Cover?<\/h2>\n<p><img loading=\"lazy\" decoding=\"async\" class=\"alignnone size-full wp-image-5565\" src=\"https:\/\/www.marc-weiherhof.ch\/blog\/wp-content\/uploads\/7.jpg\" alt=\"\" width=\"511\" height=\"253\" srcset=\"https:\/\/www.marc-weiherhof.ch\/blog\/wp-content\/uploads\/7.jpg 511w, https:\/\/www.marc-weiherhof.ch\/blog\/wp-content\/uploads\/7-100x50.jpg 100w, https:\/\/www.marc-weiherhof.ch\/blog\/wp-content\/uploads\/7-300x149.jpg 300w\" sizes=\"auto, (max-width: 511px) 100vw, 511px\" \/><\/p>\n<h2 style=\"text-align: justify;\">3 D-Cover?<\/h2>\n<p style=\"text-align: justify;\">Geteilte Meinungen: <span style=\"font-size: 14pt;\"><strong>41.5%<\/strong><\/span> der Befragten geben an, dass ihnen ein 3 D-Cover gef\u00e4llt. <span style=\"font-size: 14pt;\"><strong>34%<\/strong><\/span> m\u00f6gen keine 3 C-Cover und <span style=\"font-size: 14pt;\"><strong>24.5%<\/strong><\/span> k\u00f6nnen sich nicht entscheiden.<\/p>\n<h2>Fehler in der Inhaltsangabe: Ein No-Go?<\/h2>\n<p><img loading=\"lazy\" decoding=\"async\" class=\"alignnone size-full wp-image-5566\" src=\"https:\/\/www.marc-weiherhof.ch\/blog\/wp-content\/uploads\/8.jpg\" alt=\"\" width=\"639\" height=\"263\" srcset=\"https:\/\/www.marc-weiherhof.ch\/blog\/wp-content\/uploads\/8.jpg 639w, https:\/\/www.marc-weiherhof.ch\/blog\/wp-content\/uploads\/8-100x41.jpg 100w, https:\/\/www.marc-weiherhof.ch\/blog\/wp-content\/uploads\/8-300x123.jpg 300w, https:\/\/www.marc-weiherhof.ch\/blog\/wp-content\/uploads\/8-600x247.jpg 600w\" sizes=\"auto, (max-width: 639px) 100vw, 639px\" \/><\/p>\n<p>&nbsp;<\/p>\n<h2 style=\"text-align: justify;\">Hart oder weich?<\/h2>\n<p style=\"text-align: justify;\"><span style=\"font-size: 14pt;\"><strong>77.4%<\/strong><\/span> der Befragten lesen sowohl Soft-, als auch Hardcovers, w\u00e4hrend <span style=\"font-size: 14pt;\"><strong>17%<\/strong><\/span> Softcover <strong>bevorzugen<\/strong>.<\/p>\n<h2>Happy End?<\/h2>\n<p><img loading=\"lazy\" decoding=\"async\" class=\"alignnone size-full wp-image-5567\" src=\"https:\/\/www.marc-weiherhof.ch\/blog\/wp-content\/uploads\/9.jpg\" alt=\"\" width=\"563\" height=\"259\" srcset=\"https:\/\/www.marc-weiherhof.ch\/blog\/wp-content\/uploads\/9.jpg 563w, https:\/\/www.marc-weiherhof.ch\/blog\/wp-content\/uploads\/9-100x46.jpg 100w, https:\/\/www.marc-weiherhof.ch\/blog\/wp-content\/uploads\/9-300x138.jpg 300w\" sizes=\"auto, (max-width: 563px) 100vw, 563px\" \/><\/p>\n<h2 style=\"text-align: justify;\">Inhaltsangabe<\/h2>\n<p style=\"text-align: justify;\"><strong>Jugendschutzhinweise<\/strong> sowie die Angabe, ob es sich um ein <strong>Gay Buch<\/strong> handelt, sind den meisten Befragten <strong>egal<\/strong>, wenn es um die Inhaltsangabe geht.<\/p>\n<h2>Inhaltsverzeichnis?<\/h2>\n<p><img loading=\"lazy\" decoding=\"async\" class=\"alignnone size-full wp-image-5568\" src=\"https:\/\/www.marc-weiherhof.ch\/blog\/wp-content\/uploads\/10.jpg\" alt=\"\" width=\"537\" height=\"285\" srcset=\"https:\/\/www.marc-weiherhof.ch\/blog\/wp-content\/uploads\/10.jpg 537w, https:\/\/www.marc-weiherhof.ch\/blog\/wp-content\/uploads\/10-100x53.jpg 100w, https:\/\/www.marc-weiherhof.ch\/blog\/wp-content\/uploads\/10-300x159.jpg 300w\" sizes=\"auto, (max-width: 537px) 100vw, 537px\" \/><\/p>\n<h2 style=\"text-align: justify;\">Fehleralarm!<\/h2>\n<p style=\"text-align: justify;\">F\u00fcr <strong>Logikfehler<\/strong> haben die meisten LeserInnen \u00fcberhaupt <strong>kein<\/strong> Verst\u00e4ndnis, anders als f\u00fcr <strong>Rechtschreibefehler<\/strong>.<\/p>\n<h2>Wie wichtig ist euch der direkte Kontakt mit Autoren?<\/h2>\n<p><img loading=\"lazy\" decoding=\"async\" class=\"alignnone size-full wp-image-5569\" src=\"https:\/\/www.marc-weiherhof.ch\/blog\/wp-content\/uploads\/11.jpg\" alt=\"\" width=\"725\" height=\"285\" srcset=\"https:\/\/www.marc-weiherhof.ch\/blog\/wp-content\/uploads\/11.jpg 725w, https:\/\/www.marc-weiherhof.ch\/blog\/wp-content\/uploads\/11-100x39.jpg 100w, https:\/\/www.marc-weiherhof.ch\/blog\/wp-content\/uploads\/11-300x118.jpg 300w, https:\/\/www.marc-weiherhof.ch\/blog\/wp-content\/uploads\/11-600x236.jpg 600w\" sizes=\"auto, (max-width: 725px) 100vw, 725px\" \/><\/p>\n<h2 style=\"text-align: justify;\">Elektro oder Papier?<\/h2>\n<p style=\"text-align: justify;\"><span style=\"font-size: 14pt;\"><strong>43.4%<\/strong><\/span> der Befragten lesen sowohl <strong>E-Books<\/strong>, als auch <strong>Taschenb\u00fccher<\/strong>. <span style=\"font-size: 14pt;\"><strong>7.5%<\/strong><\/span> nur\u00a0elektronische B\u00fccher\u00a0und\u00a0<strong>zwei<\/strong> Personen nur Taschenb\u00fccher.<\/p>\n<h2><span class=\"freebirdAnalyticsViewQuestionTitle\" data-questiontitle=\"206904796\">Informierst du dich regelm\u00e4\u00dfig auf der Homepage eines Autoren?<\/span><\/h2>\n<p><img loading=\"lazy\" decoding=\"async\" class=\"alignnone size-full wp-image-5570\" src=\"https:\/\/www.marc-weiherhof.ch\/blog\/wp-content\/uploads\/12.jpg\" alt=\"\" width=\"529\" height=\"257\" srcset=\"https:\/\/www.marc-weiherhof.ch\/blog\/wp-content\/uploads\/12.jpg 529w, https:\/\/www.marc-weiherhof.ch\/blog\/wp-content\/uploads\/12-100x49.jpg 100w, https:\/\/www.marc-weiherhof.ch\/blog\/wp-content\/uploads\/12-300x146.jpg 300w\" sizes=\"auto, (max-width: 529px) 100vw, 529px\" \/><\/p>\n<h2 style=\"text-align: justify;\">Kurzgeschichten vs. W\u00e4lzer<\/h2>\n<p style=\"text-align: justify;\">An alle <strong>Kurzgeschichtenschreiberlinge<\/strong>: Ultraminis kommen gar <strong>nicht<\/strong> gut an. Die Geschichten sollten von mittellang bis W\u00e4lzer gehen.<\/p>\n<h2><span class=\"freebirdAnalyticsViewQuestionTitle\" data-questiontitle=\"790753197\">Verfolgst du regelm\u00e4\u00dfig Posts deiner Lieblingsautoren?<\/span><\/h2>\n<p><img loading=\"lazy\" decoding=\"async\" class=\"alignnone size-full wp-image-5571\" src=\"https:\/\/www.marc-weiherhof.ch\/blog\/wp-content\/uploads\/13.jpg\" alt=\"\" width=\"547\" height=\"263\" srcset=\"https:\/\/www.marc-weiherhof.ch\/blog\/wp-content\/uploads\/13.jpg 547w, https:\/\/www.marc-weiherhof.ch\/blog\/wp-content\/uploads\/13-100x48.jpg 100w, https:\/\/www.marc-weiherhof.ch\/blog\/wp-content\/uploads\/13-300x144.jpg 300w\" sizes=\"auto, (max-width: 547px) 100vw, 547px\" \/><\/p>\n<h2>Ranking der sozialen Netzwerke<\/h2>\n<ol>\n<li>Facebook (53)<\/li>\n<li>WhatsApp (41)<\/li>\n<li>Youtube (29)<\/li>\n<li>Bookrix (21)<\/li>\n<\/ol>\n<p>Twitter folgt abgeschlagen mit <strong>11<\/strong> Personen immer noch vor GooglePlus mit <strong>3<\/strong>.<\/p>\n<h2 style=\"text-align: justify;\">Sozial?<\/h2>\n<p style=\"text-align: justify;\"><span style=\"font-size: 14pt;\"><strong>52.8%<\/strong><\/span> der Befragten sch\u00e4tzt es, wenn ein Autor auf den sozialen Netzwerken <strong>vertreten<\/strong> ist. <span style=\"font-size: 14pt;\"><strong>20.8%<\/strong><\/span> ist das absolut unwichtig.<\/p>\n<h2 style=\"text-align: justify;\">Newsletter?<\/h2>\n<p style=\"text-align: justify;\">Einen <strong>Newsletter<\/strong> kann man sich als Autor bei <span style=\"font-size: 14pt;\"><strong>45.3%<\/strong><\/span> der Befragten sparen.<\/p>\n<h2><span class=\"freebirdAnalyticsViewQuestionTitle\" data-questiontitle=\"1397286607\">Bezahlen f\u00fcr Goodies?<\/span><\/h2>\n<p><img loading=\"lazy\" decoding=\"async\" class=\"alignnone size-full wp-image-5572\" src=\"https:\/\/www.marc-weiherhof.ch\/blog\/wp-content\/uploads\/14.jpg\" alt=\"\" width=\"517\" height=\"271\" srcset=\"https:\/\/www.marc-weiherhof.ch\/blog\/wp-content\/uploads\/14.jpg 517w, https:\/\/www.marc-weiherhof.ch\/blog\/wp-content\/uploads\/14-100x52.jpg 100w, https:\/\/www.marc-weiherhof.ch\/blog\/wp-content\/uploads\/14-300x157.jpg 300w\" sizes=\"auto, (max-width: 517px) 100vw, 517px\" \/><\/p>\n<h2 style=\"text-align: justify;\">Goodies?<\/h2>\n<p style=\"text-align: justify;\">Goodies sind f\u00fcr <span style=\"font-size: 14pt;\"><strong>43.4%<\/strong><\/span> der LeserInnen \u00fcberhaupt <strong>kein Thema<\/strong>, brauchen sie nicht.<\/p>\n<h2>Give-aways, die man sich als Autor sparen kann<\/h2>\n<ul>\n<li>Taschenmesser<\/li>\n<li>Post-it<\/li>\n<li>T-Shirts<\/li>\n<li>Bleistifte<\/li>\n<li>Schirme<\/li>\n<\/ul>\n<p>Was daf\u00fcr immer geht sind Lesezeichen, Kugelschreiber, S\u00fc\u00dfigkeiten und Schl\u00fcsselanh\u00e4nger.<\/p>\n","protected":false},"excerpt":{"rendered":"<p>Dankesch\u00f6n! 53 TeilnehmerInnen, das ist der helle Wahnsinn. Ich danke euch allen f\u00fcr eure Meinungen und die rege Teilnahme. Ich konnte viele Informationen daraus ableiten und werde in Zukunft darauf achten. Aber wie immer: Eine richtige Meinung gibt es nicht. Eure Geschm\u00e4cker sind so verschieden wie ihr selbst und das &#8230; <\/p>\n<p class=\"read-more-container\"><a title=\"Resultate der gro\u00dfen LeserInnenbefragung\" class=\"read-more button\" href=\"https:\/\/www.marc-weiherhof.ch\/blog\/resultate-der-grossen-leserinnenbefragung\/#more-5549\" aria-label=\"Mehr Informationen \u00fcber Resultate der gro\u00dfen LeserInnenbefragung\">Jetzt weiterlesen<\/a><\/p>\n","protected":false},"author":3,"featured_media":0,"parent":0,"menu_order":0,"comment_status":"closed","ping_status":"closed","template":"","meta":{"footnotes":""},"class_list":{"0":"post-5549","1":"page","2":"type-page","3":"status-publish","5":"infinite-scroll-item"},"yoast_head":"<!-- This site is optimized with the Yoast SEO plugin v27.4 - https:\/\/yoast.com\/product\/yoast-seo-wordpress\/ -->\n<title>Resultate der gro\u00dfen LeserInnenbefragung - Marc Weiherhof Autor<\/title>\n<meta name=\"robots\" content=\"index, follow, max-snippet:-1, max-image-preview:large, max-video-preview:-1\" \/>\n<link rel=\"canonical\" href=\"https:\/\/www.marc-weiherhof.ch\/blog\/resultate-der-grossen-leserinnenbefragung\/\" \/>\n<meta property=\"og:locale\" content=\"de_DE\" \/>\n<meta property=\"og:type\" content=\"article\" \/>\n<meta property=\"og:title\" content=\"Resultate der gro\u00dfen LeserInnenbefragung - Marc Weiherhof Autor\" \/>\n<meta property=\"og:description\" content=\"Dankesch\u00f6n! 53 TeilnehmerInnen, das ist der helle Wahnsinn. Ich danke euch allen f\u00fcr eure Meinungen und die rege Teilnahme. Ich konnte viele Informationen daraus ableiten und werde in Zukunft darauf achten. Aber wie immer: Eine richtige Meinung gibt es nicht. Eure Geschm\u00e4cker sind so verschieden wie ihr selbst und das ... Jetzt weiterlesen\" \/>\n<meta property=\"og:url\" content=\"https:\/\/www.marc-weiherhof.ch\/blog\/resultate-der-grossen-leserinnenbefragung\/\" \/>\n<meta property=\"og:site_name\" content=\"Marc Weiherhof Autor\" \/>\n<meta property=\"article:publisher\" content=\"http:\/\/www.facebook.com\/marc.weiherhof\" \/>\n<meta property=\"article:modified_time\" content=\"2017-09-24T22:25:53+00:00\" \/>\n<meta property=\"og:image\" content=\"https:\/\/www.marc-weiherhof.ch\/blog\/wp-content\/uploads\/106903-ONCZPN-850-300x300.jpg\" \/>\n<meta name=\"twitter:label1\" content=\"Gesch\u00e4tzte Lesezeit\" \/>\n\t<meta name=\"twitter:data1\" content=\"2\u00a0Minuten\" \/>\n<script type=\"application\/ld+json\" class=\"yoast-schema-graph\">{\"@context\":\"https:\\\/\\\/schema.org\",\"@graph\":[{\"@type\":\"WebPage\",\"@id\":\"https:\\\/\\\/www.marc-weiherhof.ch\\\/blog\\\/resultate-der-grossen-leserinnenbefragung\\\/\",\"url\":\"https:\\\/\\\/www.marc-weiherhof.ch\\\/blog\\\/resultate-der-grossen-leserinnenbefragung\\\/\",\"name\":\"Resultate der gro\u00dfen LeserInnenbefragung - Marc Weiherhof Autor\",\"isPartOf\":{\"@id\":\"https:\\\/\\\/www.marc-weiherhof.ch\\\/blog\\\/#website\"},\"primaryImageOfPage\":{\"@id\":\"https:\\\/\\\/www.marc-weiherhof.ch\\\/blog\\\/resultate-der-grossen-leserinnenbefragung\\\/#primaryimage\"},\"image\":{\"@id\":\"https:\\\/\\\/www.marc-weiherhof.ch\\\/blog\\\/resultate-der-grossen-leserinnenbefragung\\\/#primaryimage\"},\"thumbnailUrl\":\"https:\\\/\\\/www.marc-weiherhof.ch\\\/blog\\\/wp-content\\\/uploads\\\/106903-ONCZPN-850-300x300.jpg\",\"datePublished\":\"2017-09-24T22:08:26+00:00\",\"dateModified\":\"2017-09-24T22:25:53+00:00\",\"breadcrumb\":{\"@id\":\"https:\\\/\\\/www.marc-weiherhof.ch\\\/blog\\\/resultate-der-grossen-leserinnenbefragung\\\/#breadcrumb\"},\"inLanguage\":\"de\",\"potentialAction\":[{\"@type\":\"ReadAction\",\"target\":[\"https:\\\/\\\/www.marc-weiherhof.ch\\\/blog\\\/resultate-der-grossen-leserinnenbefragung\\\/\"]}]},{\"@type\":\"ImageObject\",\"inLanguage\":\"de\",\"@id\":\"https:\\\/\\\/www.marc-weiherhof.ch\\\/blog\\\/resultate-der-grossen-leserinnenbefragung\\\/#primaryimage\",\"url\":\"https:\\\/\\\/www.marc-weiherhof.ch\\\/blog\\\/wp-content\\\/uploads\\\/106903-ONCZPN-850.jpg\",\"contentUrl\":\"https:\\\/\\\/www.marc-weiherhof.ch\\\/blog\\\/wp-content\\\/uploads\\\/106903-ONCZPN-850.jpg\",\"width\":2000,\"height\":2000},{\"@type\":\"BreadcrumbList\",\"@id\":\"https:\\\/\\\/www.marc-weiherhof.ch\\\/blog\\\/resultate-der-grossen-leserinnenbefragung\\\/#breadcrumb\",\"itemListElement\":[{\"@type\":\"ListItem\",\"position\":1,\"name\":\"Marc Weiherhofs Blog\",\"item\":\"https:\\\/\\\/www.marc-weiherhof.ch\\\/blog\\\/\"},{\"@type\":\"ListItem\",\"position\":2,\"name\":\"Resultate der gro\u00dfen LeserInnenbefragung\"}]},{\"@type\":\"WebSite\",\"@id\":\"https:\\\/\\\/www.marc-weiherhof.ch\\\/blog\\\/#website\",\"url\":\"https:\\\/\\\/www.marc-weiherhof.ch\\\/blog\\\/\",\"name\":\"Marc Weiherhof MM Romance Autor\",\"description\":\"Homo-Romane, schwule Literatur, queer, schwul, Autor, Gay-Genre, Marc Weiherhof, Homo-B\u00fccher, Gay Romance, Autor, MM Romance\",\"publisher\":{\"@id\":\"https:\\\/\\\/www.marc-weiherhof.ch\\\/blog\\\/#organization\"},\"potentialAction\":[{\"@type\":\"SearchAction\",\"target\":{\"@type\":\"EntryPoint\",\"urlTemplate\":\"https:\\\/\\\/www.marc-weiherhof.ch\\\/blog\\\/?s={search_term_string}\"},\"query-input\":{\"@type\":\"PropertyValueSpecification\",\"valueRequired\":true,\"valueName\":\"search_term_string\"}}],\"inLanguage\":\"de\"},{\"@type\":\"Organization\",\"@id\":\"https:\\\/\\\/www.marc-weiherhof.ch\\\/blog\\\/#organization\",\"name\":\"Marc Weiherhof\",\"url\":\"https:\\\/\\\/www.marc-weiherhof.ch\\\/blog\\\/\",\"logo\":{\"@type\":\"ImageObject\",\"inLanguage\":\"de\",\"@id\":\"https:\\\/\\\/www.marc-weiherhof.ch\\\/blog\\\/#\\\/schema\\\/logo\\\/image\\\/\",\"url\":\"https:\\\/\\\/www.marc-weiherhof.ch\\\/blog\\\/wp-content\\\/uploads\\\/MW-Logo-unten.svg\",\"contentUrl\":\"https:\\\/\\\/www.marc-weiherhof.ch\\\/blog\\\/wp-content\\\/uploads\\\/MW-Logo-unten.svg\",\"width\":1,\"height\":1,\"caption\":\"Marc Weiherhof\"},\"image\":{\"@id\":\"https:\\\/\\\/www.marc-weiherhof.ch\\\/blog\\\/#\\\/schema\\\/logo\\\/image\\\/\"},\"sameAs\":[\"http:\\\/\\\/www.facebook.com\\\/marc.weiherhof\",\"https:\\\/\\\/www.instagram.com\\\/marcweiherhofautor\\\/\"]}]}<\/script>\n<!-- \/ Yoast SEO plugin. -->","yoast_head_json":{"title":"Resultate der gro\u00dfen LeserInnenbefragung - Marc Weiherhof Autor","robots":{"index":"index","follow":"follow","max-snippet":"max-snippet:-1","max-image-preview":"max-image-preview:large","max-video-preview":"max-video-preview:-1"},"canonical":"https:\/\/www.marc-weiherhof.ch\/blog\/resultate-der-grossen-leserinnenbefragung\/","og_locale":"de_DE","og_type":"article","og_title":"Resultate der gro\u00dfen LeserInnenbefragung - Marc Weiherhof Autor","og_description":"Dankesch\u00f6n! 53 TeilnehmerInnen, das ist der helle Wahnsinn. Ich danke euch allen f\u00fcr eure Meinungen und die rege Teilnahme. Ich konnte viele Informationen daraus ableiten und werde in Zukunft darauf achten. Aber wie immer: Eine richtige Meinung gibt es nicht. Eure Geschm\u00e4cker sind so verschieden wie ihr selbst und das ... Jetzt weiterlesen","og_url":"https:\/\/www.marc-weiherhof.ch\/blog\/resultate-der-grossen-leserinnenbefragung\/","og_site_name":"Marc Weiherhof Autor","article_publisher":"http:\/\/www.facebook.com\/marc.weiherhof","article_modified_time":"2017-09-24T22:25:53+00:00","og_image":[{"url":"https:\/\/www.marc-weiherhof.ch\/blog\/wp-content\/uploads\/106903-ONCZPN-850-300x300.jpg","type":"","width":"","height":""}],"twitter_misc":{"Gesch\u00e4tzte Lesezeit":"2\u00a0Minuten"},"schema":{"@context":"https:\/\/schema.org","@graph":[{"@type":"WebPage","@id":"https:\/\/www.marc-weiherhof.ch\/blog\/resultate-der-grossen-leserinnenbefragung\/","url":"https:\/\/www.marc-weiherhof.ch\/blog\/resultate-der-grossen-leserinnenbefragung\/","name":"Resultate der gro\u00dfen LeserInnenbefragung - Marc Weiherhof Autor","isPartOf":{"@id":"https:\/\/www.marc-weiherhof.ch\/blog\/#website"},"primaryImageOfPage":{"@id":"https:\/\/www.marc-weiherhof.ch\/blog\/resultate-der-grossen-leserinnenbefragung\/#primaryimage"},"image":{"@id":"https:\/\/www.marc-weiherhof.ch\/blog\/resultate-der-grossen-leserinnenbefragung\/#primaryimage"},"thumbnailUrl":"https:\/\/www.marc-weiherhof.ch\/blog\/wp-content\/uploads\/106903-ONCZPN-850-300x300.jpg","datePublished":"2017-09-24T22:08:26+00:00","dateModified":"2017-09-24T22:25:53+00:00","breadcrumb":{"@id":"https:\/\/www.marc-weiherhof.ch\/blog\/resultate-der-grossen-leserinnenbefragung\/#breadcrumb"},"inLanguage":"de","potentialAction":[{"@type":"ReadAction","target":["https:\/\/www.marc-weiherhof.ch\/blog\/resultate-der-grossen-leserinnenbefragung\/"]}]},{"@type":"ImageObject","inLanguage":"de","@id":"https:\/\/www.marc-weiherhof.ch\/blog\/resultate-der-grossen-leserinnenbefragung\/#primaryimage","url":"https:\/\/www.marc-weiherhof.ch\/blog\/wp-content\/uploads\/106903-ONCZPN-850.jpg","contentUrl":"https:\/\/www.marc-weiherhof.ch\/blog\/wp-content\/uploads\/106903-ONCZPN-850.jpg","width":2000,"height":2000},{"@type":"BreadcrumbList","@id":"https:\/\/www.marc-weiherhof.ch\/blog\/resultate-der-grossen-leserinnenbefragung\/#breadcrumb","itemListElement":[{"@type":"ListItem","position":1,"name":"Marc Weiherhofs Blog","item":"https:\/\/www.marc-weiherhof.ch\/blog\/"},{"@type":"ListItem","position":2,"name":"Resultate der gro\u00dfen LeserInnenbefragung"}]},{"@type":"WebSite","@id":"https:\/\/www.marc-weiherhof.ch\/blog\/#website","url":"https:\/\/www.marc-weiherhof.ch\/blog\/","name":"Marc Weiherhof MM Romance Autor","description":"Homo-Romane, schwule Literatur, queer, schwul, Autor, Gay-Genre, Marc Weiherhof, Homo-B\u00fccher, Gay Romance, Autor, MM Romance","publisher":{"@id":"https:\/\/www.marc-weiherhof.ch\/blog\/#organization"},"potentialAction":[{"@type":"SearchAction","target":{"@type":"EntryPoint","urlTemplate":"https:\/\/www.marc-weiherhof.ch\/blog\/?s={search_term_string}"},"query-input":{"@type":"PropertyValueSpecification","valueRequired":true,"valueName":"search_term_string"}}],"inLanguage":"de"},{"@type":"Organization","@id":"https:\/\/www.marc-weiherhof.ch\/blog\/#organization","name":"Marc Weiherhof","url":"https:\/\/www.marc-weiherhof.ch\/blog\/","logo":{"@type":"ImageObject","inLanguage":"de","@id":"https:\/\/www.marc-weiherhof.ch\/blog\/#\/schema\/logo\/image\/","url":"https:\/\/www.marc-weiherhof.ch\/blog\/wp-content\/uploads\/MW-Logo-unten.svg","contentUrl":"https:\/\/www.marc-weiherhof.ch\/blog\/wp-content\/uploads\/MW-Logo-unten.svg","width":1,"height":1,"caption":"Marc Weiherhof"},"image":{"@id":"https:\/\/www.marc-weiherhof.ch\/blog\/#\/schema\/logo\/image\/"},"sameAs":["http:\/\/www.facebook.com\/marc.weiherhof","https:\/\/www.instagram.com\/marcweiherhofautor\/"]}]}},"_links":{"self":[{"href":"https:\/\/www.marc-weiherhof.ch\/blog\/wp-json\/wp\/v2\/pages\/5549","targetHints":{"allow":["GET"]}}],"collection":[{"href":"https:\/\/www.marc-weiherhof.ch\/blog\/wp-json\/wp\/v2\/pages"}],"about":[{"href":"https:\/\/www.marc-weiherhof.ch\/blog\/wp-json\/wp\/v2\/types\/page"}],"author":[{"embeddable":true,"href":"https:\/\/www.marc-weiherhof.ch\/blog\/wp-json\/wp\/v2\/users\/3"}],"replies":[{"embeddable":true,"href":"https:\/\/www.marc-weiherhof.ch\/blog\/wp-json\/wp\/v2\/comments?post=5549"}],"version-history":[{"count":0,"href":"https:\/\/www.marc-weiherhof.ch\/blog\/wp-json\/wp\/v2\/pages\/5549\/revisions"}],"wp:attachment":[{"href":"https:\/\/www.marc-weiherhof.ch\/blog\/wp-json\/wp\/v2\/media?parent=5549"}],"curies":[{"name":"wp","href":"https:\/\/api.w.org\/{rel}","templated":true}]}}