{"id":8062,"date":"2026-01-23T22:41:35","date_gmt":"2026-01-23T21:41:35","guid":{"rendered":"https:\/\/www.marc-weiherhof.ch\/blog\/?page_id=8062"},"modified":"2026-02-13T21:43:44","modified_gmt":"2026-02-13T20:43:44","slug":"queeres-buchlexikon","status":"publish","type":"page","link":"https:\/\/www.marc-weiherhof.ch\/blog\/queeres-buchlexikon\/","title":{"rendered":"Queeres Buchlexikon"},"content":{"rendered":"<div class=\"gb-container gb-container-63b7df8c\">\n<div class=\"gb-container gb-container-b3874e46\">\n<div class=\"gb-grid-wrapper gb-grid-wrapper-b3df5e35\">\n<div class=\"gb-grid-column gb-grid-column-18220b81\"><div class=\"gb-container gb-container-18220b81\">\n\n<figure class=\"wp-block-image size-full\"><img loading=\"lazy\" decoding=\"async\" width=\"1000\" height=\"563\" src=\"https:\/\/www.marc-weiherhof.ch\/blog\/wp-content\/uploads\/queeres-buchlexikon-gay-romance-queere-romane-schwule-buecher.webp\" alt=\"Zwei M\u00e4nner mit B\u00fccher und Fragezeichen in den Gesichtern. Titelbild f\u00fcr die Seite &quot;queeres Buchlexikon&quot;\" class=\"wp-image-8059\" srcset=\"https:\/\/www.marc-weiherhof.ch\/blog\/wp-content\/uploads\/queeres-buchlexikon-gay-romance-queere-romane-schwule-buecher.webp 1000w, https:\/\/www.marc-weiherhof.ch\/blog\/wp-content\/uploads\/queeres-buchlexikon-gay-romance-queere-romane-schwule-buecher-100x56.webp 100w, https:\/\/www.marc-weiherhof.ch\/blog\/wp-content\/uploads\/queeres-buchlexikon-gay-romance-queere-romane-schwule-buecher-300x169.webp 300w, https:\/\/www.marc-weiherhof.ch\/blog\/wp-content\/uploads\/queeres-buchlexikon-gay-romance-queere-romane-schwule-buecher-768x432.webp 768w\" sizes=\"auto, (max-width: 1000px) 100vw, 1000px\" \/><\/figure>\n\n<\/div><\/div>\n\n<div class=\"gb-grid-column gb-grid-column-780ed20d\"><div class=\"gb-container gb-container-780ed20d\">\n\n<h1 class=\"wp-block-heading has-text-color has-link-color wp-elements-7ec9e76d714f853f474e6db39012f4e8\" style=\"color:#146771\">Dein queeres Buchlexikon<\/h1>\n\n\n\n<h3 class=\"wp-block-heading has-text-color has-link-color wp-elements-37a2dd5dd323187a51ac7fbf527d8efd\" style=\"color:#146771\">Begriffe rund um schwule B\u00fccher, Gay Romance und queere Romane<\/h3>\n\n\n\n<p>Erkl\u00e4rungen, Einordnungen und Begriffe aus der queeren B\u00fccherwelt. Verst\u00e4ndlich, klar und aus der Praxis eines Autors.<\/p>\n\n<\/div><\/div>\n<\/div>\n<\/div>\n<\/div>\n\n<div class=\"gb-container gb-container-585978b0\">\n<div class=\"gb-container gb-container-224d69cf\">\n\n<h2 class=\"wp-block-heading\">Queeres Buchlexikon: Meine Gr\u00fcnde f\u00fcr den Aufbau<\/h2>\n\n\n\n<p>Ich schreibe queere Romane \u00fcber Liebe, N\u00e4he, Begehren, Spannung und emotionale Entwicklung. Dabei begegnen mir immer wieder Begriffe, die Leserinnen und Leser unterschiedlich interpretieren.<\/p>\n\n\n\n<p>Mit diesem Glossar m\u00f6chte ich Orientierung geben. Nicht als theoretisches Nachschlagewerk, sondern als praktische Einordnung aus Sicht eines Autors. Die Erkl\u00e4rungen basieren auf meiner eigenen Arbeit, meinen B\u00fcchern und meiner Erfahrung mit queerer Literatur.<\/p>\n\n\n\n<p>Dieses Glossar richtet sich an alle, die queere B\u00fccher lesen oder entdecken m\u00f6chten und Wert auf klare Begriffe und ehrliche Einordnung legen.<\/p>\n\n<\/div>\n<\/div>\n\n<div class=\"gb-container gb-container-e58c8b98\">\n<div class=\"gb-container gb-container-29f9114f\">\n\n<h2 class=\"wp-block-heading\">So ist das Glossar aufgebaut<\/h2>\n\n\n\n<p>Jeder Begriff wird auf einer eigenen Seite erkl\u00e4rt. Du findest eine kurze Definition, eine Einordnung und Hinweise darauf, wie der Begriff in der queeren Literatur verwendet wird.<\/p>\n\n\n\n<p>Das queere Buchlexikon wird laufend erweitert. <\/p>\n\n\n\n<p>Du findest unter anderem Antworten auf diese Fragen:<\/p>\n\n\n\n<ul class=\"wp-block-list\">\n<li>Was sind <a href=\"https:\/\/www.marc-weiherhof.ch\/blog\/was-sind-schwule-buecher\/\">schwule B\u00fccher<\/a>?<\/li>\n\n\n\n<li>Was ist <a href=\"https:\/\/www.marc-weiherhof.ch\/blog\/was-ist-gay-romance\/\">Gay Romance<\/a>?<\/li>\n\n\n\n<li>Was bedeutet MM Romance?<\/li>\n\n\n\n<li>Was sind queere Romane?<\/li>\n<\/ul>\n\n<\/div>\n<\/div>\n\n<div class=\"gb-container gb-container-91234c4e\">\n<div class=\"gb-container gb-container-9d992b7e\">\n\n<h2 class=\"wp-block-heading\">Bleib noch einen Moment in meiner Welt<\/h2>\n\n\n\n<p>Wenn du schwule B\u00fccher genau so liebst, wie ich, dann hol dir jetzt eine exklusive Kurzgeschichte, die voller Gef\u00fchl und Emotionen ist.<\/p>\n\n\n\n<a class=\"gb-button gb-button-9072e63c gb-button-text\" href=\"https:\/\/www.marc-weiherhof.ch\/blog\/dein-platz-in-meiner-buecherwelt\/\">Trete meiner Buchwelt bei<\/a>\n\n<\/div>\n<\/div>\n\n\n<p><\/p>\n","protected":false},"excerpt":{"rendered":"<p>Queeres Buchlexikon: Meine Gr\u00fcnde f\u00fcr den Aufbau Ich schreibe queere Romane \u00fcber Liebe, N\u00e4he, Begehren, Spannung und emotionale Entwicklung. Dabei begegnen mir immer wieder Begriffe, die Leserinnen und Leser unterschiedlich interpretieren. Mit diesem Glossar m\u00f6chte ich Orientierung geben. Nicht als theoretisches Nachschlagewerk, sondern als praktische Einordnung aus Sicht eines Autors. &#8230; <\/p>\n<p class=\"read-more-container\"><a title=\"Queeres Buchlexikon\" class=\"read-more button\" href=\"https:\/\/www.marc-weiherhof.ch\/blog\/queeres-buchlexikon\/#more-8062\" aria-label=\"Mehr Informationen \u00fcber Queeres Buchlexikon\">Jetzt weiterlesen<\/a><\/p>\n","protected":false},"author":3,"featured_media":0,"parent":0,"menu_order":0,"comment_status":"closed","ping_status":"closed","template":"","meta":{"footnotes":""},"class_list":{"0":"post-8062","1":"page","2":"type-page","3":"status-publish","5":"infinite-scroll-item"},"yoast_head":"<!-- This site is optimized with the Yoast SEO plugin v27.4 - https:\/\/yoast.com\/product\/yoast-seo-wordpress\/ -->\n<title>Dein queeres Buchlexikon \u2013 Antworten auf deine Fragen<\/title>\n<meta name=\"description\" content=\"Begriffe rund um schwule B\u00fccher, Gay Romance und queere Romane verst\u00e4ndlich erkl\u00e4rt. Dein queeres Buchlexikon mit klaren Einordnungen.\" \/>\n<meta name=\"robots\" content=\"index, follow, max-snippet:-1, max-image-preview:large, max-video-preview:-1\" \/>\n<link rel=\"canonical\" href=\"https:\/\/www.marc-weiherhof.ch\/blog\/queeres-buchlexikon\/\" \/>\n<meta property=\"og:locale\" content=\"de_DE\" \/>\n<meta property=\"og:type\" content=\"article\" \/>\n<meta property=\"og:title\" content=\"Dein queeres Buchlexikon \u2013 Antworten auf deine Fragen\" \/>\n<meta property=\"og:description\" content=\"Begriffe rund um schwule B\u00fccher, Gay Romance und queere Romane verst\u00e4ndlich erkl\u00e4rt. Dein queeres Buchlexikon mit klaren Einordnungen.\" \/>\n<meta property=\"og:url\" content=\"https:\/\/www.marc-weiherhof.ch\/blog\/queeres-buchlexikon\/\" \/>\n<meta property=\"og:site_name\" content=\"Marc Weiherhof Autor\" \/>\n<meta property=\"article:publisher\" content=\"http:\/\/www.facebook.com\/marc.weiherhof\" \/>\n<meta property=\"article:modified_time\" content=\"2026-02-13T20:43:44+00:00\" \/>\n<meta property=\"og:image\" content=\"https:\/\/www.marc-weiherhof.ch\/blog\/wp-content\/uploads\/queeres-buchlexikon-gay-romance-queere-romane-schwule-buecher.webp\" \/>\n\t<meta property=\"og:image:width\" content=\"1000\" \/>\n\t<meta property=\"og:image:height\" content=\"563\" \/>\n\t<meta property=\"og:image:type\" content=\"image\/webp\" \/>\n<meta name=\"twitter:label1\" content=\"Gesch\u00e4tzte Lesezeit\" \/>\n\t<meta name=\"twitter:data1\" content=\"2\u00a0Minuten\" \/>\n<script type=\"application\/ld+json\" class=\"yoast-schema-graph\">{\"@context\":\"https:\\\/\\\/schema.org\",\"@graph\":[{\"@type\":\"WebPage\",\"@id\":\"https:\\\/\\\/www.marc-weiherhof.ch\\\/blog\\\/queeres-buchlexikon\\\/\",\"url\":\"https:\\\/\\\/www.marc-weiherhof.ch\\\/blog\\\/queeres-buchlexikon\\\/\",\"name\":\"Dein queeres Buchlexikon \u2013 Antworten auf deine Fragen\",\"isPartOf\":{\"@id\":\"https:\\\/\\\/www.marc-weiherhof.ch\\\/blog\\\/#website\"},\"primaryImageOfPage\":{\"@id\":\"https:\\\/\\\/www.marc-weiherhof.ch\\\/blog\\\/queeres-buchlexikon\\\/#primaryimage\"},\"image\":{\"@id\":\"https:\\\/\\\/www.marc-weiherhof.ch\\\/blog\\\/queeres-buchlexikon\\\/#primaryimage\"},\"thumbnailUrl\":\"https:\\\/\\\/www.marc-weiherhof.ch\\\/blog\\\/wp-content\\\/uploads\\\/queeres-buchlexikon-gay-romance-queere-romane-schwule-buecher.webp\",\"datePublished\":\"2026-01-23T21:41:35+00:00\",\"dateModified\":\"2026-02-13T20:43:44+00:00\",\"description\":\"Begriffe rund um schwule B\u00fccher, Gay Romance und queere Romane verst\u00e4ndlich erkl\u00e4rt. Dein queeres Buchlexikon mit klaren Einordnungen.\",\"breadcrumb\":{\"@id\":\"https:\\\/\\\/www.marc-weiherhof.ch\\\/blog\\\/queeres-buchlexikon\\\/#breadcrumb\"},\"inLanguage\":\"de\",\"potentialAction\":[{\"@type\":\"ReadAction\",\"target\":[\"https:\\\/\\\/www.marc-weiherhof.ch\\\/blog\\\/queeres-buchlexikon\\\/\"]}]},{\"@type\":\"ImageObject\",\"inLanguage\":\"de\",\"@id\":\"https:\\\/\\\/www.marc-weiherhof.ch\\\/blog\\\/queeres-buchlexikon\\\/#primaryimage\",\"url\":\"https:\\\/\\\/www.marc-weiherhof.ch\\\/blog\\\/wp-content\\\/uploads\\\/queeres-buchlexikon-gay-romance-queere-romane-schwule-buecher.webp\",\"contentUrl\":\"https:\\\/\\\/www.marc-weiherhof.ch\\\/blog\\\/wp-content\\\/uploads\\\/queeres-buchlexikon-gay-romance-queere-romane-schwule-buecher.webp\",\"width\":1000,\"height\":563,\"caption\":\"Zwei M\u00e4nner mit B\u00fccher und Fragezeichen in den Gesichtern. Titelbild f\u00fcr das queere Buchlexikon\"},{\"@type\":\"BreadcrumbList\",\"@id\":\"https:\\\/\\\/www.marc-weiherhof.ch\\\/blog\\\/queeres-buchlexikon\\\/#breadcrumb\",\"itemListElement\":[{\"@type\":\"ListItem\",\"position\":1,\"name\":\"Marc Weiherhofs Blog\",\"item\":\"https:\\\/\\\/www.marc-weiherhof.ch\\\/blog\\\/\"},{\"@type\":\"ListItem\",\"position\":2,\"name\":\"Queeres Buchlexikon\"}]},{\"@type\":\"WebSite\",\"@id\":\"https:\\\/\\\/www.marc-weiherhof.ch\\\/blog\\\/#website\",\"url\":\"https:\\\/\\\/www.marc-weiherhof.ch\\\/blog\\\/\",\"name\":\"Marc Weiherhof MM Romance Autor\",\"description\":\"Homo-Romane, schwule Literatur, queer, schwul, Autor, Gay-Genre, Marc Weiherhof, Homo-B\u00fccher, Gay Romance, Autor, MM Romance\",\"publisher\":{\"@id\":\"https:\\\/\\\/www.marc-weiherhof.ch\\\/blog\\\/#organization\"},\"potentialAction\":[{\"@type\":\"SearchAction\",\"target\":{\"@type\":\"EntryPoint\",\"urlTemplate\":\"https:\\\/\\\/www.marc-weiherhof.ch\\\/blog\\\/?s={search_term_string}\"},\"query-input\":{\"@type\":\"PropertyValueSpecification\",\"valueRequired\":true,\"valueName\":\"search_term_string\"}}],\"inLanguage\":\"de\"},{\"@type\":\"Organization\",\"@id\":\"https:\\\/\\\/www.marc-weiherhof.ch\\\/blog\\\/#organization\",\"name\":\"Marc Weiherhof\",\"url\":\"https:\\\/\\\/www.marc-weiherhof.ch\\\/blog\\\/\",\"logo\":{\"@type\":\"ImageObject\",\"inLanguage\":\"de\",\"@id\":\"https:\\\/\\\/www.marc-weiherhof.ch\\\/blog\\\/#\\\/schema\\\/logo\\\/image\\\/\",\"url\":\"https:\\\/\\\/www.marc-weiherhof.ch\\\/blog\\\/wp-content\\\/uploads\\\/MW-Logo-unten.svg\",\"contentUrl\":\"https:\\\/\\\/www.marc-weiherhof.ch\\\/blog\\\/wp-content\\\/uploads\\\/MW-Logo-unten.svg\",\"width\":1,\"height\":1,\"caption\":\"Marc Weiherhof\"},\"image\":{\"@id\":\"https:\\\/\\\/www.marc-weiherhof.ch\\\/blog\\\/#\\\/schema\\\/logo\\\/image\\\/\"},\"sameAs\":[\"http:\\\/\\\/www.facebook.com\\\/marc.weiherhof\",\"https:\\\/\\\/www.instagram.com\\\/marcweiherhofautor\\\/\"]}]}<\/script>\n<!-- \/ Yoast SEO plugin. -->","yoast_head_json":{"title":"Dein queeres Buchlexikon \u2013 Antworten auf deine Fragen","description":"Begriffe rund um schwule B\u00fccher, Gay Romance und queere Romane verst\u00e4ndlich erkl\u00e4rt. Dein queeres Buchlexikon mit klaren Einordnungen.","robots":{"index":"index","follow":"follow","max-snippet":"max-snippet:-1","max-image-preview":"max-image-preview:large","max-video-preview":"max-video-preview:-1"},"canonical":"https:\/\/www.marc-weiherhof.ch\/blog\/queeres-buchlexikon\/","og_locale":"de_DE","og_type":"article","og_title":"Dein queeres Buchlexikon \u2013 Antworten auf deine Fragen","og_description":"Begriffe rund um schwule B\u00fccher, Gay Romance und queere Romane verst\u00e4ndlich erkl\u00e4rt. Dein queeres Buchlexikon mit klaren Einordnungen.","og_url":"https:\/\/www.marc-weiherhof.ch\/blog\/queeres-buchlexikon\/","og_site_name":"Marc Weiherhof Autor","article_publisher":"http:\/\/www.facebook.com\/marc.weiherhof","article_modified_time":"2026-02-13T20:43:44+00:00","og_image":[{"width":1000,"height":563,"url":"https:\/\/www.marc-weiherhof.ch\/blog\/wp-content\/uploads\/queeres-buchlexikon-gay-romance-queere-romane-schwule-buecher.webp","type":"image\/webp"}],"twitter_misc":{"Gesch\u00e4tzte Lesezeit":"2\u00a0Minuten"},"schema":{"@context":"https:\/\/schema.org","@graph":[{"@type":"WebPage","@id":"https:\/\/www.marc-weiherhof.ch\/blog\/queeres-buchlexikon\/","url":"https:\/\/www.marc-weiherhof.ch\/blog\/queeres-buchlexikon\/","name":"Dein queeres Buchlexikon \u2013 Antworten auf deine Fragen","isPartOf":{"@id":"https:\/\/www.marc-weiherhof.ch\/blog\/#website"},"primaryImageOfPage":{"@id":"https:\/\/www.marc-weiherhof.ch\/blog\/queeres-buchlexikon\/#primaryimage"},"image":{"@id":"https:\/\/www.marc-weiherhof.ch\/blog\/queeres-buchlexikon\/#primaryimage"},"thumbnailUrl":"https:\/\/www.marc-weiherhof.ch\/blog\/wp-content\/uploads\/queeres-buchlexikon-gay-romance-queere-romane-schwule-buecher.webp","datePublished":"2026-01-23T21:41:35+00:00","dateModified":"2026-02-13T20:43:44+00:00","description":"Begriffe rund um schwule B\u00fccher, Gay Romance und queere Romane verst\u00e4ndlich erkl\u00e4rt. Dein queeres Buchlexikon mit klaren Einordnungen.","breadcrumb":{"@id":"https:\/\/www.marc-weiherhof.ch\/blog\/queeres-buchlexikon\/#breadcrumb"},"inLanguage":"de","potentialAction":[{"@type":"ReadAction","target":["https:\/\/www.marc-weiherhof.ch\/blog\/queeres-buchlexikon\/"]}]},{"@type":"ImageObject","inLanguage":"de","@id":"https:\/\/www.marc-weiherhof.ch\/blog\/queeres-buchlexikon\/#primaryimage","url":"https:\/\/www.marc-weiherhof.ch\/blog\/wp-content\/uploads\/queeres-buchlexikon-gay-romance-queere-romane-schwule-buecher.webp","contentUrl":"https:\/\/www.marc-weiherhof.ch\/blog\/wp-content\/uploads\/queeres-buchlexikon-gay-romance-queere-romane-schwule-buecher.webp","width":1000,"height":563,"caption":"Zwei M\u00e4nner mit B\u00fccher und Fragezeichen in den Gesichtern. Titelbild f\u00fcr das queere Buchlexikon"},{"@type":"BreadcrumbList","@id":"https:\/\/www.marc-weiherhof.ch\/blog\/queeres-buchlexikon\/#breadcrumb","itemListElement":[{"@type":"ListItem","position":1,"name":"Marc Weiherhofs Blog","item":"https:\/\/www.marc-weiherhof.ch\/blog\/"},{"@type":"ListItem","position":2,"name":"Queeres Buchlexikon"}]},{"@type":"WebSite","@id":"https:\/\/www.marc-weiherhof.ch\/blog\/#website","url":"https:\/\/www.marc-weiherhof.ch\/blog\/","name":"Marc Weiherhof MM Romance Autor","description":"Homo-Romane, schwule Literatur, queer, schwul, Autor, Gay-Genre, Marc Weiherhof, Homo-B\u00fccher, Gay Romance, Autor, MM Romance","publisher":{"@id":"https:\/\/www.marc-weiherhof.ch\/blog\/#organization"},"potentialAction":[{"@type":"SearchAction","target":{"@type":"EntryPoint","urlTemplate":"https:\/\/www.marc-weiherhof.ch\/blog\/?s={search_term_string}"},"query-input":{"@type":"PropertyValueSpecification","valueRequired":true,"valueName":"search_term_string"}}],"inLanguage":"de"},{"@type":"Organization","@id":"https:\/\/www.marc-weiherhof.ch\/blog\/#organization","name":"Marc Weiherhof","url":"https:\/\/www.marc-weiherhof.ch\/blog\/","logo":{"@type":"ImageObject","inLanguage":"de","@id":"https:\/\/www.marc-weiherhof.ch\/blog\/#\/schema\/logo\/image\/","url":"https:\/\/www.marc-weiherhof.ch\/blog\/wp-content\/uploads\/MW-Logo-unten.svg","contentUrl":"https:\/\/www.marc-weiherhof.ch\/blog\/wp-content\/uploads\/MW-Logo-unten.svg","width":1,"height":1,"caption":"Marc Weiherhof"},"image":{"@id":"https:\/\/www.marc-weiherhof.ch\/blog\/#\/schema\/logo\/image\/"},"sameAs":["http:\/\/www.facebook.com\/marc.weiherhof","https:\/\/www.instagram.com\/marcweiherhofautor\/"]}]}},"_links":{"self":[{"href":"https:\/\/www.marc-weiherhof.ch\/blog\/wp-json\/wp\/v2\/pages\/8062","targetHints":{"allow":["GET"]}}],"collection":[{"href":"https:\/\/www.marc-weiherhof.ch\/blog\/wp-json\/wp\/v2\/pages"}],"about":[{"href":"https:\/\/www.marc-weiherhof.ch\/blog\/wp-json\/wp\/v2\/types\/page"}],"author":[{"embeddable":true,"href":"https:\/\/www.marc-weiherhof.ch\/blog\/wp-json\/wp\/v2\/users\/3"}],"replies":[{"embeddable":true,"href":"https:\/\/www.marc-weiherhof.ch\/blog\/wp-json\/wp\/v2\/comments?post=8062"}],"version-history":[{"count":0,"href":"https:\/\/www.marc-weiherhof.ch\/blog\/wp-json\/wp\/v2\/pages\/8062\/revisions"}],"wp:attachment":[{"href":"https:\/\/www.marc-weiherhof.ch\/blog\/wp-json\/wp\/v2\/media?parent=8062"}],"curies":[{"name":"wp","href":"https:\/\/api.w.org\/{rel}","templated":true}]}}