{"id":8140,"date":"2026-02-08T21:35:35","date_gmt":"2026-02-08T20:35:35","guid":{"rendered":"https:\/\/www.marc-weiherhof.ch\/blog\/?page_id=8140"},"modified":"2026-02-13T20:52:06","modified_gmt":"2026-02-13T19:52:06","slug":"die-liste-der-wunder","status":"publish","type":"page","link":"https:\/\/www.marc-weiherhof.ch\/blog\/buecher\/die-liste-der-wunder\/","title":{"rendered":"Die Liste der Wunder"},"content":{"rendered":"<div class=\"gb-container gb-container-63b7df8c\">\n<div class=\"gb-container gb-container-b3874e46\">\n<div class=\"gb-grid-wrapper gb-grid-wrapper-b3df5e35\">\n<div class=\"gb-grid-column gb-grid-column-18220b81\"><div class=\"gb-container gb-container-18220b81\">\n\n<figure class=\"wp-block-image size-large\"><img loading=\"lazy\" decoding=\"async\" width=\"1024\" height=\"575\" src=\"https:\/\/www.marc-weiherhof.ch\/blog\/wp-content\/uploads\/die-liste-der-wunder-schwule-weihnachten-gay-romance-marc-weiherhof-1024x575.webp\" alt=\"Buchcover einer Gay Romance mit einem weihnachtlichen Motiv. Eine schwule Liebesgeschichte.\" class=\"wp-image-8141\" srcset=\"https:\/\/www.marc-weiherhof.ch\/blog\/wp-content\/uploads\/die-liste-der-wunder-schwule-weihnachten-gay-romance-marc-weiherhof-1024x575.webp 1024w, https:\/\/www.marc-weiherhof.ch\/blog\/wp-content\/uploads\/die-liste-der-wunder-schwule-weihnachten-gay-romance-marc-weiherhof-100x56.webp 100w, https:\/\/www.marc-weiherhof.ch\/blog\/wp-content\/uploads\/die-liste-der-wunder-schwule-weihnachten-gay-romance-marc-weiherhof-300x169.webp 300w, https:\/\/www.marc-weiherhof.ch\/blog\/wp-content\/uploads\/die-liste-der-wunder-schwule-weihnachten-gay-romance-marc-weiherhof-768x432.webp 768w, https:\/\/www.marc-weiherhof.ch\/blog\/wp-content\/uploads\/die-liste-der-wunder-schwule-weihnachten-gay-romance-marc-weiherhof.webp 1073w\" sizes=\"auto, (max-width: 1024px) 100vw, 1024px\" \/><\/figure>\n\n<\/div><\/div>\n\n<div class=\"gb-grid-column gb-grid-column-780ed20d\"><div class=\"gb-container gb-container-780ed20d\">\n\n<h1 class=\"wp-block-heading has-text-color has-link-color wp-elements-f665a1642359caa97891a6417702cdea\" style=\"color:#146771\">Die Liste der Wunder<\/h1>\n\n\n\n<h2 class=\"wp-block-heading has-text-color has-link-color wp-elements-c291bb9bbe92bcfa963b80bedc6194c7\" style=\"color:#146771\">Weihnachtsgeschichte \u00fcber Verlust, Hoffnung und leise Wunder<\/h2>\n\n\n\n<p>Eine stille, ber\u00fchrende Gay Romance \u00fcber Trauer, N\u00e4he und den Mut, dem Leben noch einmal eine Chance zu geben.<\/p>\n\n\n\n<a class=\"gb-button gb-button-f4a1f8bd gb-button-text\" href=\"https:\/\/amzn.to\/409j9nz\">Jetzt bei Amazon lesen<\/a>\n\n<\/div><\/div>\n<\/div>\n<\/div>\n<\/div>\n\n<div class=\"gb-container gb-container-e658bb92\">\n<div class=\"gb-container gb-container-3d39361a\">\n\n<h2 class=\"wp-block-heading\">Erh\u00e4ltlich bei diesen Buchhandlungen<\/h2>\n\n\n\n<p>Du kannst <em>Die Liste der Wunder<\/em> als E Book bei folgenden und vielen weiteren Buchhandlungen kaufen. \u00dcberall, wo du deine Lieblingsb\u00fccher entdeckst.<\/p>\n\n<\/div>\n\n<div class=\"gb-container gb-container-ab17126a\">\n<div class=\"gb-grid-wrapper gb-grid-wrapper-1732ecab\">\n<div class=\"gb-grid-column gb-grid-column-61b63848\"><div class=\"gb-container gb-container-61b63848\"><div class=\"gb-inside-container\">\n<div class=\"wp-block-image\">\n<figure class=\"aligncenter size-full\"><a href=\"https:\/\/amzn.to\/409j9nz\"><img loading=\"lazy\" decoding=\"async\" width=\"250\" height=\"250\" src=\"https:\/\/www.marc-weiherhof.ch\/blog\/wp-content\/uploads\/amazon-logo.png\" alt=\"\" class=\"wp-image-7262\" srcset=\"https:\/\/www.marc-weiherhof.ch\/blog\/wp-content\/uploads\/amazon-logo.png 250w, https:\/\/www.marc-weiherhof.ch\/blog\/wp-content\/uploads\/amazon-logo-100x100.png 100w, https:\/\/www.marc-weiherhof.ch\/blog\/wp-content\/uploads\/amazon-logo-150x150.png 150w, https:\/\/www.marc-weiherhof.ch\/blog\/wp-content\/uploads\/amazon-logo-120x120.png 120w\" sizes=\"auto, (max-width: 250px) 100vw, 250px\" \/><\/a><\/figure>\n<\/div>\n<\/div><\/div><\/div>\n\n<div class=\"gb-grid-column gb-grid-column-67049665\"><div class=\"gb-container gb-container-67049665\"><div class=\"gb-inside-container\">\n<div class=\"wp-block-image\">\n<figure class=\"aligncenter size-full\"><a href=\"https:\/\/www.thalia.de\/shop\/home\/artikeldetails\/A1077677940\"><img loading=\"lazy\" decoding=\"async\" width=\"250\" height=\"250\" src=\"https:\/\/www.marc-weiherhof.ch\/blog\/wp-content\/uploads\/thalia.de_.png\" alt=\"\" class=\"wp-image-7422\" srcset=\"https:\/\/www.marc-weiherhof.ch\/blog\/wp-content\/uploads\/thalia.de_.png 250w, https:\/\/www.marc-weiherhof.ch\/blog\/wp-content\/uploads\/thalia.de_-100x100.png 100w, https:\/\/www.marc-weiherhof.ch\/blog\/wp-content\/uploads\/thalia.de_-150x150.png 150w, https:\/\/www.marc-weiherhof.ch\/blog\/wp-content\/uploads\/thalia.de_-120x120.png 120w\" sizes=\"auto, (max-width: 250px) 100vw, 250px\" \/><\/a><\/figure>\n<\/div>\n<\/div><\/div><\/div>\n\n<div class=\"gb-grid-column gb-grid-column-09cdc50d\"><div class=\"gb-container gb-container-09cdc50d\"><div class=\"gb-inside-container\">\n<div class=\"wp-block-image\">\n<figure class=\"aligncenter size-full\"><a href=\"https:\/\/www.thalia.at\/shop\/home\/artikeldetails\/A1077677940\"><img loading=\"lazy\" decoding=\"async\" width=\"250\" height=\"250\" src=\"https:\/\/www.marc-weiherhof.ch\/blog\/wp-content\/uploads\/Thalia.at_.png\" alt=\"\" class=\"wp-image-7424\" srcset=\"https:\/\/www.marc-weiherhof.ch\/blog\/wp-content\/uploads\/Thalia.at_.png 250w, https:\/\/www.marc-weiherhof.ch\/blog\/wp-content\/uploads\/Thalia.at_-100x100.png 100w, https:\/\/www.marc-weiherhof.ch\/blog\/wp-content\/uploads\/Thalia.at_-150x150.png 150w, https:\/\/www.marc-weiherhof.ch\/blog\/wp-content\/uploads\/Thalia.at_-120x120.png 120w\" sizes=\"auto, (max-width: 250px) 100vw, 250px\" \/><\/a><\/figure>\n<\/div>\n<\/div><\/div><\/div>\n\n<div class=\"gb-grid-column gb-grid-column-422b2834\"><div class=\"gb-container gb-container-422b2834\"><div class=\"gb-inside-container\">\n<div class=\"wp-block-image\">\n<figure class=\"aligncenter size-full\"><a href=\"https:\/\/www.orellfuessli.ch\/shop\/home\/artikeldetails\/A1077677940\"><img loading=\"lazy\" decoding=\"async\" width=\"250\" height=\"250\" src=\"https:\/\/www.marc-weiherhof.ch\/blog\/wp-content\/uploads\/orell-logo.png\" alt=\"\" class=\"wp-image-7266\" style=\"object-fit:cover\" srcset=\"https:\/\/www.marc-weiherhof.ch\/blog\/wp-content\/uploads\/orell-logo.png 250w, https:\/\/www.marc-weiherhof.ch\/blog\/wp-content\/uploads\/orell-logo-100x100.png 100w, https:\/\/www.marc-weiherhof.ch\/blog\/wp-content\/uploads\/orell-logo-150x150.png 150w, https:\/\/www.marc-weiherhof.ch\/blog\/wp-content\/uploads\/orell-logo-120x120.png 120w\" sizes=\"auto, (max-width: 250px) 100vw, 250px\" \/><\/a><\/figure>\n<\/div>\n<\/div><\/div><\/div>\n<\/div>\n<\/div>\n<\/div>\n\n<div class=\"gb-container gb-container-585978b0\">\n<div class=\"gb-container gb-container-224d69cf\">\n\n<h2 class=\"wp-block-heading\">Worum geht es in dieser Gay Romance?<\/h2>\n\n\n\n<p>Seit dem Tod seines Partners lebt Emil im Stillstand. Die Tage ziehen vorbei, farblos und leer. Weihnachten, einst ein Fest der N\u00e4he, ist f\u00fcr ihn nur noch ein schmerzlicher Reminder an alles, was fehlt. Also streicht er es. Aus dem Kalender. Aus dem Herzen.<\/p>\n\n\n\n<p>Als Nazar in sein Leben tritt, ein junger Pfleger mit offener Art, W\u00e4rme und einem Talent daf\u00fcr, Dinge ungewollt ins Rollen zu bringen, beginnt sich etwas zu ver\u00e4ndern. Zwischen vorsichtigen Gespr\u00e4chen, kleinen Alltagsmomenten und unerwarteter N\u00e4he entsteht eine Verbindung, die Emil langsam zur\u00fcck ins Leben f\u00fchrt.<\/p>\n\n\n\n<p><em>Die Liste der Wunder<\/em> erz\u00e4hlt leise und ehrlich von Verlust, Heilung und der Frage, ob es m\u00f6glich ist, nach grossem Schmerz wieder Hoffnung zuzulassen.<\/p>\n\n<\/div>\n<\/div>\n\n<div class=\"gb-container gb-container-a060e396\">\n<div class=\"gb-container gb-container-7d3376db\">\n\n<h2 class=\"wp-block-heading\">F\u00fcr wen ist <em>Die Liste der Wunder<\/em> geeignet?<\/h2>\n\n\n\n<ul class=\"wp-block-list\">\n<li>Leserinnen und Leser von Gay Romance und queeren Liebesgeschichten<\/li>\n\n\n\n<li>Menschen, die ruhige, emotionale Geschichten mit Tiefgang m\u00f6gen<\/li>\n\n\n\n<li>Fans von Weihnachtsromanen abseits von Kitsch und Klischees<\/li>\n\n\n\n<li>Leserinnen und Leser, die Geschichten \u00fcber Trauer, Heilung und N\u00e4he sch\u00e4tzen<\/li>\n\n\n\n<li>Alle, die leise Romantik und menschliche W\u00e4rme suchen<\/li>\n<\/ul>\n\n<\/div>\n<\/div>\n\n<div class=\"gb-container gb-container-94e9d46c\">\n<div class=\"gb-container gb-container-69eda6fb\">\n\n<blockquote class=\"wp-block-quote is-layout-flow wp-block-quote-is-layout-flow\">\n<p class=\"has-text-align-center\"><strong><em><strong>\u00ab<\/strong><\/em>Zu Herzen gehend, ber\u00fchrend, zum Nachdenken anregend, all das macht diese sch\u00f6ne kleine Geschichte mit einem.<em><strong>\u00bb<\/strong><\/em><\/strong><\/p>\n\n\n\n<p class=\"has-text-align-center\">Amazon-Rezension von Hauselfe<\/p>\n<\/blockquote>\n\n<\/div>\n<\/div>\n\n<div class=\"gb-container gb-container-97a03888\">\n\n<h2 class=\"wp-block-heading\">Genres und Tropes<\/h2>\n\n\n\n<ul class=\"wp-block-list\">\n<li>Gay Romance<\/li>\n\n\n\n<li>MM Romance<\/li>\n\n\n\n<li>Queere Weihnachtsgeschichte<\/li>\n\n\n\n<li>Grumpy meets Sunshine<\/li>\n\n\n\n<li>Found Family<\/li>\n\n\n\n<li>Age Gap<\/li>\n\n\n\n<li>Healing Romance<\/li>\n\n\n\n<li>Christmas Magic<\/li>\n<\/ul>\n\n<\/div>\n\n<div class=\"gb-container gb-container-5f2c76eb\">\n<div class=\"gb-container gb-container-6419cad1\">\n\n<h2 class=\"wp-block-heading\">Neugierig geworden?<\/h2>\n\n\n\n<a class=\"gb-button gb-button-a60fc07b gb-button-text\" href=\"https:\/\/amzn.to\/409j9nz\">Jetzt bei Amazon lesen<\/a>\n\n<\/div>\n<\/div>\n\n\n<p><\/p>\n","protected":false},"excerpt":{"rendered":"<p>Erh\u00e4ltlich bei diesen Buchhandlungen Du kannst Die Liste der Wunder als E Book bei folgenden und vielen weiteren Buchhandlungen kaufen. \u00dcberall, wo du deine Lieblingsb\u00fccher entdeckst. Worum geht es in dieser Gay Romance? Seit dem Tod seines Partners lebt Emil im Stillstand. Die Tage ziehen vorbei, farblos und leer. Weihnachten, &#8230; <\/p>\n<p class=\"read-more-container\"><a title=\"Die Liste der Wunder\" class=\"read-more button\" href=\"https:\/\/www.marc-weiherhof.ch\/blog\/buecher\/die-liste-der-wunder\/#more-8140\" aria-label=\"Mehr Informationen \u00fcber Die Liste der Wunder\">Jetzt weiterlesen<\/a><\/p>\n","protected":false},"author":3,"featured_media":0,"parent":888,"menu_order":0,"comment_status":"closed","ping_status":"closed","template":"","meta":{"footnotes":""},"class_list":{"0":"post-8140","1":"page","2":"type-page","3":"status-publish","5":"infinite-scroll-item"},"yoast_head":"<!-- This site is optimized with the Yoast SEO plugin v27.5 - https:\/\/yoast.com\/product\/yoast-seo-wordpress\/ -->\n<title>Die Liste der Wunder | Emotionale Gay Romance zu Weihnachten<\/title>\n<meta name=\"description\" content=\"Ber\u00fchrende queere Weihnachtsgeschichte \u00fcber Trauer, Hoffnung und neue N\u00e4he. Gay Romance von Marc Weiherhof.\" \/>\n<meta name=\"robots\" content=\"index, follow, max-snippet:-1, max-image-preview:large, max-video-preview:-1\" \/>\n<link rel=\"canonical\" href=\"https:\/\/www.marc-weiherhof.ch\/blog\/buecher\/die-liste-der-wunder\/\" \/>\n<meta property=\"og:locale\" content=\"de_DE\" \/>\n<meta property=\"og:type\" content=\"article\" \/>\n<meta property=\"og:title\" content=\"Die Liste der Wunder | Emotionale Gay Romance zu Weihnachten\" \/>\n<meta property=\"og:description\" content=\"Ber\u00fchrende queere Weihnachtsgeschichte \u00fcber Trauer, Hoffnung und neue N\u00e4he. Gay Romance von Marc Weiherhof.\" \/>\n<meta property=\"og:url\" content=\"https:\/\/www.marc-weiherhof.ch\/blog\/buecher\/die-liste-der-wunder\/\" \/>\n<meta property=\"og:site_name\" content=\"Marc Weiherhof Autor\" \/>\n<meta property=\"article:publisher\" content=\"http:\/\/www.facebook.com\/marc.weiherhof\" \/>\n<meta property=\"article:modified_time\" content=\"2026-02-13T19:52:06+00:00\" \/>\n<meta property=\"og:image\" content=\"https:\/\/www.marc-weiherhof.ch\/blog\/wp-content\/uploads\/die-liste-der-wunder-schwule-weihnachten-gay-romance-marc-weiherhof.webp\" \/>\n\t<meta property=\"og:image:width\" content=\"1073\" \/>\n\t<meta property=\"og:image:height\" content=\"603\" \/>\n\t<meta property=\"og:image:type\" content=\"image\/webp\" \/>\n<meta name=\"twitter:label1\" content=\"Gesch\u00e4tzte Lesezeit\" \/>\n\t<meta name=\"twitter:data1\" content=\"3\u00a0Minuten\" \/>\n<script type=\"application\/ld+json\" class=\"yoast-schema-graph\">{\"@context\":\"https:\\\/\\\/schema.org\",\"@graph\":[{\"@type\":\"WebPage\",\"@id\":\"https:\\\/\\\/www.marc-weiherhof.ch\\\/blog\\\/buecher\\\/die-liste-der-wunder\\\/\",\"url\":\"https:\\\/\\\/www.marc-weiherhof.ch\\\/blog\\\/buecher\\\/die-liste-der-wunder\\\/\",\"name\":\"Die Liste der Wunder | Emotionale Gay Romance zu Weihnachten\",\"isPartOf\":{\"@id\":\"https:\\\/\\\/www.marc-weiherhof.ch\\\/blog\\\/#website\"},\"primaryImageOfPage\":{\"@id\":\"https:\\\/\\\/www.marc-weiherhof.ch\\\/blog\\\/buecher\\\/die-liste-der-wunder\\\/#primaryimage\"},\"image\":{\"@id\":\"https:\\\/\\\/www.marc-weiherhof.ch\\\/blog\\\/buecher\\\/die-liste-der-wunder\\\/#primaryimage\"},\"thumbnailUrl\":\"https:\\\/\\\/www.marc-weiherhof.ch\\\/blog\\\/wp-content\\\/uploads\\\/die-liste-der-wunder-schwule-weihnachten-gay-romance-marc-weiherhof-1024x575.webp\",\"datePublished\":\"2026-02-08T20:35:35+00:00\",\"dateModified\":\"2026-02-13T19:52:06+00:00\",\"description\":\"Ber\u00fchrende queere Weihnachtsgeschichte \u00fcber Trauer, Hoffnung und neue N\u00e4he. Gay Romance von Marc Weiherhof.\",\"breadcrumb\":{\"@id\":\"https:\\\/\\\/www.marc-weiherhof.ch\\\/blog\\\/buecher\\\/die-liste-der-wunder\\\/#breadcrumb\"},\"inLanguage\":\"de\",\"potentialAction\":[{\"@type\":\"ReadAction\",\"target\":[\"https:\\\/\\\/www.marc-weiherhof.ch\\\/blog\\\/buecher\\\/die-liste-der-wunder\\\/\"]}]},{\"@type\":\"ImageObject\",\"inLanguage\":\"de\",\"@id\":\"https:\\\/\\\/www.marc-weiherhof.ch\\\/blog\\\/buecher\\\/die-liste-der-wunder\\\/#primaryimage\",\"url\":\"https:\\\/\\\/www.marc-weiherhof.ch\\\/blog\\\/wp-content\\\/uploads\\\/die-liste-der-wunder-schwule-weihnachten-gay-romance-marc-weiherhof.webp\",\"contentUrl\":\"https:\\\/\\\/www.marc-weiherhof.ch\\\/blog\\\/wp-content\\\/uploads\\\/die-liste-der-wunder-schwule-weihnachten-gay-romance-marc-weiherhof.webp\",\"width\":1073,\"height\":603},{\"@type\":\"BreadcrumbList\",\"@id\":\"https:\\\/\\\/www.marc-weiherhof.ch\\\/blog\\\/buecher\\\/die-liste-der-wunder\\\/#breadcrumb\",\"itemListElement\":[{\"@type\":\"ListItem\",\"position\":1,\"name\":\"Marc Weiherhofs Blog\",\"item\":\"https:\\\/\\\/www.marc-weiherhof.ch\\\/blog\\\/\"},{\"@type\":\"ListItem\",\"position\":2,\"name\":\"Marcs B\u00fccher\",\"item\":\"https:\\\/\\\/www.marc-weiherhof.ch\\\/blog\\\/buecher\\\/\"},{\"@type\":\"ListItem\",\"position\":3,\"name\":\"Die Liste der Wunder\"}]},{\"@type\":\"WebSite\",\"@id\":\"https:\\\/\\\/www.marc-weiherhof.ch\\\/blog\\\/#website\",\"url\":\"https:\\\/\\\/www.marc-weiherhof.ch\\\/blog\\\/\",\"name\":\"Marc Weiherhof MM Romance Autor\",\"description\":\"Homo-Romane, schwule Literatur, queer, schwul, Autor, Gay-Genre, Marc Weiherhof, Homo-B\u00fccher, Gay Romance, Autor, MM Romance\",\"publisher\":{\"@id\":\"https:\\\/\\\/www.marc-weiherhof.ch\\\/blog\\\/#organization\"},\"potentialAction\":[{\"@type\":\"SearchAction\",\"target\":{\"@type\":\"EntryPoint\",\"urlTemplate\":\"https:\\\/\\\/www.marc-weiherhof.ch\\\/blog\\\/?s={search_term_string}\"},\"query-input\":{\"@type\":\"PropertyValueSpecification\",\"valueRequired\":true,\"valueName\":\"search_term_string\"}}],\"inLanguage\":\"de\"},{\"@type\":\"Organization\",\"@id\":\"https:\\\/\\\/www.marc-weiherhof.ch\\\/blog\\\/#organization\",\"name\":\"Marc Weiherhof\",\"url\":\"https:\\\/\\\/www.marc-weiherhof.ch\\\/blog\\\/\",\"logo\":{\"@type\":\"ImageObject\",\"inLanguage\":\"de\",\"@id\":\"https:\\\/\\\/www.marc-weiherhof.ch\\\/blog\\\/#\\\/schema\\\/logo\\\/image\\\/\",\"url\":\"https:\\\/\\\/www.marc-weiherhof.ch\\\/blog\\\/wp-content\\\/uploads\\\/MW-Logo-unten.svg\",\"contentUrl\":\"https:\\\/\\\/www.marc-weiherhof.ch\\\/blog\\\/wp-content\\\/uploads\\\/MW-Logo-unten.svg\",\"width\":1,\"height\":1,\"caption\":\"Marc Weiherhof\"},\"image\":{\"@id\":\"https:\\\/\\\/www.marc-weiherhof.ch\\\/blog\\\/#\\\/schema\\\/logo\\\/image\\\/\"},\"sameAs\":[\"http:\\\/\\\/www.facebook.com\\\/marc.weiherhof\",\"https:\\\/\\\/www.instagram.com\\\/marcweiherhofautor\\\/\"]}]}<\/script>\n<!-- \/ Yoast SEO plugin. -->","yoast_head_json":{"title":"Die Liste der Wunder | Emotionale Gay Romance zu Weihnachten","description":"Ber\u00fchrende queere Weihnachtsgeschichte \u00fcber Trauer, Hoffnung und neue N\u00e4he. Gay Romance von Marc Weiherhof.","robots":{"index":"index","follow":"follow","max-snippet":"max-snippet:-1","max-image-preview":"max-image-preview:large","max-video-preview":"max-video-preview:-1"},"canonical":"https:\/\/www.marc-weiherhof.ch\/blog\/buecher\/die-liste-der-wunder\/","og_locale":"de_DE","og_type":"article","og_title":"Die Liste der Wunder | Emotionale Gay Romance zu Weihnachten","og_description":"Ber\u00fchrende queere Weihnachtsgeschichte \u00fcber Trauer, Hoffnung und neue N\u00e4he. Gay Romance von Marc Weiherhof.","og_url":"https:\/\/www.marc-weiherhof.ch\/blog\/buecher\/die-liste-der-wunder\/","og_site_name":"Marc Weiherhof Autor","article_publisher":"http:\/\/www.facebook.com\/marc.weiherhof","article_modified_time":"2026-02-13T19:52:06+00:00","og_image":[{"width":1073,"height":603,"url":"https:\/\/www.marc-weiherhof.ch\/blog\/wp-content\/uploads\/die-liste-der-wunder-schwule-weihnachten-gay-romance-marc-weiherhof.webp","type":"image\/webp"}],"twitter_misc":{"Gesch\u00e4tzte Lesezeit":"3\u00a0Minuten"},"schema":{"@context":"https:\/\/schema.org","@graph":[{"@type":"WebPage","@id":"https:\/\/www.marc-weiherhof.ch\/blog\/buecher\/die-liste-der-wunder\/","url":"https:\/\/www.marc-weiherhof.ch\/blog\/buecher\/die-liste-der-wunder\/","name":"Die Liste der Wunder | Emotionale Gay Romance zu Weihnachten","isPartOf":{"@id":"https:\/\/www.marc-weiherhof.ch\/blog\/#website"},"primaryImageOfPage":{"@id":"https:\/\/www.marc-weiherhof.ch\/blog\/buecher\/die-liste-der-wunder\/#primaryimage"},"image":{"@id":"https:\/\/www.marc-weiherhof.ch\/blog\/buecher\/die-liste-der-wunder\/#primaryimage"},"thumbnailUrl":"https:\/\/www.marc-weiherhof.ch\/blog\/wp-content\/uploads\/die-liste-der-wunder-schwule-weihnachten-gay-romance-marc-weiherhof-1024x575.webp","datePublished":"2026-02-08T20:35:35+00:00","dateModified":"2026-02-13T19:52:06+00:00","description":"Ber\u00fchrende queere Weihnachtsgeschichte \u00fcber Trauer, Hoffnung und neue N\u00e4he. Gay Romance von Marc Weiherhof.","breadcrumb":{"@id":"https:\/\/www.marc-weiherhof.ch\/blog\/buecher\/die-liste-der-wunder\/#breadcrumb"},"inLanguage":"de","potentialAction":[{"@type":"ReadAction","target":["https:\/\/www.marc-weiherhof.ch\/blog\/buecher\/die-liste-der-wunder\/"]}]},{"@type":"ImageObject","inLanguage":"de","@id":"https:\/\/www.marc-weiherhof.ch\/blog\/buecher\/die-liste-der-wunder\/#primaryimage","url":"https:\/\/www.marc-weiherhof.ch\/blog\/wp-content\/uploads\/die-liste-der-wunder-schwule-weihnachten-gay-romance-marc-weiherhof.webp","contentUrl":"https:\/\/www.marc-weiherhof.ch\/blog\/wp-content\/uploads\/die-liste-der-wunder-schwule-weihnachten-gay-romance-marc-weiherhof.webp","width":1073,"height":603},{"@type":"BreadcrumbList","@id":"https:\/\/www.marc-weiherhof.ch\/blog\/buecher\/die-liste-der-wunder\/#breadcrumb","itemListElement":[{"@type":"ListItem","position":1,"name":"Marc Weiherhofs Blog","item":"https:\/\/www.marc-weiherhof.ch\/blog\/"},{"@type":"ListItem","position":2,"name":"Marcs B\u00fccher","item":"https:\/\/www.marc-weiherhof.ch\/blog\/buecher\/"},{"@type":"ListItem","position":3,"name":"Die Liste der Wunder"}]},{"@type":"WebSite","@id":"https:\/\/www.marc-weiherhof.ch\/blog\/#website","url":"https:\/\/www.marc-weiherhof.ch\/blog\/","name":"Marc Weiherhof MM Romance Autor","description":"Homo-Romane, schwule Literatur, queer, schwul, Autor, Gay-Genre, Marc Weiherhof, Homo-B\u00fccher, Gay Romance, Autor, MM Romance","publisher":{"@id":"https:\/\/www.marc-weiherhof.ch\/blog\/#organization"},"potentialAction":[{"@type":"SearchAction","target":{"@type":"EntryPoint","urlTemplate":"https:\/\/www.marc-weiherhof.ch\/blog\/?s={search_term_string}"},"query-input":{"@type":"PropertyValueSpecification","valueRequired":true,"valueName":"search_term_string"}}],"inLanguage":"de"},{"@type":"Organization","@id":"https:\/\/www.marc-weiherhof.ch\/blog\/#organization","name":"Marc Weiherhof","url":"https:\/\/www.marc-weiherhof.ch\/blog\/","logo":{"@type":"ImageObject","inLanguage":"de","@id":"https:\/\/www.marc-weiherhof.ch\/blog\/#\/schema\/logo\/image\/","url":"https:\/\/www.marc-weiherhof.ch\/blog\/wp-content\/uploads\/MW-Logo-unten.svg","contentUrl":"https:\/\/www.marc-weiherhof.ch\/blog\/wp-content\/uploads\/MW-Logo-unten.svg","width":1,"height":1,"caption":"Marc Weiherhof"},"image":{"@id":"https:\/\/www.marc-weiherhof.ch\/blog\/#\/schema\/logo\/image\/"},"sameAs":["http:\/\/www.facebook.com\/marc.weiherhof","https:\/\/www.instagram.com\/marcweiherhofautor\/"]}]}},"_links":{"self":[{"href":"https:\/\/www.marc-weiherhof.ch\/blog\/wp-json\/wp\/v2\/pages\/8140","targetHints":{"allow":["GET"]}}],"collection":[{"href":"https:\/\/www.marc-weiherhof.ch\/blog\/wp-json\/wp\/v2\/pages"}],"about":[{"href":"https:\/\/www.marc-weiherhof.ch\/blog\/wp-json\/wp\/v2\/types\/page"}],"author":[{"embeddable":true,"href":"https:\/\/www.marc-weiherhof.ch\/blog\/wp-json\/wp\/v2\/users\/3"}],"replies":[{"embeddable":true,"href":"https:\/\/www.marc-weiherhof.ch\/blog\/wp-json\/wp\/v2\/comments?post=8140"}],"version-history":[{"count":0,"href":"https:\/\/www.marc-weiherhof.ch\/blog\/wp-json\/wp\/v2\/pages\/8140\/revisions"}],"up":[{"embeddable":true,"href":"https:\/\/www.marc-weiherhof.ch\/blog\/wp-json\/wp\/v2\/pages\/888"}],"wp:attachment":[{"href":"https:\/\/www.marc-weiherhof.ch\/blog\/wp-json\/wp\/v2\/media?parent=8140"}],"curies":[{"name":"wp","href":"https:\/\/api.w.org\/{rel}","templated":true}]}}