{"id":8356,"date":"2026-03-05T22:37:02","date_gmt":"2026-03-05T21:37:02","guid":{"rendered":"https:\/\/www.marc-weiherhof.ch\/blog\/?page_id=8356"},"modified":"2026-03-31T20:29:20","modified_gmt":"2026-03-31T18:29:20","slug":"mm-dark-romance","status":"publish","type":"page","link":"https:\/\/www.marc-weiherhof.ch\/blog\/buecher\/mm-dark-romance\/","title":{"rendered":"MM Dark Romance von Marc Weiherhof"},"content":{"rendered":"<div class=\"gb-container gb-container-63b7df8c\">\n<div class=\"gb-container gb-container-b3874e46\">\n<div class=\"gb-grid-wrapper gb-grid-wrapper-b3df5e35\">\n<div class=\"gb-grid-column gb-grid-column-18220b81\"><div class=\"gb-container gb-container-18220b81\">\n\n<figure class=\"wp-block-image size-full\"><img loading=\"lazy\" decoding=\"async\" width=\"1536\" height=\"1024\" src=\"https:\/\/www.marc-weiherhof.ch\/blog\/wp-content\/uploads\/mm-dark-romance-buecher-marc-weiherhof.webp\" alt=\"MM Dark Romance M\u00e4nner mit intensiver k\u00f6rperlicher Spannung\" class=\"wp-image-8357\" srcset=\"https:\/\/www.marc-weiherhof.ch\/blog\/wp-content\/uploads\/mm-dark-romance-buecher-marc-weiherhof.webp 1536w, https:\/\/www.marc-weiherhof.ch\/blog\/wp-content\/uploads\/mm-dark-romance-buecher-marc-weiherhof-100x67.webp 100w, https:\/\/www.marc-weiherhof.ch\/blog\/wp-content\/uploads\/mm-dark-romance-buecher-marc-weiherhof-300x200.webp 300w, https:\/\/www.marc-weiherhof.ch\/blog\/wp-content\/uploads\/mm-dark-romance-buecher-marc-weiherhof-1024x683.webp 1024w, https:\/\/www.marc-weiherhof.ch\/blog\/wp-content\/uploads\/mm-dark-romance-buecher-marc-weiherhof-768x512.webp 768w\" sizes=\"auto, (max-width: 1536px) 100vw, 1536px\" \/><\/figure>\n\n<\/div><\/div>\n\n<div class=\"gb-grid-column gb-grid-column-780ed20d\"><div class=\"gb-container gb-container-780ed20d\">\n\n<h1 class=\"wp-block-heading has-contrast-3-color has-text-color has-link-color wp-elements-8d9b1631c74eeeeaffa776424ab0964f\">MM Dark Romance B\u00fccher<\/h1>\n\n\n\n<h2 class=\"wp-block-heading has-contrast-3-color has-text-color has-link-color wp-elements-bc94e268455f4357ceff244f72a8837f\">Wenn Liebe gef\u00e4hrlich wird<\/h2>\n\n\n\n<p>MM Dark Romance erz\u00e4hlt von Beziehungen, die sich jenseits von Komfort und Sicherheit bewegen. Hier treffen Leidenschaft, Macht und emotionale Abgr\u00fcnde aufeinander.<\/p>\n\n\n\n<a class=\"gb-button gb-button-f4a1f8bd gb-button-text\" href=\"https:\/\/www.amazon.de\/dp\/B0GR75Q24W\">Jetzt MM Dark Romance entdecken<\/a>\n\n<\/div><\/div>\n<\/div>\n<\/div>\n<\/div>\n\n<div class=\"gb-container gb-container-6f88d397\">\n<div class=\"gb-container gb-container-349ba5cc\">\n\n<h2 class=\"wp-block-heading\">Erh\u00e4ltlich bei diesen Buchhandlungen<\/h2>\n\n\n\n<p>Du findest die B\u00fccher dieses Genres aktuell hier:<\/p>\n\n<\/div>\n\n<div class=\"gb-container gb-container-e4cd0da5\">\n<div class=\"gb-grid-wrapper gb-grid-wrapper-8eafe737\">\n<div class=\"gb-grid-column gb-grid-column-049bbce9\"><div class=\"gb-container gb-container-049bbce9\"><div class=\"gb-inside-container\">\n<div class=\"wp-block-image\">\n<figure class=\"aligncenter size-full\"><a href=\"https:\/\/amzn.to\/4rn4fWU\"><img loading=\"lazy\" decoding=\"async\" width=\"250\" height=\"250\" src=\"https:\/\/www.marc-weiherhof.ch\/blog\/wp-content\/uploads\/amazon-logo.png\" alt=\"\" class=\"wp-image-7262\" srcset=\"https:\/\/www.marc-weiherhof.ch\/blog\/wp-content\/uploads\/amazon-logo.png 250w, https:\/\/www.marc-weiherhof.ch\/blog\/wp-content\/uploads\/amazon-logo-100x100.png 100w, https:\/\/www.marc-weiherhof.ch\/blog\/wp-content\/uploads\/amazon-logo-150x150.png 150w, https:\/\/www.marc-weiherhof.ch\/blog\/wp-content\/uploads\/amazon-logo-120x120.png 120w\" sizes=\"auto, (max-width: 250px) 100vw, 250px\" \/><\/a><\/figure>\n<\/div>\n<\/div><\/div><\/div>\n\n<div class=\"gb-grid-column gb-grid-column-7343b3ff\"><div class=\"gb-container gb-container-7343b3ff\"><div class=\"gb-inside-container\"><\/div><\/div><\/div>\n\n<div class=\"gb-grid-column gb-grid-column-810c515a\"><div class=\"gb-container gb-container-810c515a\"><div class=\"gb-inside-container\"><\/div><\/div><\/div>\n\n<div class=\"gb-grid-column gb-grid-column-f67a4a21\"><div class=\"gb-container gb-container-f67a4a21\"><div class=\"gb-inside-container\"><\/div><\/div><\/div>\n<\/div>\n<\/div>\n<\/div>\n\n<div class=\"gb-container gb-container-585978b0\">\n<div class=\"gb-container gb-container-224d69cf\">\n\n<h2 class=\"wp-block-heading\">Was ist MM Dark Romance?<\/h2>\n\n\n\n<p>MM Dark Romance ist ein Subgenre der Gay Romance, in dem Beziehungen zwischen M\u00e4nnern unter extremen emotionalen oder moralischen Bedingungen entstehen.<\/p>\n\n\n\n<p>Die Geschichten bewegen sich bewusst in dunkleren Bereichen menschlicher Beziehungen. Charaktere treffen schwierige Entscheidungen, \u00fcberschreiten Grenzen und k\u00e4mpfen mit Macht, Kontrolle, Schuld oder Obsession.<\/p>\n\n\n\n<p>Trotz der d\u00fcsteren Atmosph\u00e4re steht immer eine intensive Verbindung zwischen den Figuren im Mittelpunkt.<\/p>\n\n\n\n<p>Typische Elemente in MM Dark Romance sind:<\/p>\n\n\n\n<ul class=\"wp-block-list\">\n<li>gef\u00e4hrliche Anziehung zwischen M\u00e4nnern<\/li>\n\n\n\n<li>moralische Grauzonen<\/li>\n\n\n\n<li>Machtspiele und Kontrolle<\/li>\n\n\n\n<li>obsessive Beziehungen<\/li>\n\n\n\n<li>emotionale Extreme<\/li>\n\n\n\n<li>psychologische Spannung<\/li>\n<\/ul>\n\n\n\n<p>MM Dark Romance verbindet Spannung, Leidenschaft und Charakterentwicklung zu Geschichten, die Leser emotional stark fordern.M\u00e4nnern steht.<\/p>\n\n<\/div>\n<\/div>\n\n<div class=\"gb-container gb-container-0443657c\">\n<div class=\"gb-container gb-container-d68279e7\">\n\n<h2 class=\"wp-block-heading\">Typische Tropes in MM Dark Romance<\/h2>\n\n\n\n<p>Viele Dark Romance Geschichten folgen bestimmten Beziehungsmustern, die besonders intensive Spannung erzeugen.<\/p>\n\n\n\n<p>Typische Tropes sind:<\/p>\n\n\n\n<ul class=\"wp-block-list\">\n<li>Enemies to Lovers<\/li>\n\n\n\n<li>Obsession und Besitzanspruch<\/li>\n\n\n\n<li>Machtgef\u00e4lle zwischen den Figuren<\/li>\n\n\n\n<li>Verbotene Beziehungen<\/li>\n\n\n\n<li>Rettung oder Zerst\u00f6rung durch Liebe<\/li>\n\n\n\n<li>Antihelden und moralische Grauzonen<\/li>\n\n\n\n<li>Gef\u00e4hrliche Allianzen<\/li>\n<\/ul>\n\n\n\n<p>Diese Tropes sorgen f\u00fcr Spannung, emotionale Konflikte und starke Charakterentwicklung.<\/p>\n\n<\/div>\n<\/div>\n\n<div class=\"gb-container gb-container-5c7a460e\">\n<div class=\"gb-container gb-container-de83624b\">\n<div class=\"gb-grid-wrapper gb-grid-wrapper-e0e743b2\">\n<div class=\"gb-grid-column gb-grid-column-2873936c\"><div class=\"gb-container gb-container-2873936c\">\n\n<figure class=\"wp-block-image size-full\"><img loading=\"lazy\" decoding=\"async\" width=\"400\" height=\"640\" src=\"https:\/\/www.marc-weiherhof.ch\/blog\/wp-content\/uploads\/brutally-urban-mm-dark-romance-reihe-teil1-marc-weiherhof.webp\" alt=\"\" class=\"wp-image-8358\"\/><\/figure>\n\n<\/div><\/div>\n\n<div class=\"gb-grid-column gb-grid-column-12880d66\"><div class=\"gb-container gb-container-12880d66\">\n\n<h2 class=\"wp-block-heading has-text-color has-link-color wp-elements-914d981f921adaaa5879e825f68b6228\" style=\"color:#146771\"><em>Brutally Urban<\/em> Reihe<\/h2>\n\n\n\n<h3 class=\"wp-block-heading has-text-color has-link-color wp-elements-6a7b68f36e564813f377c167541293c0\" style=\"color:#146771\">MM DarkRomance in der Welt einer New Yorker Stra\u00dfengang.<\/h3>\n\n\n\n<p>In der Brutally Urban Reihe treffen Loyalit\u00e4t, Macht und gef\u00e4hrliche Begierde aufeinander. In den dunklen Stra\u00dfen von New York entscheidet sich jeden Tag, wer \u00fcberlebt und wem man vertrauen kann.<\/p>\n\n\n\n<p>Als sich die Wege zweier M\u00e4nner kreuzen, die aus v\u00f6llig unterschiedlichen Welten stammen, entsteht eine Verbindung, die st\u00e4rker ist als Angst und gef\u00e4hrlicher als jede Feindschaft. Zwischen Gewalt, Loyalit\u00e4t und unerwarteter N\u00e4he entwickelt sich eine Beziehung, die beide an ihre Grenzen bringt.<\/p>\n\n\n\n<a class=\"gb-button gb-button-8d33949d gb-button-text\" href=\"https:\/\/www.marc-weiherhof.ch\/blog\/buecher\/brutally-urban-mm-dark-romance-reihe\/\">Jetzt entdecken<\/a>\n\n<\/div><\/div>\n<\/div>\n<\/div>\n<\/div>\n\n<div class=\"gb-container gb-container-91234c4e\">\n<div class=\"gb-container gb-container-9d992b7e\">\n\n<h2 class=\"wp-block-heading\">Bleib noch einen Moment in meiner Welt<\/h2>\n\n\n\n<p>Wenn du schwule B\u00fccher genau so liebst, wie ich, dann hol dir jetzt eine exklusive Kurzgeschichte, die voller Gef\u00fchl und Emotionen ist.<\/p>\n\n\n\n<a class=\"gb-button gb-button-9072e63c gb-button-text\" href=\"https:\/\/www.marc-weiherhof.ch\/blog\/dein-platz-in-meiner-buecherwelt\/\">Trete meiner Buchwelt bei<\/a>\n\n<\/div>\n<\/div>\n\n<div class=\"gb-container gb-container-43ff117d\">\n<div class=\"gb-container gb-container-5c79bdb4\">\n\n<h2 class=\"wp-block-heading\">H\u00e4ufige Fragen zu MM Erotic Romance<\/h2>\n\n\n\n<div class=\"schema-faq wp-block-yoast-faq-block\"><div class=\"schema-faq-section\" id=\"faq-question-1767889038751\"><strong class=\"schema-faq-question\">Was versteht man unter MM Dark Romance?<\/strong> <p class=\"schema-faq-answer\">MM Dark Romance sind Liebesgeschichten zwischen M\u00e4nnern, die sich mit dunkleren Themen wie Macht, Obsession, moralischen Konflikten oder gef\u00e4hrlichen Beziehungen besch\u00e4ftigen.<\/p> <\/div> <div class=\"schema-faq-section\" id=\"faq-question-1767889053585\"><strong class=\"schema-faq-question\">Ist MM Dark Romance nur Erotik?<\/strong> <p class=\"schema-faq-answer\">Nein. Gute MM Dark Romance verbindet emotionale Entwicklung, Spannung und komplexe Figuren. Leidenschaft kann eine Rolle spielen, aber sie ist nicht der einzige Fokus der Geschichte.<\/p> <\/div> <div class=\"schema-faq-section\" id=\"faq-question-1767889074569\"><strong class=\"schema-faq-question\"><\/strong><strong>F\u00fcr wen eignen sich MM Dark Romance B\u00fccher?<\/strong> <p class=\"schema-faq-answer\">Diese Geschichten richten sich an Leserinnen und Leser, die intensive Beziehungen, psychologische Spannung und Figuren mit dunkleren Seiten m\u00f6gen.<\/p> <\/div> <div class=\"schema-faq-section\" id=\"faq-question-1767889964215\"><strong class=\"schema-faq-question\">Worin unterscheidet sich MM Dark Romance von Gay Romance?<\/strong> <p class=\"schema-faq-answer\">W\u00e4hrend klassische <a href=\"https:\/\/www.marc-weiherhof.ch\/blog\/buecher\/gay-romance\/\" type=\"page\" id=\"7385\">Gay Romance<\/a> st\u00e4rker auf romantische Beziehungen und emotionale Entwicklung fokussiert ist, bewegt sich Dark Romance st\u00e4rker in moralischen Grauzonen und zeigt komplexere, manchmal gef\u00e4hrliche Dynamiken.<\/p> <\/div> <\/div>\n\n<\/div>\n<\/div>\n\n<div class=\"gb-container gb-container-5f2c76eb\">\n<div class=\"gb-container gb-container-6419cad1\">\n\n<h2 class=\"wp-block-heading\">Neugierig geworden?<\/h2>\n\n\n\n<p>Wenn dich Geschichten \u00fcber Macht, Leidenschaft und dunkle Anziehung faszinieren, dann entdecke meine MM Dark Romance B\u00fccher.<\/p>\n\n\n\n<a class=\"gb-button gb-button-a60fc07b gb-button-text\" href=\"https:\/\/www.amazon.de\/dp\/B0GR75Q24W\"><strong>Jetzt bei Amazon entdecken<\/strong><\/a>\n\n<\/div>\n<\/div>","protected":false},"excerpt":{"rendered":"<p>Erh\u00e4ltlich bei diesen Buchhandlungen Du findest die B\u00fccher dieses Genres aktuell hier: Was ist MM Dark Romance? MM Dark Romance ist ein Subgenre der Gay Romance, in dem Beziehungen zwischen M\u00e4nnern unter extremen emotionalen oder moralischen Bedingungen entstehen. Die Geschichten bewegen sich bewusst in dunkleren Bereichen menschlicher Beziehungen. Charaktere treffen &#8230; <\/p>\n<p class=\"read-more-container\"><a title=\"MM Dark Romance von Marc Weiherhof\" class=\"read-more button\" href=\"https:\/\/www.marc-weiherhof.ch\/blog\/buecher\/mm-dark-romance\/#more-8356\" aria-label=\"Mehr Informationen \u00fcber MM Dark Romance von Marc Weiherhof\">Jetzt weiterlesen<\/a><\/p>\n","protected":false},"author":3,"featured_media":0,"parent":888,"menu_order":0,"comment_status":"closed","ping_status":"closed","template":"","meta":{"footnotes":""},"class_list":{"0":"post-8356","1":"page","2":"type-page","3":"status-publish","5":"infinite-scroll-item"},"yoast_head":"<!-- This site is optimized with the Yoast SEO plugin v27.4 - https:\/\/yoast.com\/product\/yoast-seo-wordpress\/ -->\n<title>MM Dark Romance B\u00fccher | Dark Gay Romance<\/title>\n<meta name=\"description\" content=\"MM Dark Romance B\u00fccher \u00fcber Leidenschaft, Macht und gef\u00e4hrliche Beziehungen zwischen M\u00e4nnern. Dark Gay Romance von Marc Weiherhof entdecken.\" \/>\n<meta name=\"robots\" content=\"index, follow, max-snippet:-1, max-image-preview:large, max-video-preview:-1\" \/>\n<link rel=\"canonical\" href=\"https:\/\/www.marc-weiherhof.ch\/blog\/buecher\/mm-dark-romance\/\" \/>\n<meta property=\"og:locale\" content=\"de_DE\" \/>\n<meta property=\"og:type\" content=\"article\" \/>\n<meta property=\"og:title\" content=\"MM Dark Romance B\u00fccher | Dark Gay Romance\" \/>\n<meta property=\"og:description\" content=\"MM Dark Romance B\u00fccher \u00fcber Leidenschaft, Macht und gef\u00e4hrliche Beziehungen zwischen M\u00e4nnern. Dark Gay Romance von Marc Weiherhof entdecken.\" \/>\n<meta property=\"og:url\" content=\"https:\/\/www.marc-weiherhof.ch\/blog\/buecher\/mm-dark-romance\/\" \/>\n<meta property=\"og:site_name\" content=\"Marc Weiherhof Autor\" \/>\n<meta property=\"article:publisher\" content=\"http:\/\/www.facebook.com\/marc.weiherhof\" \/>\n<meta property=\"article:modified_time\" content=\"2026-03-31T18:29:20+00:00\" \/>\n<meta property=\"og:image\" content=\"https:\/\/www.marc-weiherhof.ch\/blog\/wp-content\/uploads\/mm-dark-romance-buecher-marc-weiherhof.webp\" \/>\n\t<meta property=\"og:image:width\" content=\"1536\" \/>\n\t<meta property=\"og:image:height\" content=\"1024\" \/>\n\t<meta property=\"og:image:type\" content=\"image\/webp\" \/>\n<meta name=\"twitter:label1\" content=\"Gesch\u00e4tzte Lesezeit\" \/>\n\t<meta name=\"twitter:data1\" content=\"4\u00a0Minuten\" \/>\n<script type=\"application\/ld+json\" class=\"yoast-schema-graph\">{\"@context\":\"https:\\\/\\\/schema.org\",\"@graph\":[{\"@type\":[\"WebPage\",\"FAQPage\"],\"@id\":\"https:\\\/\\\/www.marc-weiherhof.ch\\\/blog\\\/buecher\\\/mm-dark-romance\\\/\",\"url\":\"https:\\\/\\\/www.marc-weiherhof.ch\\\/blog\\\/buecher\\\/mm-dark-romance\\\/\",\"name\":\"MM Dark Romance B\u00fccher | Dark Gay Romance\",\"isPartOf\":{\"@id\":\"https:\\\/\\\/www.marc-weiherhof.ch\\\/blog\\\/#website\"},\"primaryImageOfPage\":{\"@id\":\"https:\\\/\\\/www.marc-weiherhof.ch\\\/blog\\\/buecher\\\/mm-dark-romance\\\/#primaryimage\"},\"image\":{\"@id\":\"https:\\\/\\\/www.marc-weiherhof.ch\\\/blog\\\/buecher\\\/mm-dark-romance\\\/#primaryimage\"},\"thumbnailUrl\":\"https:\\\/\\\/www.marc-weiherhof.ch\\\/blog\\\/wp-content\\\/uploads\\\/mm-dark-romance-buecher-marc-weiherhof.webp\",\"datePublished\":\"2026-03-05T21:37:02+00:00\",\"dateModified\":\"2026-03-31T18:29:20+00:00\",\"description\":\"MM Dark Romance B\u00fccher \u00fcber Leidenschaft, Macht und gef\u00e4hrliche Beziehungen zwischen M\u00e4nnern. Dark Gay Romance von Marc Weiherhof entdecken.\",\"breadcrumb\":{\"@id\":\"https:\\\/\\\/www.marc-weiherhof.ch\\\/blog\\\/buecher\\\/mm-dark-romance\\\/#breadcrumb\"},\"mainEntity\":[{\"@id\":\"https:\\\/\\\/www.marc-weiherhof.ch\\\/blog\\\/buecher\\\/mm-dark-romance\\\/#faq-question-1767889038751\"},{\"@id\":\"https:\\\/\\\/www.marc-weiherhof.ch\\\/blog\\\/buecher\\\/mm-dark-romance\\\/#faq-question-1767889053585\"},{\"@id\":\"https:\\\/\\\/www.marc-weiherhof.ch\\\/blog\\\/buecher\\\/mm-dark-romance\\\/#faq-question-1767889074569\"},{\"@id\":\"https:\\\/\\\/www.marc-weiherhof.ch\\\/blog\\\/buecher\\\/mm-dark-romance\\\/#faq-question-1767889964215\"}],\"inLanguage\":\"de\",\"potentialAction\":[{\"@type\":\"ReadAction\",\"target\":[\"https:\\\/\\\/www.marc-weiherhof.ch\\\/blog\\\/buecher\\\/mm-dark-romance\\\/\"]}]},{\"@type\":\"ImageObject\",\"inLanguage\":\"de\",\"@id\":\"https:\\\/\\\/www.marc-weiherhof.ch\\\/blog\\\/buecher\\\/mm-dark-romance\\\/#primaryimage\",\"url\":\"https:\\\/\\\/www.marc-weiherhof.ch\\\/blog\\\/wp-content\\\/uploads\\\/mm-dark-romance-buecher-marc-weiherhof.webp\",\"contentUrl\":\"https:\\\/\\\/www.marc-weiherhof.ch\\\/blog\\\/wp-content\\\/uploads\\\/mm-dark-romance-buecher-marc-weiherhof.webp\",\"width\":1536,\"height\":1024},{\"@type\":\"BreadcrumbList\",\"@id\":\"https:\\\/\\\/www.marc-weiherhof.ch\\\/blog\\\/buecher\\\/mm-dark-romance\\\/#breadcrumb\",\"itemListElement\":[{\"@type\":\"ListItem\",\"position\":1,\"name\":\"Marc Weiherhofs Blog\",\"item\":\"https:\\\/\\\/www.marc-weiherhof.ch\\\/blog\\\/\"},{\"@type\":\"ListItem\",\"position\":2,\"name\":\"Marcs B\u00fccher\",\"item\":\"https:\\\/\\\/www.marc-weiherhof.ch\\\/blog\\\/buecher\\\/\"},{\"@type\":\"ListItem\",\"position\":3,\"name\":\"MM Dark Romance von Marc Weiherhof\"}]},{\"@type\":\"WebSite\",\"@id\":\"https:\\\/\\\/www.marc-weiherhof.ch\\\/blog\\\/#website\",\"url\":\"https:\\\/\\\/www.marc-weiherhof.ch\\\/blog\\\/\",\"name\":\"Marc Weiherhof MM Romance Autor\",\"description\":\"Homo-Romane, schwule Literatur, queer, schwul, Autor, Gay-Genre, Marc Weiherhof, Homo-B\u00fccher, Gay Romance, Autor, MM Romance\",\"publisher\":{\"@id\":\"https:\\\/\\\/www.marc-weiherhof.ch\\\/blog\\\/#organization\"},\"potentialAction\":[{\"@type\":\"SearchAction\",\"target\":{\"@type\":\"EntryPoint\",\"urlTemplate\":\"https:\\\/\\\/www.marc-weiherhof.ch\\\/blog\\\/?s={search_term_string}\"},\"query-input\":{\"@type\":\"PropertyValueSpecification\",\"valueRequired\":true,\"valueName\":\"search_term_string\"}}],\"inLanguage\":\"de\"},{\"@type\":\"Organization\",\"@id\":\"https:\\\/\\\/www.marc-weiherhof.ch\\\/blog\\\/#organization\",\"name\":\"Marc Weiherhof\",\"url\":\"https:\\\/\\\/www.marc-weiherhof.ch\\\/blog\\\/\",\"logo\":{\"@type\":\"ImageObject\",\"inLanguage\":\"de\",\"@id\":\"https:\\\/\\\/www.marc-weiherhof.ch\\\/blog\\\/#\\\/schema\\\/logo\\\/image\\\/\",\"url\":\"https:\\\/\\\/www.marc-weiherhof.ch\\\/blog\\\/wp-content\\\/uploads\\\/MW-Logo-unten.svg\",\"contentUrl\":\"https:\\\/\\\/www.marc-weiherhof.ch\\\/blog\\\/wp-content\\\/uploads\\\/MW-Logo-unten.svg\",\"width\":1,\"height\":1,\"caption\":\"Marc Weiherhof\"},\"image\":{\"@id\":\"https:\\\/\\\/www.marc-weiherhof.ch\\\/blog\\\/#\\\/schema\\\/logo\\\/image\\\/\"},\"sameAs\":[\"http:\\\/\\\/www.facebook.com\\\/marc.weiherhof\",\"https:\\\/\\\/www.instagram.com\\\/marcweiherhofautor\\\/\"]},{\"@type\":\"Question\",\"@id\":\"https:\\\/\\\/www.marc-weiherhof.ch\\\/blog\\\/buecher\\\/mm-dark-romance\\\/#faq-question-1767889038751\",\"position\":1,\"url\":\"https:\\\/\\\/www.marc-weiherhof.ch\\\/blog\\\/buecher\\\/mm-dark-romance\\\/#faq-question-1767889038751\",\"name\":\"\",\"answerCount\":1,\"acceptedAnswer\":{\"@type\":\"Answer\",\"text\":\"\",\"inLanguage\":\"de\"},\"inLanguage\":\"de\"},{\"@type\":\"Question\",\"@id\":\"https:\\\/\\\/www.marc-weiherhof.ch\\\/blog\\\/buecher\\\/mm-dark-romance\\\/#faq-question-1767889053585\",\"position\":2,\"url\":\"https:\\\/\\\/www.marc-weiherhof.ch\\\/blog\\\/buecher\\\/mm-dark-romance\\\/#faq-question-1767889053585\",\"name\":\"\",\"answerCount\":1,\"acceptedAnswer\":{\"@type\":\"Answer\",\"text\":\"\",\"inLanguage\":\"de\"},\"inLanguage\":\"de\"},{\"@type\":\"Question\",\"@id\":\"https:\\\/\\\/www.marc-weiherhof.ch\\\/blog\\\/buecher\\\/mm-dark-romance\\\/#faq-question-1767889074569\",\"position\":3,\"url\":\"https:\\\/\\\/www.marc-weiherhof.ch\\\/blog\\\/buecher\\\/mm-dark-romance\\\/#faq-question-1767889074569\",\"name\":\"\",\"answerCount\":1,\"acceptedAnswer\":{\"@type\":\"Answer\",\"text\":\"\",\"inLanguage\":\"de\"},\"inLanguage\":\"de\"},{\"@type\":\"Question\",\"@id\":\"https:\\\/\\\/www.marc-weiherhof.ch\\\/blog\\\/buecher\\\/mm-dark-romance\\\/#faq-question-1767889964215\",\"position\":4,\"url\":\"https:\\\/\\\/www.marc-weiherhof.ch\\\/blog\\\/buecher\\\/mm-dark-romance\\\/#faq-question-1767889964215\",\"name\":\"\",\"answerCount\":1,\"acceptedAnswer\":{\"@type\":\"Answer\",\"text\":\"\",\"inLanguage\":\"de\"},\"inLanguage\":\"de\"}]}<\/script>\n<!-- \/ Yoast SEO plugin. -->","yoast_head_json":{"title":"MM Dark Romance B\u00fccher | Dark Gay Romance","description":"MM Dark Romance B\u00fccher \u00fcber Leidenschaft, Macht und gef\u00e4hrliche Beziehungen zwischen M\u00e4nnern. Dark Gay Romance von Marc Weiherhof entdecken.","robots":{"index":"index","follow":"follow","max-snippet":"max-snippet:-1","max-image-preview":"max-image-preview:large","max-video-preview":"max-video-preview:-1"},"canonical":"https:\/\/www.marc-weiherhof.ch\/blog\/buecher\/mm-dark-romance\/","og_locale":"de_DE","og_type":"article","og_title":"MM Dark Romance B\u00fccher | Dark Gay Romance","og_description":"MM Dark Romance B\u00fccher \u00fcber Leidenschaft, Macht und gef\u00e4hrliche Beziehungen zwischen M\u00e4nnern. Dark Gay Romance von Marc Weiherhof entdecken.","og_url":"https:\/\/www.marc-weiherhof.ch\/blog\/buecher\/mm-dark-romance\/","og_site_name":"Marc Weiherhof Autor","article_publisher":"http:\/\/www.facebook.com\/marc.weiherhof","article_modified_time":"2026-03-31T18:29:20+00:00","og_image":[{"width":1536,"height":1024,"url":"https:\/\/www.marc-weiherhof.ch\/blog\/wp-content\/uploads\/mm-dark-romance-buecher-marc-weiherhof.webp","type":"image\/webp"}],"twitter_misc":{"Gesch\u00e4tzte Lesezeit":"4\u00a0Minuten"},"schema":{"@context":"https:\/\/schema.org","@graph":[{"@type":["WebPage","FAQPage"],"@id":"https:\/\/www.marc-weiherhof.ch\/blog\/buecher\/mm-dark-romance\/","url":"https:\/\/www.marc-weiherhof.ch\/blog\/buecher\/mm-dark-romance\/","name":"MM Dark Romance B\u00fccher | Dark Gay Romance","isPartOf":{"@id":"https:\/\/www.marc-weiherhof.ch\/blog\/#website"},"primaryImageOfPage":{"@id":"https:\/\/www.marc-weiherhof.ch\/blog\/buecher\/mm-dark-romance\/#primaryimage"},"image":{"@id":"https:\/\/www.marc-weiherhof.ch\/blog\/buecher\/mm-dark-romance\/#primaryimage"},"thumbnailUrl":"https:\/\/www.marc-weiherhof.ch\/blog\/wp-content\/uploads\/mm-dark-romance-buecher-marc-weiherhof.webp","datePublished":"2026-03-05T21:37:02+00:00","dateModified":"2026-03-31T18:29:20+00:00","description":"MM Dark Romance B\u00fccher \u00fcber Leidenschaft, Macht und gef\u00e4hrliche Beziehungen zwischen M\u00e4nnern. Dark Gay Romance von Marc Weiherhof entdecken.","breadcrumb":{"@id":"https:\/\/www.marc-weiherhof.ch\/blog\/buecher\/mm-dark-romance\/#breadcrumb"},"mainEntity":[{"@id":"https:\/\/www.marc-weiherhof.ch\/blog\/buecher\/mm-dark-romance\/#faq-question-1767889038751"},{"@id":"https:\/\/www.marc-weiherhof.ch\/blog\/buecher\/mm-dark-romance\/#faq-question-1767889053585"},{"@id":"https:\/\/www.marc-weiherhof.ch\/blog\/buecher\/mm-dark-romance\/#faq-question-1767889074569"},{"@id":"https:\/\/www.marc-weiherhof.ch\/blog\/buecher\/mm-dark-romance\/#faq-question-1767889964215"}],"inLanguage":"de","potentialAction":[{"@type":"ReadAction","target":["https:\/\/www.marc-weiherhof.ch\/blog\/buecher\/mm-dark-romance\/"]}]},{"@type":"ImageObject","inLanguage":"de","@id":"https:\/\/www.marc-weiherhof.ch\/blog\/buecher\/mm-dark-romance\/#primaryimage","url":"https:\/\/www.marc-weiherhof.ch\/blog\/wp-content\/uploads\/mm-dark-romance-buecher-marc-weiherhof.webp","contentUrl":"https:\/\/www.marc-weiherhof.ch\/blog\/wp-content\/uploads\/mm-dark-romance-buecher-marc-weiherhof.webp","width":1536,"height":1024},{"@type":"BreadcrumbList","@id":"https:\/\/www.marc-weiherhof.ch\/blog\/buecher\/mm-dark-romance\/#breadcrumb","itemListElement":[{"@type":"ListItem","position":1,"name":"Marc Weiherhofs Blog","item":"https:\/\/www.marc-weiherhof.ch\/blog\/"},{"@type":"ListItem","position":2,"name":"Marcs B\u00fccher","item":"https:\/\/www.marc-weiherhof.ch\/blog\/buecher\/"},{"@type":"ListItem","position":3,"name":"MM Dark Romance von Marc Weiherhof"}]},{"@type":"WebSite","@id":"https:\/\/www.marc-weiherhof.ch\/blog\/#website","url":"https:\/\/www.marc-weiherhof.ch\/blog\/","name":"Marc Weiherhof MM Romance Autor","description":"Homo-Romane, schwule Literatur, queer, schwul, Autor, Gay-Genre, Marc Weiherhof, Homo-B\u00fccher, Gay Romance, Autor, MM Romance","publisher":{"@id":"https:\/\/www.marc-weiherhof.ch\/blog\/#organization"},"potentialAction":[{"@type":"SearchAction","target":{"@type":"EntryPoint","urlTemplate":"https:\/\/www.marc-weiherhof.ch\/blog\/?s={search_term_string}"},"query-input":{"@type":"PropertyValueSpecification","valueRequired":true,"valueName":"search_term_string"}}],"inLanguage":"de"},{"@type":"Organization","@id":"https:\/\/www.marc-weiherhof.ch\/blog\/#organization","name":"Marc Weiherhof","url":"https:\/\/www.marc-weiherhof.ch\/blog\/","logo":{"@type":"ImageObject","inLanguage":"de","@id":"https:\/\/www.marc-weiherhof.ch\/blog\/#\/schema\/logo\/image\/","url":"https:\/\/www.marc-weiherhof.ch\/blog\/wp-content\/uploads\/MW-Logo-unten.svg","contentUrl":"https:\/\/www.marc-weiherhof.ch\/blog\/wp-content\/uploads\/MW-Logo-unten.svg","width":1,"height":1,"caption":"Marc Weiherhof"},"image":{"@id":"https:\/\/www.marc-weiherhof.ch\/blog\/#\/schema\/logo\/image\/"},"sameAs":["http:\/\/www.facebook.com\/marc.weiherhof","https:\/\/www.instagram.com\/marcweiherhofautor\/"]},{"@type":"Question","@id":"https:\/\/www.marc-weiherhof.ch\/blog\/buecher\/mm-dark-romance\/#faq-question-1767889038751","position":1,"url":"https:\/\/www.marc-weiherhof.ch\/blog\/buecher\/mm-dark-romance\/#faq-question-1767889038751","name":"","answerCount":1,"acceptedAnswer":{"@type":"Answer","text":"","inLanguage":"de"},"inLanguage":"de"},{"@type":"Question","@id":"https:\/\/www.marc-weiherhof.ch\/blog\/buecher\/mm-dark-romance\/#faq-question-1767889053585","position":2,"url":"https:\/\/www.marc-weiherhof.ch\/blog\/buecher\/mm-dark-romance\/#faq-question-1767889053585","name":"","answerCount":1,"acceptedAnswer":{"@type":"Answer","text":"","inLanguage":"de"},"inLanguage":"de"},{"@type":"Question","@id":"https:\/\/www.marc-weiherhof.ch\/blog\/buecher\/mm-dark-romance\/#faq-question-1767889074569","position":3,"url":"https:\/\/www.marc-weiherhof.ch\/blog\/buecher\/mm-dark-romance\/#faq-question-1767889074569","name":"","answerCount":1,"acceptedAnswer":{"@type":"Answer","text":"","inLanguage":"de"},"inLanguage":"de"},{"@type":"Question","@id":"https:\/\/www.marc-weiherhof.ch\/blog\/buecher\/mm-dark-romance\/#faq-question-1767889964215","position":4,"url":"https:\/\/www.marc-weiherhof.ch\/blog\/buecher\/mm-dark-romance\/#faq-question-1767889964215","name":"","answerCount":1,"acceptedAnswer":{"@type":"Answer","text":"","inLanguage":"de"},"inLanguage":"de"}]}},"_links":{"self":[{"href":"https:\/\/www.marc-weiherhof.ch\/blog\/wp-json\/wp\/v2\/pages\/8356","targetHints":{"allow":["GET"]}}],"collection":[{"href":"https:\/\/www.marc-weiherhof.ch\/blog\/wp-json\/wp\/v2\/pages"}],"about":[{"href":"https:\/\/www.marc-weiherhof.ch\/blog\/wp-json\/wp\/v2\/types\/page"}],"author":[{"embeddable":true,"href":"https:\/\/www.marc-weiherhof.ch\/blog\/wp-json\/wp\/v2\/users\/3"}],"replies":[{"embeddable":true,"href":"https:\/\/www.marc-weiherhof.ch\/blog\/wp-json\/wp\/v2\/comments?post=8356"}],"version-history":[{"count":1,"href":"https:\/\/www.marc-weiherhof.ch\/blog\/wp-json\/wp\/v2\/pages\/8356\/revisions"}],"predecessor-version":[{"id":8988,"href":"https:\/\/www.marc-weiherhof.ch\/blog\/wp-json\/wp\/v2\/pages\/8356\/revisions\/8988"}],"up":[{"embeddable":true,"href":"https:\/\/www.marc-weiherhof.ch\/blog\/wp-json\/wp\/v2\/pages\/888"}],"wp:attachment":[{"href":"https:\/\/www.marc-weiherhof.ch\/blog\/wp-json\/wp\/v2\/media?parent=8356"}],"curies":[{"name":"wp","href":"https:\/\/api.w.org\/{rel}","templated":true}]}}