{"id":8923,"date":"2026-03-31T17:04:03","date_gmt":"2026-03-31T15:04:03","guid":{"rendered":"https:\/\/www.marc-weiherhof.ch\/blog\/?page_id=8923"},"modified":"2026-03-31T18:41:39","modified_gmt":"2026-03-31T16:41:39","slug":"au-backe-mm-romance","status":"publish","type":"page","link":"https:\/\/www.marc-weiherhof.ch\/blog\/au-backe-mm-romance\/","title":{"rendered":"Au Backe"},"content":{"rendered":"<div class=\"gb-container gb-container-63b7df8c\">\n<div class=\"gb-container gb-container-b3874e46\">\n<div class=\"gb-grid-wrapper gb-grid-wrapper-b3df5e35\">\n<div class=\"gb-grid-column gb-grid-column-18220b81\"><div class=\"gb-container gb-container-18220b81\">\n\n<figure class=\"wp-block-image size-large\"><img loading=\"lazy\" decoding=\"async\" width=\"1024\" height=\"575\" src=\"https:\/\/www.marc-weiherhof.ch\/blog\/wp-content\/uploads\/au-backe-mm-romance-marc-weiherhof-1024x575.webp\" alt=\"Au Backe Buchcover: MM Romance\" class=\"wp-image-8924\" srcset=\"https:\/\/www.marc-weiherhof.ch\/blog\/wp-content\/uploads\/au-backe-mm-romance-marc-weiherhof-1024x575.webp 1024w, https:\/\/www.marc-weiherhof.ch\/blog\/wp-content\/uploads\/au-backe-mm-romance-marc-weiherhof-100x56.webp 100w, https:\/\/www.marc-weiherhof.ch\/blog\/wp-content\/uploads\/au-backe-mm-romance-marc-weiherhof-300x169.webp 300w, https:\/\/www.marc-weiherhof.ch\/blog\/wp-content\/uploads\/au-backe-mm-romance-marc-weiherhof-768x432.webp 768w, https:\/\/www.marc-weiherhof.ch\/blog\/wp-content\/uploads\/au-backe-mm-romance-marc-weiherhof.webp 1073w\" sizes=\"auto, (max-width: 1024px) 100vw, 1024px\" \/><\/figure>\n\n<\/div><\/div>\n\n<div class=\"gb-grid-column gb-grid-column-780ed20d\"><div class=\"gb-container gb-container-780ed20d\">\n\n<h1 class=\"wp-block-heading\">Au Backe: Das Tattoo danach<\/h1>\n\n\n\n<h2 class=\"wp-block-heading\">Gay Romance zwischen Delirium und Liebe<\/h2>\n\n\n\n<p>Vom Arschgeweih-Desaster zum Herzensbrecher: Eine humorvolle Gay Romance \u00fcber Fehlentscheidungen und Volltreffer.<\/p>\n\n\n\n<a class=\"gb-button gb-button-f4a1f8bd gb-button-text\" href=\"https:\/\/amzn.to\/3PyPNNF\">Jetzt bei Amazon lesen<\/a>\n\n<\/div><\/div>\n<\/div>\n<\/div>\n<\/div>\n\n<div class=\"gb-container gb-container-e658bb92\">\n<div class=\"gb-container gb-container-3d39361a\">\n\n<h2 class=\"wp-block-heading\">Erh\u00e4ltlich bei diesen Buchhandlungen<\/h2>\n\n\n\n<p>Du kannst <em>Au Backe: Das Tattoo danach<\/em> als E Book und Taschenbuch bei Amazon bestellen:<\/p>\n\n<\/div>\n\n<div class=\"gb-container gb-container-ab17126a\">\n<div class=\"gb-grid-wrapper gb-grid-wrapper-1732ecab\">\n<div class=\"gb-grid-column gb-grid-column-61b63848\"><div class=\"gb-container gb-container-61b63848\"><div class=\"gb-inside-container\">\n<div class=\"wp-block-image\">\n<figure class=\"aligncenter size-full\"><a href=\"https:\/\/amzn.to\/3PyPNNF\"><img loading=\"lazy\" decoding=\"async\" width=\"250\" height=\"250\" src=\"https:\/\/www.marc-weiherhof.ch\/blog\/wp-content\/uploads\/amazon-logo.png\" alt=\"\" class=\"wp-image-7262\" srcset=\"https:\/\/www.marc-weiherhof.ch\/blog\/wp-content\/uploads\/amazon-logo.png 250w, https:\/\/www.marc-weiherhof.ch\/blog\/wp-content\/uploads\/amazon-logo-100x100.png 100w, https:\/\/www.marc-weiherhof.ch\/blog\/wp-content\/uploads\/amazon-logo-150x150.png 150w, https:\/\/www.marc-weiherhof.ch\/blog\/wp-content\/uploads\/amazon-logo-120x120.png 120w\" sizes=\"auto, (max-width: 250px) 100vw, 250px\" \/><\/a><\/figure>\n<\/div>\n<\/div><\/div><\/div>\n<\/div>\n<\/div>\n<\/div>\n\n<div class=\"gb-container gb-container-585978b0\">\n<div class=\"gb-container gb-container-224d69cf\">\n\n<h2 class=\"wp-block-heading\">Warum trifft man betrunken d\u00e4mliche Entscheidungen?<\/h2>\n\n\n\n<p>Ganz einfach: Weil Alkohol ein mieser Ratgeber ist. Diese Lektion lernt Nico auf die harte Tour, als er am Morgen nach einer wilden Partynacht aufwacht. Nicht nur der Kater ist gewaltig \u2013 seine neugierige Mutter macht zudem eine Entdeckung, die Nico am liebsten im Erdboden versinken lie\u00dfe.<\/p>\n\n\n\n<p>An einer \u00e4u\u00dferst delikaten Stelle auf seiner R\u00fcckseite prangt ein Tattoo, das an Geschmacklosigkeit kaum zu \u00fcbertreffen ist. Der Urheber? Offensichtlich absolut talentfrei.<\/p>\n\n\n\n<p>Die Verzweiflung treibt den achtundzwanzigj\u00e4hrigen Buchhalter direkt in das Studio von Klaas. Der begnadete Tattoo-Artist ist nicht nur ein Profi in Sachen Problembew\u00e4ltigung und Cover-ups, sondern hat auch sehnige Arme, in denen Nico sich viel zu schnell vergisst. Klaas nimmt sich der \u201eAltlast\u201c auf Nicos Allerwertestem an und stellt dabei Nicos wohlgeordnete Welt geh\u00f6rig auf den Kopf.<\/p>\n\n<\/div>\n<\/div>\n\n<div class=\"gb-container gb-container-56148f4c\">\n<div class=\"gb-container gb-container-ab8c0e60\"><div class=\"gb-inside-container\">\n\n<h2 class=\"gb-headline gb-headline-d4ec0e79 gb-headline-text\">Au Backe: Das Tattoo danach<\/h2>\n\n\n\n<h4 class=\"wp-block-heading has-text-align-center has-contrast-3-color has-text-color has-link-color wp-elements-ab702c31535bcd1795d5820b3640b2aa\">\u2605\u2605\u2605\u2605\u2606 (4,3\/5)<\/h4>\n\n\n\n<p class=\"has-text-align-center has-medium-font-size\"><em><strong><em><strong>\u00abDer Biss und Schlagabtausch zwischen Nico und Tim ist klasse. Daf\u00fcr liebe ich Marcs B\u00fccher auch.\u00bb<\/strong><\/em><\/strong><\/em><\/p>\n\n\n\n<p class=\"has-text-align-center\">Rezension von <em>Hedi auf Amazon<\/em><\/p>\n\n<\/div><\/div>\n<\/div>\n\n<div class=\"gb-container gb-container-a060e396\">\n<div class=\"gb-container gb-container-7d3376db\">\n\n<h2 class=\"wp-block-heading\">F\u00fcr wen ist <em>Au Backe<\/em> geeignet?<\/h2>\n\n\n\n<ul class=\"wp-block-list\">\n<li>Leser:innen, die gerne laut lachen und auf sympathische Pechv\u00f6gel stehen.<\/li>\n\n\n\n<li>Fans von <strong>Opposites Attract<\/strong> (korrekter Buchhalter trifft auf wilden Tattoo-K\u00fcnstler).<\/li>\n\n\n\n<li>Alle, die Geschichten mit viel Humor, Familienchaos und Knistern m\u00f6gen.<\/li>\n<\/ul>\n\n<\/div>\n<\/div>\n\n<div class=\"gb-container gb-container-e22df74c\">\n<div class=\"gb-container gb-container-fa4c76fe\"><div class=\"gb-inside-container\">\n\n<h2 class=\"gb-headline gb-headline-e12c4f07 gb-headline-text\">Au Backe: Das Tattoo danach<\/h2>\n\n\n\n<h4 class=\"wp-block-heading has-text-align-center has-contrast-3-color has-text-color has-link-color wp-elements-ab702c31535bcd1795d5820b3640b2aa\">\u2605\u2605\u2605\u2605\u2606 (4,3\/5)<\/h4>\n\n\n\n<p class=\"has-text-align-center has-medium-font-size\"><em><strong><em><strong>\u00abDas neue Buch von Marc Weiherhof entlockt einem Leser nicht nur ein Schmunzeln, sondern ein lautes Lachen, mitleidige Blicke, sinnliches Seufzen und ein entz\u00fcckt aufquietschendes Awwww.\u00bb<\/strong><\/em><\/strong><\/em><\/p>\n\n\n\n<p class=\"has-text-align-center\">Rezension von <em>Pummelfeechens Lesezimmer<\/em> <em>auf Amazon<\/em><\/p>\n\n<\/div><\/div>\n<\/div>\n\n<div class=\"gb-container gb-container-91234c4e\">\n<div class=\"gb-container gb-container-9d992b7e\">\n\n<h2 class=\"wp-block-heading\">Bleib noch einen Moment in meiner Welt<\/h2>\n\n\n\n<p>Wenn dich Sehnsucht, fremde Kulturen und verbotene Gef\u00fchle ber\u00fchren, bekommst du von mir eine zus\u00e4tzliche Geschichte voller leiser Intensit\u00e4t.<\/p>\n\n\n\n<a class=\"gb-button gb-button-9072e63c gb-button-text\" href=\"https:\/\/www.marc-weiherhof.ch\/blog\/dein-platz-in-meiner-buecherwelt\/\">Trete meiner Buchwelt bei<\/a>\n\n<\/div>\n<\/div>\n\n<div class=\"gb-container gb-container-771d40ac\">\n<div class=\"gb-container gb-container-97a03888\">\n\n<h2 class=\"wp-block-heading\">Genres und Tropes<\/h2>\n\n\n\n<ul class=\"wp-block-list\">\n<li>Gay Romance<\/li>\n\n\n\n<li><a href=\"https:\/\/www.marc-weiherhof.ch\/blog\/buecher\/mm-romance-buecher-romantische-love-stories\/\" type=\"page\" id=\"7523\">MM Romance<\/a><\/li>\n\n\n\n<li>Forbidden Love<\/li>\n\n\n\n<li>Cultural Differences<\/li>\n\n\n\n<li>Slow Burn Romance<\/li>\n\n\n\n<li>Fish out of Water<\/li>\n\n\n\n<li>Exotic Setting<\/li>\n\n\n\n<li>Emotional Journey<\/li>\n<\/ul>\n\n<\/div>\n<\/div>\n\n<div class=\"gb-container gb-container-5f2c76eb\">\n<div class=\"gb-container gb-container-6419cad1\">\n\n<h2 class=\"wp-block-heading\">Neugierig geworden?<\/h2>\n\n\n\n<a class=\"gb-button gb-button-a60fc07b gb-button-text\" href=\"https:\/\/amzn.to\/3MA4rmm\">Jetzt bei Amazon lesen<\/a>\n\n<\/div>\n<\/div>\n\n\n<p><\/p>\n","protected":false},"excerpt":{"rendered":"<p>Erh\u00e4ltlich bei diesen Buchhandlungen Du kannst Au Backe: Das Tattoo danach als E Book und Taschenbuch bei Amazon bestellen: Warum trifft man betrunken d\u00e4mliche Entscheidungen? Ganz einfach: Weil Alkohol ein mieser Ratgeber ist. Diese Lektion lernt Nico auf die harte Tour, als er am Morgen nach einer wilden Partynacht aufwacht. &#8230; <\/p>\n<p class=\"read-more-container\"><a title=\"Au Backe\" class=\"read-more button\" href=\"https:\/\/www.marc-weiherhof.ch\/blog\/au-backe-mm-romance\/#more-8923\" aria-label=\"Mehr Informationen \u00fcber Au Backe\">Jetzt weiterlesen<\/a><\/p>\n","protected":false},"author":3,"featured_media":0,"parent":0,"menu_order":0,"comment_status":"closed","ping_status":"closed","template":"","meta":{"footnotes":""},"class_list":{"0":"post-8923","1":"page","2":"type-page","3":"status-publish","5":"infinite-scroll-item"},"yoast_head":"<!-- This site is optimized with the Yoast SEO plugin v27.5 - https:\/\/yoast.com\/product\/yoast-seo-wordpress\/ -->\n<title>Au Backe: Gay Romance zwischen Suff-Tattoo &amp; Traummann<\/title>\n<meta name=\"description\" content=\"Vom Arschgeweih zum Herzensbrecher: Begleite Buchhalter Nico in dieser witzigen Gay Romance durch sein Tattoo-Desaster.\" \/>\n<meta name=\"robots\" content=\"index, follow, max-snippet:-1, max-image-preview:large, max-video-preview:-1\" \/>\n<link rel=\"canonical\" href=\"https:\/\/www.marc-weiherhof.ch\/blog\/au-backe-mm-romance\/\" \/>\n<meta property=\"og:locale\" content=\"de_DE\" \/>\n<meta property=\"og:type\" content=\"article\" \/>\n<meta property=\"og:title\" content=\"Au Backe: Gay Romance zwischen Suff-Tattoo &amp; Traummann\" \/>\n<meta property=\"og:description\" content=\"Vom Arschgeweih zum Herzensbrecher: Begleite Buchhalter Nico in dieser witzigen Gay Romance durch sein Tattoo-Desaster.\" \/>\n<meta property=\"og:url\" content=\"https:\/\/www.marc-weiherhof.ch\/blog\/au-backe-mm-romance\/\" \/>\n<meta property=\"og:site_name\" content=\"Marc Weiherhof Autor\" \/>\n<meta property=\"article:publisher\" content=\"http:\/\/www.facebook.com\/marc.weiherhof\" \/>\n<meta property=\"article:modified_time\" content=\"2026-03-31T16:41:39+00:00\" \/>\n<meta property=\"og:image\" content=\"https:\/\/www.marc-weiherhof.ch\/blog\/wp-content\/uploads\/Damals-im-Orient-E-Book-Cover-scaled.jpg\" \/>\n\t<meta property=\"og:image:width\" content=\"1679\" \/>\n\t<meta property=\"og:image:height\" content=\"2560\" \/>\n\t<meta property=\"og:image:type\" content=\"image\/jpeg\" \/>\n<meta name=\"twitter:label1\" content=\"Gesch\u00e4tzte Lesezeit\" \/>\n\t<meta name=\"twitter:data1\" content=\"3\u00a0Minuten\" \/>\n<script type=\"application\/ld+json\" class=\"yoast-schema-graph\">{\"@context\":\"https:\\\/\\\/schema.org\",\"@graph\":[{\"@type\":\"WebPage\",\"@id\":\"https:\\\/\\\/www.marc-weiherhof.ch\\\/blog\\\/au-backe-mm-romance\\\/\",\"url\":\"https:\\\/\\\/www.marc-weiherhof.ch\\\/blog\\\/au-backe-mm-romance\\\/\",\"name\":\"Au Backe: Gay Romance zwischen Suff-Tattoo & Traummann\",\"isPartOf\":{\"@id\":\"https:\\\/\\\/www.marc-weiherhof.ch\\\/blog\\\/#website\"},\"primaryImageOfPage\":{\"@id\":\"https:\\\/\\\/www.marc-weiherhof.ch\\\/blog\\\/au-backe-mm-romance\\\/#primaryimage\"},\"image\":{\"@id\":\"https:\\\/\\\/www.marc-weiherhof.ch\\\/blog\\\/au-backe-mm-romance\\\/#primaryimage\"},\"thumbnailUrl\":\"https:\\\/\\\/www.marc-weiherhof.ch\\\/blog\\\/wp-content\\\/uploads\\\/au-backe-mm-romance-marc-weiherhof-1024x575.webp\",\"datePublished\":\"2026-03-31T15:04:03+00:00\",\"dateModified\":\"2026-03-31T16:41:39+00:00\",\"description\":\"Vom Arschgeweih zum Herzensbrecher: Begleite Buchhalter Nico in dieser witzigen Gay Romance durch sein Tattoo-Desaster.\",\"breadcrumb\":{\"@id\":\"https:\\\/\\\/www.marc-weiherhof.ch\\\/blog\\\/au-backe-mm-romance\\\/#breadcrumb\"},\"inLanguage\":\"de\",\"potentialAction\":[{\"@type\":\"ReadAction\",\"target\":[\"https:\\\/\\\/www.marc-weiherhof.ch\\\/blog\\\/au-backe-mm-romance\\\/\"]}]},{\"@type\":\"ImageObject\",\"inLanguage\":\"de\",\"@id\":\"https:\\\/\\\/www.marc-weiherhof.ch\\\/blog\\\/au-backe-mm-romance\\\/#primaryimage\",\"url\":\"https:\\\/\\\/www.marc-weiherhof.ch\\\/blog\\\/wp-content\\\/uploads\\\/au-backe-mm-romance-marc-weiherhof.webp\",\"contentUrl\":\"https:\\\/\\\/www.marc-weiherhof.ch\\\/blog\\\/wp-content\\\/uploads\\\/au-backe-mm-romance-marc-weiherhof.webp\",\"width\":1073,\"height\":603},{\"@type\":\"BreadcrumbList\",\"@id\":\"https:\\\/\\\/www.marc-weiherhof.ch\\\/blog\\\/au-backe-mm-romance\\\/#breadcrumb\",\"itemListElement\":[{\"@type\":\"ListItem\",\"position\":1,\"name\":\"Marc Weiherhofs Blog\",\"item\":\"https:\\\/\\\/www.marc-weiherhof.ch\\\/blog\\\/\"},{\"@type\":\"ListItem\",\"position\":2,\"name\":\"Au Backe\"}]},{\"@type\":\"WebSite\",\"@id\":\"https:\\\/\\\/www.marc-weiherhof.ch\\\/blog\\\/#website\",\"url\":\"https:\\\/\\\/www.marc-weiherhof.ch\\\/blog\\\/\",\"name\":\"Marc Weiherhof MM Romance Autor\",\"description\":\"Homo-Romane, schwule Literatur, queer, schwul, Autor, Gay-Genre, Marc Weiherhof, Homo-B\u00fccher, Gay Romance, Autor, MM Romance\",\"publisher\":{\"@id\":\"https:\\\/\\\/www.marc-weiherhof.ch\\\/blog\\\/#organization\"},\"potentialAction\":[{\"@type\":\"SearchAction\",\"target\":{\"@type\":\"EntryPoint\",\"urlTemplate\":\"https:\\\/\\\/www.marc-weiherhof.ch\\\/blog\\\/?s={search_term_string}\"},\"query-input\":{\"@type\":\"PropertyValueSpecification\",\"valueRequired\":true,\"valueName\":\"search_term_string\"}}],\"inLanguage\":\"de\"},{\"@type\":\"Organization\",\"@id\":\"https:\\\/\\\/www.marc-weiherhof.ch\\\/blog\\\/#organization\",\"name\":\"Marc Weiherhof\",\"url\":\"https:\\\/\\\/www.marc-weiherhof.ch\\\/blog\\\/\",\"logo\":{\"@type\":\"ImageObject\",\"inLanguage\":\"de\",\"@id\":\"https:\\\/\\\/www.marc-weiherhof.ch\\\/blog\\\/#\\\/schema\\\/logo\\\/image\\\/\",\"url\":\"https:\\\/\\\/www.marc-weiherhof.ch\\\/blog\\\/wp-content\\\/uploads\\\/MW-Logo-unten.svg\",\"contentUrl\":\"https:\\\/\\\/www.marc-weiherhof.ch\\\/blog\\\/wp-content\\\/uploads\\\/MW-Logo-unten.svg\",\"width\":1,\"height\":1,\"caption\":\"Marc Weiherhof\"},\"image\":{\"@id\":\"https:\\\/\\\/www.marc-weiherhof.ch\\\/blog\\\/#\\\/schema\\\/logo\\\/image\\\/\"},\"sameAs\":[\"http:\\\/\\\/www.facebook.com\\\/marc.weiherhof\",\"https:\\\/\\\/www.instagram.com\\\/marcweiherhofautor\\\/\"]}]}<\/script>\n<!-- \/ Yoast SEO plugin. -->","yoast_head_json":{"title":"Au Backe: Gay Romance zwischen Suff-Tattoo & Traummann","description":"Vom Arschgeweih zum Herzensbrecher: Begleite Buchhalter Nico in dieser witzigen Gay Romance durch sein Tattoo-Desaster.","robots":{"index":"index","follow":"follow","max-snippet":"max-snippet:-1","max-image-preview":"max-image-preview:large","max-video-preview":"max-video-preview:-1"},"canonical":"https:\/\/www.marc-weiherhof.ch\/blog\/au-backe-mm-romance\/","og_locale":"de_DE","og_type":"article","og_title":"Au Backe: Gay Romance zwischen Suff-Tattoo & Traummann","og_description":"Vom Arschgeweih zum Herzensbrecher: Begleite Buchhalter Nico in dieser witzigen Gay Romance durch sein Tattoo-Desaster.","og_url":"https:\/\/www.marc-weiherhof.ch\/blog\/au-backe-mm-romance\/","og_site_name":"Marc Weiherhof Autor","article_publisher":"http:\/\/www.facebook.com\/marc.weiherhof","article_modified_time":"2026-03-31T16:41:39+00:00","og_image":[{"width":1679,"height":2560,"url":"https:\/\/www.marc-weiherhof.ch\/blog\/wp-content\/uploads\/Damals-im-Orient-E-Book-Cover-scaled.jpg","type":"image\/jpeg"}],"twitter_misc":{"Gesch\u00e4tzte Lesezeit":"3\u00a0Minuten"},"schema":{"@context":"https:\/\/schema.org","@graph":[{"@type":"WebPage","@id":"https:\/\/www.marc-weiherhof.ch\/blog\/au-backe-mm-romance\/","url":"https:\/\/www.marc-weiherhof.ch\/blog\/au-backe-mm-romance\/","name":"Au Backe: Gay Romance zwischen Suff-Tattoo & Traummann","isPartOf":{"@id":"https:\/\/www.marc-weiherhof.ch\/blog\/#website"},"primaryImageOfPage":{"@id":"https:\/\/www.marc-weiherhof.ch\/blog\/au-backe-mm-romance\/#primaryimage"},"image":{"@id":"https:\/\/www.marc-weiherhof.ch\/blog\/au-backe-mm-romance\/#primaryimage"},"thumbnailUrl":"https:\/\/www.marc-weiherhof.ch\/blog\/wp-content\/uploads\/au-backe-mm-romance-marc-weiherhof-1024x575.webp","datePublished":"2026-03-31T15:04:03+00:00","dateModified":"2026-03-31T16:41:39+00:00","description":"Vom Arschgeweih zum Herzensbrecher: Begleite Buchhalter Nico in dieser witzigen Gay Romance durch sein Tattoo-Desaster.","breadcrumb":{"@id":"https:\/\/www.marc-weiherhof.ch\/blog\/au-backe-mm-romance\/#breadcrumb"},"inLanguage":"de","potentialAction":[{"@type":"ReadAction","target":["https:\/\/www.marc-weiherhof.ch\/blog\/au-backe-mm-romance\/"]}]},{"@type":"ImageObject","inLanguage":"de","@id":"https:\/\/www.marc-weiherhof.ch\/blog\/au-backe-mm-romance\/#primaryimage","url":"https:\/\/www.marc-weiherhof.ch\/blog\/wp-content\/uploads\/au-backe-mm-romance-marc-weiherhof.webp","contentUrl":"https:\/\/www.marc-weiherhof.ch\/blog\/wp-content\/uploads\/au-backe-mm-romance-marc-weiherhof.webp","width":1073,"height":603},{"@type":"BreadcrumbList","@id":"https:\/\/www.marc-weiherhof.ch\/blog\/au-backe-mm-romance\/#breadcrumb","itemListElement":[{"@type":"ListItem","position":1,"name":"Marc Weiherhofs Blog","item":"https:\/\/www.marc-weiherhof.ch\/blog\/"},{"@type":"ListItem","position":2,"name":"Au Backe"}]},{"@type":"WebSite","@id":"https:\/\/www.marc-weiherhof.ch\/blog\/#website","url":"https:\/\/www.marc-weiherhof.ch\/blog\/","name":"Marc Weiherhof MM Romance Autor","description":"Homo-Romane, schwule Literatur, queer, schwul, Autor, Gay-Genre, Marc Weiherhof, Homo-B\u00fccher, Gay Romance, Autor, MM Romance","publisher":{"@id":"https:\/\/www.marc-weiherhof.ch\/blog\/#organization"},"potentialAction":[{"@type":"SearchAction","target":{"@type":"EntryPoint","urlTemplate":"https:\/\/www.marc-weiherhof.ch\/blog\/?s={search_term_string}"},"query-input":{"@type":"PropertyValueSpecification","valueRequired":true,"valueName":"search_term_string"}}],"inLanguage":"de"},{"@type":"Organization","@id":"https:\/\/www.marc-weiherhof.ch\/blog\/#organization","name":"Marc Weiherhof","url":"https:\/\/www.marc-weiherhof.ch\/blog\/","logo":{"@type":"ImageObject","inLanguage":"de","@id":"https:\/\/www.marc-weiherhof.ch\/blog\/#\/schema\/logo\/image\/","url":"https:\/\/www.marc-weiherhof.ch\/blog\/wp-content\/uploads\/MW-Logo-unten.svg","contentUrl":"https:\/\/www.marc-weiherhof.ch\/blog\/wp-content\/uploads\/MW-Logo-unten.svg","width":1,"height":1,"caption":"Marc Weiherhof"},"image":{"@id":"https:\/\/www.marc-weiherhof.ch\/blog\/#\/schema\/logo\/image\/"},"sameAs":["http:\/\/www.facebook.com\/marc.weiherhof","https:\/\/www.instagram.com\/marcweiherhofautor\/"]}]}},"_links":{"self":[{"href":"https:\/\/www.marc-weiherhof.ch\/blog\/wp-json\/wp\/v2\/pages\/8923","targetHints":{"allow":["GET"]}}],"collection":[{"href":"https:\/\/www.marc-weiherhof.ch\/blog\/wp-json\/wp\/v2\/pages"}],"about":[{"href":"https:\/\/www.marc-weiherhof.ch\/blog\/wp-json\/wp\/v2\/types\/page"}],"author":[{"embeddable":true,"href":"https:\/\/www.marc-weiherhof.ch\/blog\/wp-json\/wp\/v2\/users\/3"}],"replies":[{"embeddable":true,"href":"https:\/\/www.marc-weiherhof.ch\/blog\/wp-json\/wp\/v2\/comments?post=8923"}],"version-history":[{"count":2,"href":"https:\/\/www.marc-weiherhof.ch\/blog\/wp-json\/wp\/v2\/pages\/8923\/revisions"}],"predecessor-version":[{"id":8986,"href":"https:\/\/www.marc-weiherhof.ch\/blog\/wp-json\/wp\/v2\/pages\/8923\/revisions\/8986"}],"wp:attachment":[{"href":"https:\/\/www.marc-weiherhof.ch\/blog\/wp-json\/wp\/v2\/media?parent=8923"}],"curies":[{"name":"wp","href":"https:\/\/api.w.org\/{rel}","templated":true}]}}