{"id":972,"date":"2015-01-10T15:06:53","date_gmt":"2015-01-10T14:06:53","guid":{"rendered":"http:\/\/marc-weiherhof.ch\/blog\/?page_id=972"},"modified":"2026-02-04T06:23:56","modified_gmt":"2026-02-04T05:23:56","slug":"kontakt","status":"publish","type":"page","link":"https:\/\/www.marc-weiherhof.ch\/blog\/kontakt\/","title":{"rendered":"Kontakt"},"content":{"rendered":"<div class=\"gb-container gb-container-585978b0\">\n<div class=\"gb-container gb-container-224d69cf\">\n\n<h1 class=\"wp-block-heading\">Kontakt aufnehmen<\/h1>\n\n<\/div>\n<\/div>\n\n<div class=\"gb-container gb-container-c6327a7e\">\n<div class=\"gb-container gb-container-8d168ee5\">\n\n<p>Kontakt aufnehmen leicht gemacht. Du hast Fragen zu meinen B\u00fcchern, m\u00f6chtest eine Lesung anfragen oder mit mir zusammenarbeiten? Dann schreibe mir einfach per E Mail oder in den sozialen Medien. Ich freue mich \u00fcber jede Nachricht und melde mich so schnell wie m\u00f6glich bei dir.<\/p>\n\n\n\n<p>Als Autor f\u00fcr Gay Romance, MM Romance und queere Thriller stehe ich f\u00fcr pers\u00f6nliche, ehrliche und kreative Kommunikation. <\/p>\n\n\n\n<p>Ob Leserfeedback, Presseanfragen oder Kooperationsideen ich bin gerne f\u00fcr dich da.<\/p>\n\n\n\n<h3 class=\"wp-block-heading\">Wie du mich erreichst<\/h3>\n\n\n\n<ul class=\"wp-block-list\">\n<li><a href=\"&#109;&#x61;i&#108;&#x74;o&#58;&#x6d;a&#114;&#x63;&#64;&#109;&#x61;&#114;&#x63;&#x2d;&#119;&#x65;&#x69;&#104;&#x65;r&#104;&#x6f;f&#46;&#x63;h\">E-Mail<\/a><\/li>\n\n\n\n<li><a href=\"https:\/\/www.facebook.com\/marc.weiherhof\" target=\"_blank\" rel=\"noreferrer noopener\">Facebook<\/a><\/li>\n\n\n\n<li><a href=\"https:\/\/www.instagram.com\/marcweiherhofautor\/\">Instagram<\/a><\/li>\n<\/ul>\n\n<\/div>\n<\/div>\n\n<div class=\"gb-container gb-container-ac55845c\">\n<div class=\"gb-container gb-container-6d7c56fd\">\n\n<h1 class=\"wp-block-heading\">Lust auf mehr Buchcontent?<\/h1>\n\n\n\n<a class=\"gb-button gb-button-f4a1f8bd gb-button-text\" href=\"https:\/\/www.marc-weiherhof.ch\/blog\/buecher\/gay-romance\/\">Entdecke Gay Romance<\/a>\n\n<\/div>\n<\/div>\n\n\n<p><\/p>\n","protected":false},"excerpt":{"rendered":"<p>Kontakt aufnehmen Kontakt aufnehmen leicht gemacht. Du hast Fragen zu meinen B\u00fcchern, m\u00f6chtest eine Lesung anfragen oder mit mir zusammenarbeiten? Dann schreibe mir einfach per E Mail oder in den sozialen Medien. Ich freue mich \u00fcber jede Nachricht und melde mich so schnell wie m\u00f6glich bei dir. Als Autor f\u00fcr &#8230; <\/p>\n<p class=\"read-more-container\"><a title=\"Kontakt\" class=\"read-more button\" href=\"https:\/\/www.marc-weiherhof.ch\/blog\/kontakt\/#more-972\" aria-label=\"Mehr Informationen \u00fcber Kontakt\">Jetzt weiterlesen<\/a><\/p>\n","protected":false},"author":3,"featured_media":0,"parent":0,"menu_order":0,"comment_status":"closed","ping_status":"closed","template":"","meta":{"footnotes":""},"class_list":{"0":"post-972","1":"page","2":"type-page","3":"status-publish","5":"infinite-scroll-item"},"yoast_head":"<!-- This site is optimized with the Yoast SEO plugin v27.4 - https:\/\/yoast.com\/product\/yoast-seo-wordpress\/ -->\n<title>Kontakt zu Marc Weiherhof - Autor schwuler Literatur<\/title>\n<meta name=\"description\" content=\"Marc Weiherhof - Autor von schwuler Literatur: Kontakt-M\u00f6glichkeiten: E-Mail, Social Media &amp; Kontaktformular. Ich beisse nicht! ;-)\" \/>\n<meta name=\"robots\" content=\"index, follow, max-snippet:-1, max-image-preview:large, max-video-preview:-1\" \/>\n<link rel=\"canonical\" href=\"https:\/\/www.marc-weiherhof.ch\/blog\/kontakt\/\" \/>\n<meta property=\"og:locale\" content=\"de_DE\" \/>\n<meta property=\"og:type\" content=\"article\" \/>\n<meta property=\"og:title\" content=\"Kontakt zu Marc Weiherhof - Autor schwuler Literatur\" \/>\n<meta property=\"og:description\" content=\"Marc Weiherhof - Autor von schwuler Literatur: Kontakt-M\u00f6glichkeiten: E-Mail, Social Media &amp; Kontaktformular. Ich beisse nicht! ;-)\" \/>\n<meta property=\"og:url\" content=\"https:\/\/www.marc-weiherhof.ch\/blog\/kontakt\/\" \/>\n<meta property=\"og:site_name\" content=\"Marc Weiherhof Autor\" \/>\n<meta property=\"article:publisher\" content=\"http:\/\/www.facebook.com\/marc.weiherhof\" \/>\n<meta property=\"article:modified_time\" content=\"2026-02-04T05:23:56+00:00\" \/>\n<meta name=\"twitter:label1\" content=\"Gesch\u00e4tzte Lesezeit\" \/>\n\t<meta name=\"twitter:data1\" content=\"1\u00a0Minute\" \/>\n<script type=\"application\/ld+json\" class=\"yoast-schema-graph\">{\"@context\":\"https:\\\/\\\/schema.org\",\"@graph\":[{\"@type\":\"WebPage\",\"@id\":\"https:\\\/\\\/www.marc-weiherhof.ch\\\/blog\\\/kontakt\\\/\",\"url\":\"https:\\\/\\\/www.marc-weiherhof.ch\\\/blog\\\/kontakt\\\/\",\"name\":\"Kontakt zu Marc Weiherhof - Autor schwuler Literatur\",\"isPartOf\":{\"@id\":\"https:\\\/\\\/www.marc-weiherhof.ch\\\/blog\\\/#website\"},\"datePublished\":\"2015-01-10T14:06:53+00:00\",\"dateModified\":\"2026-02-04T05:23:56+00:00\",\"description\":\"Marc Weiherhof - Autor von schwuler Literatur: Kontakt-M\u00f6glichkeiten: E-Mail, Social Media & Kontaktformular. Ich beisse nicht! ;-)\",\"breadcrumb\":{\"@id\":\"https:\\\/\\\/www.marc-weiherhof.ch\\\/blog\\\/kontakt\\\/#breadcrumb\"},\"inLanguage\":\"de\",\"potentialAction\":[{\"@type\":\"ReadAction\",\"target\":[\"https:\\\/\\\/www.marc-weiherhof.ch\\\/blog\\\/kontakt\\\/\"]}]},{\"@type\":\"BreadcrumbList\",\"@id\":\"https:\\\/\\\/www.marc-weiherhof.ch\\\/blog\\\/kontakt\\\/#breadcrumb\",\"itemListElement\":[{\"@type\":\"ListItem\",\"position\":1,\"name\":\"Marc Weiherhofs Blog\",\"item\":\"https:\\\/\\\/www.marc-weiherhof.ch\\\/blog\\\/\"},{\"@type\":\"ListItem\",\"position\":2,\"name\":\"Kontakt\"}]},{\"@type\":\"WebSite\",\"@id\":\"https:\\\/\\\/www.marc-weiherhof.ch\\\/blog\\\/#website\",\"url\":\"https:\\\/\\\/www.marc-weiherhof.ch\\\/blog\\\/\",\"name\":\"Marc Weiherhof MM Romance Autor\",\"description\":\"Homo-Romane, schwule Literatur, queer, schwul, Autor, Gay-Genre, Marc Weiherhof, Homo-B\u00fccher, Gay Romance, Autor, MM Romance\",\"publisher\":{\"@id\":\"https:\\\/\\\/www.marc-weiherhof.ch\\\/blog\\\/#organization\"},\"potentialAction\":[{\"@type\":\"SearchAction\",\"target\":{\"@type\":\"EntryPoint\",\"urlTemplate\":\"https:\\\/\\\/www.marc-weiherhof.ch\\\/blog\\\/?s={search_term_string}\"},\"query-input\":{\"@type\":\"PropertyValueSpecification\",\"valueRequired\":true,\"valueName\":\"search_term_string\"}}],\"inLanguage\":\"de\"},{\"@type\":\"Organization\",\"@id\":\"https:\\\/\\\/www.marc-weiherhof.ch\\\/blog\\\/#organization\",\"name\":\"Marc Weiherhof\",\"url\":\"https:\\\/\\\/www.marc-weiherhof.ch\\\/blog\\\/\",\"logo\":{\"@type\":\"ImageObject\",\"inLanguage\":\"de\",\"@id\":\"https:\\\/\\\/www.marc-weiherhof.ch\\\/blog\\\/#\\\/schema\\\/logo\\\/image\\\/\",\"url\":\"https:\\\/\\\/www.marc-weiherhof.ch\\\/blog\\\/wp-content\\\/uploads\\\/MW-Logo-unten.svg\",\"contentUrl\":\"https:\\\/\\\/www.marc-weiherhof.ch\\\/blog\\\/wp-content\\\/uploads\\\/MW-Logo-unten.svg\",\"width\":1,\"height\":1,\"caption\":\"Marc Weiherhof\"},\"image\":{\"@id\":\"https:\\\/\\\/www.marc-weiherhof.ch\\\/blog\\\/#\\\/schema\\\/logo\\\/image\\\/\"},\"sameAs\":[\"http:\\\/\\\/www.facebook.com\\\/marc.weiherhof\",\"https:\\\/\\\/www.instagram.com\\\/marcweiherhofautor\\\/\"]}]}<\/script>\n<!-- \/ Yoast SEO plugin. -->","yoast_head_json":{"title":"Kontakt zu Marc Weiherhof - Autor schwuler Literatur","description":"Marc Weiherhof - Autor von schwuler Literatur: Kontakt-M\u00f6glichkeiten: E-Mail, Social Media & Kontaktformular. Ich beisse nicht! ;-)","robots":{"index":"index","follow":"follow","max-snippet":"max-snippet:-1","max-image-preview":"max-image-preview:large","max-video-preview":"max-video-preview:-1"},"canonical":"https:\/\/www.marc-weiherhof.ch\/blog\/kontakt\/","og_locale":"de_DE","og_type":"article","og_title":"Kontakt zu Marc Weiherhof - Autor schwuler Literatur","og_description":"Marc Weiherhof - Autor von schwuler Literatur: Kontakt-M\u00f6glichkeiten: E-Mail, Social Media & Kontaktformular. Ich beisse nicht! ;-)","og_url":"https:\/\/www.marc-weiherhof.ch\/blog\/kontakt\/","og_site_name":"Marc Weiherhof Autor","article_publisher":"http:\/\/www.facebook.com\/marc.weiherhof","article_modified_time":"2026-02-04T05:23:56+00:00","twitter_misc":{"Gesch\u00e4tzte Lesezeit":"1\u00a0Minute"},"schema":{"@context":"https:\/\/schema.org","@graph":[{"@type":"WebPage","@id":"https:\/\/www.marc-weiherhof.ch\/blog\/kontakt\/","url":"https:\/\/www.marc-weiherhof.ch\/blog\/kontakt\/","name":"Kontakt zu Marc Weiherhof - Autor schwuler Literatur","isPartOf":{"@id":"https:\/\/www.marc-weiherhof.ch\/blog\/#website"},"datePublished":"2015-01-10T14:06:53+00:00","dateModified":"2026-02-04T05:23:56+00:00","description":"Marc Weiherhof - Autor von schwuler Literatur: Kontakt-M\u00f6glichkeiten: E-Mail, Social Media & Kontaktformular. Ich beisse nicht! ;-)","breadcrumb":{"@id":"https:\/\/www.marc-weiherhof.ch\/blog\/kontakt\/#breadcrumb"},"inLanguage":"de","potentialAction":[{"@type":"ReadAction","target":["https:\/\/www.marc-weiherhof.ch\/blog\/kontakt\/"]}]},{"@type":"BreadcrumbList","@id":"https:\/\/www.marc-weiherhof.ch\/blog\/kontakt\/#breadcrumb","itemListElement":[{"@type":"ListItem","position":1,"name":"Marc Weiherhofs Blog","item":"https:\/\/www.marc-weiherhof.ch\/blog\/"},{"@type":"ListItem","position":2,"name":"Kontakt"}]},{"@type":"WebSite","@id":"https:\/\/www.marc-weiherhof.ch\/blog\/#website","url":"https:\/\/www.marc-weiherhof.ch\/blog\/","name":"Marc Weiherhof MM Romance Autor","description":"Homo-Romane, schwule Literatur, queer, schwul, Autor, Gay-Genre, Marc Weiherhof, Homo-B\u00fccher, Gay Romance, Autor, MM Romance","publisher":{"@id":"https:\/\/www.marc-weiherhof.ch\/blog\/#organization"},"potentialAction":[{"@type":"SearchAction","target":{"@type":"EntryPoint","urlTemplate":"https:\/\/www.marc-weiherhof.ch\/blog\/?s={search_term_string}"},"query-input":{"@type":"PropertyValueSpecification","valueRequired":true,"valueName":"search_term_string"}}],"inLanguage":"de"},{"@type":"Organization","@id":"https:\/\/www.marc-weiherhof.ch\/blog\/#organization","name":"Marc Weiherhof","url":"https:\/\/www.marc-weiherhof.ch\/blog\/","logo":{"@type":"ImageObject","inLanguage":"de","@id":"https:\/\/www.marc-weiherhof.ch\/blog\/#\/schema\/logo\/image\/","url":"https:\/\/www.marc-weiherhof.ch\/blog\/wp-content\/uploads\/MW-Logo-unten.svg","contentUrl":"https:\/\/www.marc-weiherhof.ch\/blog\/wp-content\/uploads\/MW-Logo-unten.svg","width":1,"height":1,"caption":"Marc Weiherhof"},"image":{"@id":"https:\/\/www.marc-weiherhof.ch\/blog\/#\/schema\/logo\/image\/"},"sameAs":["http:\/\/www.facebook.com\/marc.weiherhof","https:\/\/www.instagram.com\/marcweiherhofautor\/"]}]}},"_links":{"self":[{"href":"https:\/\/www.marc-weiherhof.ch\/blog\/wp-json\/wp\/v2\/pages\/972","targetHints":{"allow":["GET"]}}],"collection":[{"href":"https:\/\/www.marc-weiherhof.ch\/blog\/wp-json\/wp\/v2\/pages"}],"about":[{"href":"https:\/\/www.marc-weiherhof.ch\/blog\/wp-json\/wp\/v2\/types\/page"}],"author":[{"embeddable":true,"href":"https:\/\/www.marc-weiherhof.ch\/blog\/wp-json\/wp\/v2\/users\/3"}],"replies":[{"embeddable":true,"href":"https:\/\/www.marc-weiherhof.ch\/blog\/wp-json\/wp\/v2\/comments?post=972"}],"version-history":[{"count":0,"href":"https:\/\/www.marc-weiherhof.ch\/blog\/wp-json\/wp\/v2\/pages\/972\/revisions"}],"wp:attachment":[{"href":"https:\/\/www.marc-weiherhof.ch\/blog\/wp-json\/wp\/v2\/media?parent=972"}],"curies":[{"name":"wp","href":"https:\/\/api.w.org\/{rel}","templated":true}]}}